{"id":12490,"date":"2020-03-23T13:17:49","date_gmt":"2020-03-23T12:17:49","guid":{"rendered":"https:\/\/www.irouicome.com\/blog\/?page_id=12490"},"modified":"2020-03-23T13:37:11","modified_gmt":"2020-03-23T12:37:11","slug":"evol-2","status":"publish","type":"page","link":"https:\/\/www.irouicome.com\/blog\/es\/pais-catalan\/los-lugares-a-descubrir-cataluna\/francia\/evol-2\/","title":{"rendered":"Evol"},"content":{"rendered":"<p>[vc_row][vc_column][vc_empty_space height=\u00a0\u00bb50&Prime;][\/vc_column][\/vc_row][vc_row][vc_column][vc_separator][\/vc_column][\/vc_row][vc_row class=\u00a0\u00bbrow-flex\u00a0\u00bb][vc_column width=\u00a0\u00bb5\/12&Prime;][vc_single_image image=\u00a0\u00bb16595&Prime; img_size=\u00a0\u00bbfull\u00a0\u00bb alignment=\u00a0\u00bbcenter\u00a0\u00bb][\/vc_column][vc_column width=\u00a0\u00bb7\/12&Prime;][vc_row_inner][vc_column_inner width=\u00a0\u00bb2\/3&Prime;][vc_column_text]<strong>Nombre<\/strong> : \u00c9vol (\u00c8vol en catal\u00e1n)<br \/>\n<strong>Actividades\u00a0<\/strong>: Turismo, cultura y tradiciones catalanas<br \/>\n<strong>Especialidades<\/strong> : Casas de pizarra con horno de pan al aire libre<br \/>\n<strong>Un poco m\u00e1s<\/strong>\u00a0: Sello de Calidad Ciudad m\u00e1s Bella de Francia<br \/>\n<strong>Localidad<\/strong> : Ciudad adjunta al municipio de Olette, Departamento de los Pirineos Orientales, regi\u00f3n de Occitania (Catalu\u00f1a Norte)[\/vc_column_text][\/vc_column_inner][vc_column_inner width=\u00a0\u00bb1\/3&Prime;][vc_column_text]<\/p>\n<p>&nbsp;<\/p>\n<p>[\/vc_column_text][vc_single_image image=\u00a0\u00bb15864&Prime; img_size=\u00a0\u00bbfull\u00a0\u00bb alignment=\u00a0\u00bbcenter\u00a0\u00bb][\/vc_column_inner][\/vc_row_inner][\/vc_column][\/vc_row][vc_row][vc_column][vc_separator][\/vc_column][\/vc_row][vc_row][vc_column][vc_empty_space height=\u00a0\u00bb20&Prime;][\/vc_column][\/vc_row][vc_row class=\u00a0\u00bbrow-flex\u00a0\u00bb][vc_column][vc_column_text]<\/p>\n<h2>\u00bf D\u00f3nde est\u00e1 Evol ?<\/h2>\n<p>[\/vc_column_text][\/vc_column][\/vc_row][vc_row class=\u00a0\u00bbrow-flex\u00a0\u00bb][vc_column][vc_column_text]<\/p>\n<h3>Evol<\/h3>\n<p>[\/vc_column_text][\/vc_column][\/vc_row][vc_row class=\u00a0\u00bbrow-flex\u00a0\u00bb][vc_column][vc_column_text]Entre los pueblos encaramados de los Pirineos Orientales, uno de ellos es uno de los pueblos m\u00e1s bellos de Francia.[\/vc_column_text][\/vc_column][\/vc_row][vc_row class=\u00a0\u00bbrow-flex\u00a0\u00bb][vc_column][vc_single_image image=\u00a0\u00bb24560&Prime; img_size=\u00a0\u00bbfull\u00a0\u00bb alignment=\u00a0\u00bbcenter\u00a0\u00bb][\/vc_column][\/vc_row][vc_row class=\u00a0\u00bbrow-flex\u00a0\u00bb][vc_column][vc_column_text]En el Conflent, a la entrada de los Pirineos catalanes, Evol es un peque\u00f1o pueblo pintoresco encantador. Sus viejas piedras, sus calles empinadas, el horno de pan\u00a0t\u00edpico que sobresale de las paredes de las casas&#8230; todas estas caracter\u00edsticas hacen de Evol un peque\u00f1o pueblo lleno de encanto.[\/vc_column_text][\/vc_column][\/vc_row][vc_row class=\u00a0\u00bbrow-flex\u00a0\u00bb][vc_column][vc_single_image image=\u00a0\u00bb16601&Prime; img_size=\u00a0\u00bbfull\u00a0\u00bb alignment=\u00a0\u00bbcenter\u00a0\u00bb][\/vc_column][\/vc_row][vc_row class=\u00a0\u00bbrow-flex\u00a0\u00bb][vc_column][vc_column_text]Descubramos esta aldea medieval encaramada en su acantilado. Una buc\u00f3lica parada para un dulce momento suspendido en el tiempo.[\/vc_column_text][\/vc_column][\/vc_row][vc_row class=\u00a0\u00bbrow-flex\u00a0\u00bb][vc_column][vc_single_image image=\u00a0\u00bb24566&Prime; img_size=\u00a0\u00bbmedium\u00a0\u00bb alignment=\u00a0\u00bbcenter\u00a0\u00bb][\/vc_column][\/vc_row][vc_row][vc_column][vc_separator][\/vc_column][\/vc_row][vc_row][vc_column width=\u00a0\u00bb2\/3&Prime;][vc_gmaps link=\u00a0\u00bb#E-8_JTNDaWZyYW1lJTIwc3JjJTNEJTIyaHR0cHMlM0ElMkYlMkZ3d3cuZ29vZ2xlLmNvbSUyRm1hcHMlMkZlbWJlZCUzRnBiJTNEJTIxMW0xOCUyMTFtMTIlMjExbTMlMjExZDExNzUzLjQ0Mjc2OTU3NTMzOCUyMTJkMi4yNDU2MTAyMzU5NTE5NzYlMjEzZDQyLjU2ODg2NjExNjc3MjcxJTIxMm0zJTIxMWYwJTIxMmYwJTIxM2YwJTIxM20yJTIxMWkxMDI0JTIxMmk3NjglMjE0ZjEzLjElMjEzbTMlMjExbTIlMjExczB4MTJhZmY2Zjg3MjIzZDAzOSUyNTNBMHhhMDc4ODIzYWFkMWNkZTAlMjEyc0V2b2wlMjUyQyUyQjY2MzYwJTJCT2xldHRlJTIxNWUwJTIxM20yJTIxMXNmciUyMTJzZnIlMjE0djE1NTk3Njg2ODAxNDAlMjE1bTIlMjExc2ZyJTIxMnNmciUyMiUyMHdpZHRoJTNEJTIyNjAwJTIyJTIwaGVpZ2h0JTNEJTIyNDUwJTIyJTIwZnJhbWVib3JkZXIlM0QlMjIwJTIyJTIwc3R5bGUlM0QlMjJib3JkZXIlM0EwJTIyJTIwYWxsb3dmdWxsc2NyZWVuJTNFJTNDJTJGaWZyYW1lJTNF\u00a0\u00bb size=\u00a0\u00bb300&Prime;][\/vc_column][vc_column width=\u00a0\u00bb1\/3&Prime;][vc_column_text]<span class=\"wpc-highlight\"><div id=\"wpc-weather-id-12487\" class=\"wpc-weather-id\" data-id=\"12487\" data-post-id=\"12490\" data-map=\"\" data-detect-geolocation=\"\" data-manual-geolocation=\"\" data-wpc-lat=\"\" data-wpc-lon=\"\" data-wpc-city-id=\"\" data-wpc-city-name=\"\" data-custom-font=\"\"><\/div><\/span>[\/vc_column_text][\/vc_column][\/vc_row][vc_row][vc_column][vc_separator][\/vc_column][\/vc_row][vc_row][vc_column][vc_empty_space height=\u00a0\u00bb20px\u00a0\u00bb][\/vc_column][\/vc_row][vc_row][vc_column][vc_column_text]<\/p>\n<h3>\u00a1 Prepara buenos zapatos para caminar por sus callejones !<\/h3>\n<p>[\/vc_column_text][\/vc_column][\/vc_row][vc_row][vc_column][vc_column_text]Construido en un pico rocoso, Evol tiene vistas a un peque\u00f1o r\u00edo (la ribera de Evol). Hace m\u00e1s de 10 siglos que el nombre de este peque\u00f1o pueblo apareci\u00f3 y resuena en la historia catalana.[\/vc_column_text][\/vc_column][\/vc_row][vc_row][vc_column][vc_single_image image=\u00a0\u00bb16585&Prime; img_size=\u00a0\u00bbfull\u00a0\u00bb alignment=\u00a0\u00bbcenter\u00a0\u00bb][\/vc_column][\/vc_row][vc_row][vc_column][vc_column_text]De su castillo del siglo XIII, s\u00f3lo queda en pie una torre y las ruinas de lo que fue la fortaleza. Este sitio siempre ha destacado sobre el pueblo.[\/vc_column_text][\/vc_column][\/vc_row][vc_row][vc_column][vc_column_text]Adem\u00e1s de este tesoro hist\u00f3rico, Evol tambi\u00e9n alberga un campanario rom\u00e1nico apoyado en una iglesia, la iglesia de St. Andr\u00e9. Construido en el siglo XI y remodelado con el paso del tiempo, contiene muchos objetos que dan testimonio de la riqueza art\u00edstica que lo decor\u00f3 en siglos pasados. La cruz, el c\u00e1liz, el tabern\u00e1culo componen este bot\u00edn recogido a lo largo tiempo, que, al igual que la iglesia y el castillo, est\u00e1n clasificados como monumentos hist\u00f3ricos.[\/vc_column_text][\/vc_column][\/vc_row][vc_row][vc_column][vc_single_image image=\u00a0\u00bb16595&Prime; img_size=\u00a0\u00bbfull\u00a0\u00bb alignment=\u00a0\u00bbcenter\u00a0\u00bb][\/vc_column][\/vc_row][vc_row][vc_column][vc_column_text]Una de sus caracter\u00edsticas especiales es el <em>\u00ab\u00a0conjurador\u00a0\u00bb<\/em>, cuyos arcos est\u00e1n frente a la iglesia. Esta construcci\u00f3n se us\u00f3 para evitar la mala suerte y las maldiciones. En efecto, \u00a1 el valle de Evol era famoso por el gran n\u00famero de brujas que lo poblaban ! Tan pronto como una violenta tormenta o fuertes lluvias ca\u00edan sobre la regi\u00f3n, el sacerdote iba al \u00ab\u00a0conjurador\u00a0\u00bb para anular la maldici\u00f3n.[\/vc_column_text][\/vc_column][\/vc_row][vc_row][vc_column][vc_single_image image=\u00a0\u00bb24554&Prime; img_size=\u00a0\u00bbfull\u00a0\u00bb alignment=\u00a0\u00bbcenter\u00a0\u00bb][\/vc_column][\/vc_row][vc_row][vc_column][vc_column_text]A los pies del castillo, se encuentra tambi\u00e9n la capilla de Saint Etienne, que data del siglo XIV. Da\u00f1ada por el paso del tiempo, fue reconstruida en el siglo XVIII.[\/vc_column_text][\/vc_column][\/vc_row][vc_row][vc_column][vc_single_image image=\u00a0\u00bb24557&Prime; img_size=\u00a0\u00bbfull\u00a0\u00bb alignment=\u00a0\u00bbcenter\u00a0\u00bb][\/vc_column][\/vc_row][vc_row][vc_column][vc_column_text]No te pierdas el <strong>gabinete literario de Ludovic Mass\u00e9<\/strong>. Este escritor catal\u00e1n ha incluido a menudo a Evol en sus historias. Lo us\u00f3 como fuente de inspiraci\u00f3n y puso en \u00e9l la acci\u00f3n de algunas de sus novelas. El ni\u00f1o m\u00e1s conocido del pa\u00eds dio sus cartas de nobleza a esta peque\u00f1a ciudad catalana.[\/vc_column_text][\/vc_column][\/vc_row][vc_row][vc_column][vc_column_text]M\u00e1s all\u00e1 del arte religioso, el <strong>Museo de Artes y Tradiciones Populares<\/strong>\u00a0espera a los visitantes para ayudarles a descubrir la evoluci\u00f3n y conservaci\u00f3n de las tradiciones locales. En esta regi\u00f3n de pastoreo, las costumbres desempe\u00f1aban un papel importante en la cohesi\u00f3n social y la vida en sociedad. Los inviernos eran largos y duros, favoreciendo el aislamiento. Por lo tanto, es comprensible hasta qu\u00e9 punto los festivales y las costumbres hicieron posible disfrutar de la vida una vez que el invierno termin\u00f3. Esta es una excelente manera de aprender m\u00e1s sobre la evoluci\u00f3n de las costumbres y el origen de las tradiciones catalanas modernas.[\/vc_column_text][\/vc_column][\/vc_row][vc_row][vc_column][vc_column_text]M\u00e1s all\u00e1 de simplemente vagar por las calles de un pueblo medieval m\u00e1s, prep\u00e1rate para descubrir un verdadero escaparate de la cultura catalana pura. Adem\u00e1s de las viejas piedras de este hermoso pueblo, descubrir\u00e1s en \u00c9vol una parte real de la identidad y la cultura que nutri\u00f3 y acun\u00f3 a los habitantes de la regi\u00f3n.[\/vc_column_text][\/vc_column][\/vc_row][vc_row][vc_column][vc_single_image image=\u00a0\u00bb24563&Prime; img_size=\u00a0\u00bbfull\u00a0\u00bb alignment=\u00a0\u00bbcenter\u00a0\u00bb][\/vc_column][\/vc_row][vc_row][vc_column][vc_column_text]<\/p>\n<p style=\"text-align: center;\"><strong>\u00a1 Buenos descubrimientos y hermosa visita a todos !<\/strong><\/p>\n<p>[\/vc_column_text][\/vc_column][\/vc_row]<\/p>\n","protected":false},"excerpt":{"rendered":"[vc_row][vc_column][vc_empty_space height=\"50\"][\/vc_column][\/vc_row][vc_row][vc_column][vc_separator][\/vc_column][\/vc_row][vc_row class=\"row-flex\"][vc_column width=\"5\/12\"][vc_single_image image=\"16595\" img_size=\"full\" alignment=\"center\"][\/vc_column][vc_column width=\"7\/12\"][vc_row_inner][vc_column_inner width=\"2\/3\"][vc_column_text]Nombre : \u00c9vol (\u00c8vol en catal\u00e1n) Actividades\u00a0: Turismo, cultura y tradiciones catalanas&hellip;","protected":false},"author":11,"featured_media":16592,"parent":4388,"menu_order":0,"comment_status":"closed","ping_status":"closed","template":"","meta":[],"_links":{"self":[{"href":"https:\/\/www.irouicome.com\/blog\/wp-json\/wp\/v2\/pages\/12490"}],"collection":[{"href":"https:\/\/www.irouicome.com\/blog\/wp-json\/wp\/v2\/pages"}],"about":[{"href":"https:\/\/www.irouicome.com\/blog\/wp-json\/wp\/v2\/types\/page"}],"author":[{"embeddable":true,"href":"https:\/\/www.irouicome.com\/blog\/wp-json\/wp\/v2\/users\/11"}],"replies":[{"embeddable":true,"href":"https:\/\/www.irouicome.com\/blog\/wp-json\/wp\/v2\/comments?post=12490"}],"version-history":[{"count":3,"href":"https:\/\/www.irouicome.com\/blog\/wp-json\/wp\/v2\/pages\/12490\/revisions"}],"predecessor-version":[{"id":24850,"href":"https:\/\/www.irouicome.com\/blog\/wp-json\/wp\/v2\/pages\/12490\/revisions\/24850"}],"up":[{"embeddable":true,"href":"https:\/\/www.irouicome.com\/blog\/wp-json\/wp\/v2\/pages\/4388"}],"wp:featuredmedia":[{"embeddable":true,"href":"https:\/\/www.irouicome.com\/blog\/wp-json\/wp\/v2\/media\/16592"}],"wp:attachment":[{"href":"https:\/\/www.irouicome.com\/blog\/wp-json\/wp\/v2\/media?parent=12490"}],"curies":[{"name":"wp","href":"https:\/\/api.w.org\/{rel}","templated":true}]}}