{"id":13462,"date":"2020-03-17T15:40:29","date_gmt":"2020-03-17T14:40:29","guid":{"rendered":"https:\/\/www.irouicome.com\/blog\/?page_id=13462"},"modified":"2020-03-17T16:08:34","modified_gmt":"2020-03-17T15:08:34","slug":"amelie-les-bains-2","status":"publish","type":"page","link":"https:\/\/www.irouicome.com\/blog\/es\/pais-catalan\/los-lugares-a-descubrir-cataluna\/francia\/amelie-les-bains-2\/","title":{"rendered":"Am\u00e9lie-les-bains"},"content":{"rendered":"<p>[vc_row][vc_column][vc_separator][\/vc_column][\/vc_row][vc_row][vc_column][vc_empty_space height=\u00a0\u00bb20&Prime;][\/vc_column][\/vc_row][vc_row class=\u00a0\u00bbrow-flex\u00a0\u00bb][vc_column width=\u00a0\u00bb5\/12&Prime;][vc_single_image image=\u00a0\u00bb16522&Prime; img_size=\u00a0\u00bbfull\u00a0\u00bb alignment=\u00a0\u00bbcenter\u00a0\u00bb][\/vc_column][vc_column width=\u00a0\u00bb7\/12&Prime;][vc_row_inner][vc_column_inner width=\u00a0\u00bb2\/3&Prime;][vc_column_text]<strong>Nombre<\/strong> : Am\u00e9lie-les-Bains Palalda (Els Banys d&rsquo;Arles i Palald\u00e0 en catal\u00e1n)<br \/>\n<strong>Actividades\u00a0<\/strong>: Balneario especializado en reumatolog\u00eda y cuidado de las v\u00edas respiratorias<br \/>\n<strong>Especialidades\u00a0<\/strong>: L&rsquo;ouillade y cargolade<br \/>\n<strong>Un poco m\u00e1s<\/strong>\u00a0: Rico patrimonio hist\u00f3rico<br \/>\n<strong>Ubicaci\u00f3n\u00a0<\/strong>: Vallespir, Departamento de los Pirineos Orientales, regi\u00f3n de Occitania[\/vc_column_text][\/vc_column_inner][vc_column_inner width=\u00a0\u00bb1\/3&Prime;][vc_column_text]<\/p>\n<p>&nbsp;<\/p>\n<p>[\/vc_column_text][vc_single_image image=\u00a0\u00bb15853&Prime; img_size=\u00a0\u00bbfull\u00a0\u00bb alignment=\u00a0\u00bbcenter\u00a0\u00bb][\/vc_column_inner][\/vc_row_inner][\/vc_column][\/vc_row][vc_row][vc_column][vc_separator][\/vc_column][\/vc_row][vc_row class=\u00a0\u00bbrow-flex\u00a0\u00bb][vc_column][vc_column_text]<\/p>\n<h2>\u00bf D\u00f3nde est\u00e1 Am\u00e9lie-les-bains ?<\/h2>\n<p>[\/vc_column_text][\/vc_column][\/vc_row][vc_row class=\u00a0\u00bbrow-flex\u00a0\u00bb][vc_column][vc_column_text]Perteneciente al cant\u00f3n de <a href=\"https:\/\/www.irouicome.com\/blog\/pays-catalan\/lieux-a-decouvrir\/france\/le-canigou\/\" target=\"_blank\" rel=\"noopener\"><strong><u>Canigou<\/u><\/strong><\/a> y al municipio de <a href=\"https:\/\/www.irouicome.com\/blog\/pays-catalan\/lieux-a-decouvrir\/france\/ceret\/\" target=\"_blank\" rel=\"noopener\"><strong><u>C\u00e9ret<\/u><\/strong><\/a>, situado solamente a pocos kil\u00f3metros, Am\u00e9lie-les-Bains es un pueblo atravesado por el Tech, al pie de los Pirineos catalanes, entre Prats-de-Mollo-la-Preste y Le Boulou.[\/vc_column_text][\/vc_column][\/vc_row][vc_row class=\u00a0\u00bbrow-flex\u00a0\u00bb][vc_column][vc_column_text]Anteriormente llamado Els Banys d&rsquo;Arles (Los Ba\u00f1os de Arles), no fue hasta 1942 que se le dio su nombre actual. La comuna de Am\u00e9lie-les-Bains incluye en realidad 3 peque\u00f1os pueblos, como suele ser el caso en las monta\u00f1as: Palalda, Am\u00e9lie-les-Bains y Montalba-d&rsquo;Am\u00e9lie.[\/vc_column_text][\/vc_column][\/vc_row][vc_row class=\u00a0\u00bbrow-flex\u00a0\u00bb][vc_column][vc_column_text]Muy pr\u00f3xima a la frontera espa\u00f1ola, muchos son los que vienen a beneficiarse de un saludable tratamiento termal en lo cual Am\u00e9lie-les-Bains est\u00e1 especializado.[\/vc_column_text][\/vc_column][\/vc_row][vc_row class=\u00a0\u00bbrow-flex\u00a0\u00bb][vc_column][vc_single_image image=\u00a0\u00bb16525&Prime; img_size=\u00a0\u00bbfull\u00a0\u00bb alignment=\u00a0\u00bbcenter\u00a0\u00bb][\/vc_column][\/vc_row][vc_row][vc_column][vc_column_text]<\/p>\n<h2>El patrimonio de Am\u00e9lie-les-Bains<\/h2>\n<p>[\/vc_column_text][\/vc_column][\/vc_row][vc_row][vc_column][vc_column_text]M\u00e1s all\u00e1 de sus termas, este municipio tiene m\u00e1s de un monumento que muestra su pasado hist\u00f3rico y la importancia que ha representado este punto estrat\u00e9gico. Dados los conflictos y conquistas que han marcado esta parte de las tierras catalanas, Am\u00e9lie-les-Bains ha representado durante mucho tiempo un inter\u00e9s territorial tanto para <span style=\"font-weight: 400;\"><strong><a href=\"https:\/\/www.irouicome.com\/blog\/pays-catalan\/lieux-a-decouvrir\/france\/\" target=\"_blank\" rel=\"noopener\">Francia<\/a>\u00a0<\/strong><\/span>como para <span style=\"font-weight: 400;\"><a href=\"https:\/\/www.irouicome.com\/blog\/pays-catalan\/lieux-a-decouvrir\/espagne\/\" target=\"_blank\" rel=\"noopener\"><strong>Espa\u00f1a<\/strong><\/a><\/span>. Esta es una de las razones que explica la antig\u00fcedad de la implantaci\u00f3n del municipio.[\/vc_column_text][\/vc_column][\/vc_row][vc_row][vc_column][vc_empty_space height=\u00a0\u00bb20&Prime;][\/vc_column][\/vc_row][vc_row][vc_column][vc_separator][\/vc_column][\/vc_row][vc_row][vc_column width=\u00a0\u00bb2\/3&Prime;][vc_gmaps link=\u00a0\u00bb#E-8_JTNDaWZyYW1lJTIwc3JjJTNEJTIyaHR0cHMlM0ElMkYlMkZ3d3cuZ29vZ2xlLmNvbSUyRm1hcHMlMkZlbWJlZCUzRnBiJTNEJTIxMW0xOCUyMTFtMTIlMjExbTMlMjExZDQ3MTAyLjYzMDkzMDU5MzAzJTIxMmQyLjY1MTk0NzA3MTc2MTklMjEzZDQyLjQ1MDgzNjY3MDE2MzUyNSUyMTJtMyUyMTFmMCUyMTJmMCUyMTNmMCUyMTNtMiUyMTFpMTAyNCUyMTJpNzY4JTIxNGYxMy4xJTIxM20zJTIxMW0yJTIxMXMweDEyYmFhNmE1MzUwNWQ1NTUlMjUzQTB4NDA3ODgyMTE2Njc2ZmUwJTIxMnM2NjExMCUyQkFtJTI1QzMlMjVBOWxpZS1sZXMtQmFpbnMtUGFsYWxkYSUyMTVlMCUyMTNtMiUyMTFzZnIlMjEyc2ZyJTIxNHYxNTYxNjQ0ODUwMzQ1JTIxNW0yJTIxMXNmciUyMTJzZnIlMjIlMjB3aWR0aCUzRCUyMjYwMCUyMiUyMGhlaWdodCUzRCUyMjQ1MCUyMiUyMGZyYW1lYm9yZGVyJTNEJTIyMCUyMiUyMHN0eWxlJTNEJTIyYm9yZGVyJTNBMCUyMiUyMGFsbG93ZnVsbHNjcmVlbiUzRSUzQyUyRmlmcmFtZSUzRQ==\u00a0\u00bb size=\u00a0\u00bb300&Prime;][\/vc_column][vc_column width=\u00a0\u00bb1\/3&Prime;][vc_column_text]<div id=\"wpc-weather-id-13466\" class=\"wpc-weather-id\" data-id=\"13466\" data-post-id=\"13462\" data-map=\"\" data-detect-geolocation=\"\" data-manual-geolocation=\"\" data-wpc-lat=\"\" data-wpc-lon=\"\" data-wpc-city-id=\"\" data-wpc-city-name=\"\" data-custom-font=\"\"><\/div>[\/vc_column_text][\/vc_column][\/vc_row][vc_row][vc_column][vc_separator][\/vc_column][\/vc_row][vc_row][vc_column][vc_empty_space height=\u00a0\u00bb20&Prime;][\/vc_column][\/vc_row][vc_row][vc_column][vc_column_text]<\/p>\n<h2>La iglesia San Quent\u00edn<\/h2>\n<p>[\/vc_column_text][\/vc_column][\/vc_row][vc_row][vc_column][vc_column_text]Ya en el siglo IX, la iglesia de San Quent\u00edn aparece en escritos que mencionan su establecimiento. Sin embargo, la iglesia hom\u00f3nima que se encuentra hoy en la comuna nada tiene que ver con la original. Despu\u00e9s de haber sido utilizada, ampliada, redise\u00f1ada y protegida durante mucho tiempo, fue destruida en los a\u00f1os 30 para dar paso a un complejo capaz de acoger a los ba\u00f1istas y visitantes que ven\u00edan a pasar un tiempo en Am\u00e9lie-les-Bains.[\/vc_column_text][\/vc_column][\/vc_row][vc_row][vc_column][vc_column_text]La actual iglesia de San Quent\u00edn data del siglo XIX. Es la iglesia parroquial del pueblo donde se prestan los servicios. Entre otras particularidades, contiene una escultura rom\u00e1nica de la Virgen Mar\u00eda que data del siglo XIII, que pertenec\u00eda al edificio original. San Quent\u00edn tambi\u00e9n tiene un carill\u00f3n con 7 campanas. Construido en estilo neog\u00f3tico, tambi\u00e9n contiene una obra legada por Napole\u00f3n 3, \u00ab\u00a0Jes\u00fas dando la vista a los ciegos\u00a0\u00bb.[\/vc_column_text][\/vc_column][\/vc_row][vc_row][vc_column][vc_column_text]Para los que aprecian el arte religioso, un desv\u00edo por esta bonita y peque\u00f1a iglesia deleitar\u00e1 al visitante.[\/vc_column_text][\/vc_column][\/vc_row][vc_row class=\u00a0\u00bbrow-flex\u00a0\u00bb][vc_column][vc_single_image image=\u00a0\u00bb16528&Prime; img_size=\u00a0\u00bbfull\u00a0\u00bb alignment=\u00a0\u00bbcenter\u00a0\u00bb][\/vc_column][\/vc_row][vc_row][vc_column][vc_column_text]<\/p>\n<h2>Fuerte les bains<\/h2>\n<p>[\/vc_column_text][\/vc_column][\/vc_row][vc_row][vc_column][vc_column_text]Este edificio es un fuerte Vauban que data del siglo XVII. Su prop\u00f3sito era proteger a la comuna contra los ataques externos. Equipada con murallas y torres de vigilancia, tambi\u00e9n sirvi\u00f3 como prisi\u00f3n en el siglo XVII, bajo Luis XIV, en la \u00e9poca de \u00ab<a href=\"https:\/\/www.irouicome.com\/blog\/affaire-poisons-salses-le-chateau-2019\/\" target=\"_blank\" rel=\"noopener\"><strong><u>\u00a0el asunto de los peces\u00a0<\/u><\/strong><\/a>\u00bb.[\/vc_column_text][\/vc_column][\/vc_row][vc_row][vc_column][vc_column_text]A principios del siglo XX, el edificio fue clasificado como monumento hist\u00f3rico. Fue en ese momento que se convirti\u00f3 en una propiedad privada despu\u00e9s de ser comprada por la familia Marc. La ocuparon durante un tiempo para convertirla en su residencia principal, al ser el clima de la regi\u00f3n propicio para mejorar la salud de la esposa del Sr. Marc.[\/vc_column_text][\/vc_column][\/vc_row][vc_row][vc_column][vc_column_text]Tras la muerte de la pareja, el complejo fue vendido y transformado en un campamento de verano por la \u00ab\u00a0Sociedad de enfermos del pulm\u00f3n\u00a0\u00bb y sus familias que vinieron a disfrutar de las condiciones clim\u00e1ticas y del entorno, situado en plena naturaleza.[\/vc_column_text][\/vc_column][\/vc_row][vc_row][vc_column][vc_column_text]Hoy en d\u00eda, pertenece a la cadena termal del sol, que ha emprendido trabajos para rehabilitar todo el edificio y acoger a los ba\u00f1istas.[\/vc_column_text][\/vc_column][\/vc_row][vc_row][vc_column][vc_media_grid element_width=\u00a0\u00bb6&Prime; gap=\u00a0\u00bb10&Prime; grid_id=\u00a0\u00bbvc_gid:1584457531858-0cd72e0a-3c9b-10&Prime; include=\u00a0\u00bb24475,16537&Prime;][\/vc_column][\/vc_row][vc_row][vc_column][vc_empty_space height=\u00a0\u00bb20px\u00a0\u00bb][\/vc_column][\/vc_row][vc_row][vc_column][vc_separator][\/vc_column][\/vc_row][vc_row class=\u00a0\u00bbrow-flex\u00a0\u00bb][vc_column width=\u00a0\u00bb1\/6&Prime;][vc_single_image image=\u00a0\u00bb1755&Prime; img_size=\u00a0\u00bbfull\u00a0\u00bb alignment=\u00a0\u00bbcenter\u00a0\u00bb][\/vc_column][vc_column width=\u00a0\u00bb5\/6&Prime; css=\u00a0\u00bb.vc_custom_1510053487436{border-left-width: 2px !important;padding-top: 0px !important;border-left-color: #e07e1d !important;border-left-style: solid !important;}\u00a0\u00bb][vc_column_text]<strong>\u00bf Sab\u00edas que ? <\/strong><\/p>\n<p><em>Debido a que el monumento estaba clasificado como \u00ab\u00a0monumento hist\u00f3rico\u00a0\u00bb, a la pareja se le prohibi\u00f3 realizar cualquier trabajo que alterara el estilo del edificio. Sin embargo, la Sra. Marc, una pintora, hizo instalar un techo de vidrio para iluminar su estudio. Consigui\u00f3 la autorizaci\u00f3n para la obra gracias a la procedencia del techo de cristal: \u00a1 proven\u00eda de la casa de Victor Hugo ! Fue por el inter\u00e9s hist\u00f3rico de esta habitaci\u00f3n que pudo hacer modificar una pared de la imponente construcci\u00f3n.<\/em>[\/vc_column_text][\/vc_column][\/vc_row][vc_row][vc_column][vc_separator][\/vc_column][\/vc_row][vc_row][vc_column][vc_empty_space height=\u00a0\u00bb20px\u00a0\u00bb][\/vc_column][\/vc_row][vc_row][vc_column][vc_column_text]<\/p>\n<h2>Las termas romanas de Am\u00e9lie-les-Bains<\/h2>\n<p>[\/vc_column_text][\/vc_column][\/vc_row][vc_row][vc_column][vc_column_text]Este establecimiento est\u00e1 enteramente dedicado a la recepci\u00f3n de los ba\u00f1istas. Situado en el lugar de los antiguos ba\u00f1os galo-romanos, alberga restos de m\u00e1s de 1000 a\u00f1os de antig\u00fcedad.[\/vc_column_text][\/vc_column][\/vc_row][vc_row][vc_column][vc_column_text]Los romanos fueron los primeros en utilizar las aguas termales que son tan famosas hoy en d\u00eda. Como si no fuera suficiente con ocupar un papel estrat\u00e9gico en t\u00e9rminos de posici\u00f3n en la regi\u00f3n catalana, Am\u00e9lie-les-bains es conocida desde hace mucho tiempo por los beneficios derivados de sus aguas c\u00e1lidas cargadas de minerales que brotan de las entra\u00f1as de la tierra.[\/vc_column_text][\/vc_column][\/vc_row][vc_row class=\u00a0\u00bbrow-flex\u00a0\u00bb][vc_column][vc_single_image image=\u00a0\u00bb16540&Prime; img_size=\u00a0\u00bbfull\u00a0\u00bb alignment=\u00a0\u00bbcenter\u00a0\u00bb][\/vc_column][\/vc_row][vc_row][vc_column][vc_column_text]<\/p>\n<h2>La iglesia San Mart\u00edn de Palalda<\/h2>\n<p>[\/vc_column_text][\/vc_column][\/vc_row][vc_row][vc_column][vc_column_text]Dado que el municipio abarca 3 peque\u00f1os pueblos, es imposible hablar de Am\u00e9lie-les-Bains sin mencionar la iglesia de San Mart\u00edn de Palalda.[\/vc_column_text][\/vc_column][\/vc_row][vc_row][vc_column][vc_column_text]Es una iglesia rom\u00e1nica cuyo origen se remonta a finales del siglo X. Est\u00e1 completamente rodeada por las construcciones posteriores de este peque\u00f1o pueblo medieval, pero su fachada occidental se puede ver desde la distancia. Reformada a lo largo de los siglos, su nave data del siglo XII, mientras que la parte oriental del edificio data del siglo XV.[\/vc_column_text][\/vc_column][\/vc_row][vc_row][vc_column][vc_column_text]Entre otras piezas notables, contiene un retablo del siglo XVII y una cruz procesional del siglo XVI. Encanta a los visitantes por su discreto encanto y las piezas antiguas que contiene.[\/vc_column_text][\/vc_column][\/vc_row][vc_row class=\u00a0\u00bbrow-flex\u00a0\u00bb][vc_column][vc_single_image image=\u00a0\u00bb15856&Prime; img_size=\u00a0\u00bbfull\u00a0\u00bb alignment=\u00a0\u00bbcenter\u00a0\u00bb][\/vc_column][\/vc_row][vc_row][vc_column][vc_column_text]<\/p>\n<h2>Iglesia Santa-Engracia de Am\u00e9lie-les-Bains<\/h2>\n<p>[\/vc_column_text][\/vc_column][\/vc_row][vc_row][vc_column][vc_column_text]Ligeramente alejada del centro del municipio, esta aislada iglesia rom\u00e1nica est\u00e1 construida en las Gargantas de Mondony.[\/vc_column_text][\/vc_column][\/vc_row][vc_row][vc_column][vc_column_text]Hoy en d\u00eda, s\u00f3lo se puede llegar a ella por senderos. Situada en medio de la naturaleza, al borde del bosque, no puede ser visitada, aunque ha sido completamente renovada recientemente.[\/vc_column_text][\/vc_column][\/vc_row][vc_row class=\u00a0\u00bbrow-flex\u00a0\u00bb][vc_column][vc_single_image image=\u00a0\u00bb16531&Prime; img_size=\u00a0\u00bbfull\u00a0\u00bb alignment=\u00a0\u00bbcenter\u00a0\u00bb][\/vc_column][\/vc_row][vc_row][vc_column][vc_column_text]<\/p>\n<h2>La iglesia Santa Mar\u00eda<\/h2>\n<p>[\/vc_column_text][\/vc_column][\/vc_row][vc_row][vc_column][vc_column_text]Como a menudo, una iglesia dedicada a la Virgen Mar\u00eda est\u00e1 presente en el pueblo. Esta \u00faltima data del siglo XVII y contiene un retablo tambi\u00e9n del siglo XVII, as\u00ed como una escultura de la Virgen y el Ni\u00f1o que data del siglo XIV.[\/vc_column_text][\/vc_column][\/vc_row][vc_row][vc_column][vc_column_text]<\/p>\n<h2>El museo del correo<\/h2>\n<p>[\/vc_column_text][\/vc_column][\/vc_row][vc_row][vc_column][vc_column_text]Es, ciertamente, una atracci\u00f3n hist\u00f3rica m\u00e1s moderna que el patrimonio arquitect\u00f3nico de la ciudad, pero no obstante es de verdadero inter\u00e9s para los curiosos.[\/vc_column_text][\/vc_column][\/vc_row][vc_row][vc_column][vc_column_text]Descubrir\u00e1s la historia de las telecomunicaciones en el <strong><u><a href=\"https:\/\/www.irouicome.com\/blog\/pays-catalan\/\" target=\"_blank\" rel=\"noopener\">Pa\u00eds Catalan<\/a>,<\/u><\/strong> pero tambi\u00e9n en Francia. Es en un entorno perfectamente adhesivo como lo era una antigua oficina de correos, donde se puede aprender c\u00f3mo se desarroll\u00f3 el transporte del correo y la informaci\u00f3n. Una exposici\u00f3n de fotos antiguas documenta el g\u00e9nesis y la fabricaci\u00f3n de sellos, acompa\u00f1ada de toda una colecci\u00f3n de objetos antiguos.[\/vc_column_text][\/vc_column][\/vc_row][vc_row class=\u00a0\u00bbrow-flex\u00a0\u00bb][vc_column][vc_single_image image=\u00a0\u00bb16543&Prime; img_size=\u00a0\u00bbfull\u00a0\u00bb alignment=\u00a0\u00bbcenter\u00a0\u00bb][\/vc_column][\/vc_row][vc_row][vc_column][vc_empty_space height=\u00a0\u00bb20px\u00a0\u00bb][vc_separator][\/vc_column][\/vc_row][vc_row class=\u00a0\u00bbrow-flex\u00a0\u00bb][vc_column width=\u00a0\u00bb1\/6&Prime;][vc_single_image image=\u00a0\u00bb1755&Prime; img_size=\u00a0\u00bbfull\u00a0\u00bb alignment=\u00a0\u00bbcenter\u00a0\u00bb][\/vc_column][vc_column width=\u00a0\u00bb5\/6&Prime; css=\u00a0\u00bb.vc_custom_1510053487436{border-left-width: 2px !important;padding-top: 0px !important;border-left-color: #e07e1d !important;border-left-style: solid !important;}\u00a0\u00bb][vc_column_text]<strong>\u00bf Sab\u00edas que ? <\/strong><\/p>\n<p><em>\u00a1El sello fue inventado por un catal\u00e1n, Etienne Arago!<\/em><\/p>\n<p><em>Adem\u00e1s de descubrir los objetos relacionados con la expedici\u00f3n y el transporte del correo, tambi\u00e9n se puede disfrutar de una exposici\u00f3n sobre el tema de las artes y tradiciones populares, en la que se presentan muchos objetos que han ca\u00eddo en desuso a lo largo del tiempo, as\u00ed como una exposici\u00f3n dedicada a las obras de Charles Rennie Mackintosh, un arquitecto brit\u00e1nico que vivi\u00f3 en Palalda y form\u00f3 parte del movimiento art\u00edstico Arts and Crafts.<\/em>[\/vc_column_text][\/vc_column][\/vc_row][vc_row][vc_column][vc_separator][\/vc_column][\/vc_row][vc_row class=\u00a0\u00bbrow-flex\u00a0\u00bb][vc_column][vc_single_image image=\u00a0\u00bb15860&Prime; img_size=\u00a0\u00bbmedium\u00a0\u00bb alignment=\u00a0\u00bbcenter\u00a0\u00bb][\/vc_column][\/vc_row][vc_row][vc_column][vc_empty_space height=\u00a0\u00bb20&Prime;][\/vc_column][\/vc_row][vc_row][vc_column][vc_column_text]<\/p>\n<h2>Los cementerios de Am\u00e9lie-les-Bains<\/h2>\n<p>[\/vc_column_text][\/vc_column][\/vc_row][vc_row][vc_column][vc_column_text]A priori, no hay nada agradable en visitar cementerios. Sin embargo, representan un rango muy amplio de poblaci\u00f3n, ignorando las clases sociales y las condiciones de cada una de las personas enterradas all\u00ed. Se dice que este conjunto representa un peque\u00f1o P\u00e8re Lachaise, dada la presencia de importantes figuras.[\/vc_column_text][\/vc_column][\/vc_row][vc_row][vc_column][vc_column_text]A todos los que visiten Am\u00e9lie-les-Bains, un desv\u00edo por estos cementerios les permitir\u00e1 apreciar sus riquezas.[\/vc_column_text][\/vc_column][\/vc_row][vc_row][vc_column][vc_empty_space height=\u00a0\u00bb20&Prime;][\/vc_column][\/vc_row][vc_row][vc_column][vc_column_text]<\/p>\n<h2>La regi\u00f3n de Am\u00e9lie-les-Bains<\/h2>\n<p>[\/vc_column_text][\/vc_column][\/vc_row][vc_row][vc_column][vc_column_text]La proximidad de la llanura de\u00a0<strong><a href=\"https:\/\/www.irouicome.com\/blog\/pays-catalan\/savoir-faire\/terre-viticole-catalane\/\" target=\"_blank\" rel=\"noopener\">Rosell\u00f3n<\/a>\u00a0<\/strong>y de ciudades como C\u00e9ret, por ejemplo, hacen de Am\u00e9lie-les-Bains un pueblo rico en diferentes influencias.[\/vc_column_text][\/vc_column][\/vc_row][vc_row][vc_column][vc_column_text]En invierno, el pueblo parece r\u00e1pidamente\u00a0 un pueblo de monta\u00f1a, mientras que en verano los puestos del mercado est\u00e1n llenos de frutas ba\u00f1adas por el sol. Las <strong><u><a href=\"https:\/\/www.irouicome.com\/blog\/pays-catalan\/savoir-faire\/pays-catalan\/la-cerise\/\" target=\"_blank\" rel=\"noopener\">cerezas<\/a>\u00a0<\/u><\/strong>de C\u00e9ret que crecen a pocos kil\u00f3metros de distancia vienen a colorear los puestos, as\u00ed como otros v\u00edveres de los huertos vecinos.[\/vc_column_text][\/vc_column][\/vc_row][vc_row][vc_column][vc_single_image image=\u00a0\u00bb3493&Prime; img_size=\u00a0\u00bbfull\u00a0\u00bb alignment=\u00a0\u00bbcenter\u00a0\u00bb][\/vc_column][\/vc_row][vc_row][vc_column][vc_column_text]Y no se puede hablar de comida sin mencionar la tan famosa cocina catalana, con sus numerosos y sabrosos productos locales. En Am\u00e9lie-les-Bains se pueden disfrutar de las especialidades catalanas y respetar las estaciones. El balneario es conocido por su \u00ab\u00a0ouillade\u00a0\u00bb, preferentemente en invierno. Es como se podr\u00eda decir, la patata catalana. Y en el verano, como la carne asada ocupa un lugar de honor, aqu\u00ed es m\u00e1s bien la <a href=\"https:\/\/www.irouicome.com\/blog\/specialite-culinaire-catalane\/\" target=\"_blank\" rel=\"noopener\"><strong><u>cargolade<\/u><\/strong><\/a>, ya sabes, \u00a1 esos caracoles que se cocinan en la parrilla catalana ![\/vc_column_text][\/vc_column][\/vc_row][vc_row][vc_column][vc_single_image image=\u00a0\u00bb6364&Prime; img_size=\u00a0\u00bbfull\u00a0\u00bb alignment=\u00a0\u00bbcenter\u00a0\u00bb][\/vc_column][\/vc_row][vc_row][vc_column][vc_column_text]Por supuesto, el termalismo representa la principal actividad del pueblo, pero su situaci\u00f3n entre el mar y la monta\u00f1a (a apenas 35 km de Argel\u00e8s-sur-Mer) le permite atraer a m\u00e1s de un turista que viene a descubrir la cultura catalana. Adem\u00e1s, m\u00e1s all\u00e1 de aprovechar la presencia de un centro termal para volver a ponerse en forma, el ba\u00f1ista viene a pasear al azar por los callejones de Am\u00e9lie-les-Bains para aprovechar su atm\u00f3sfera buc\u00f3lica.[\/vc_column_text][\/vc_column][\/vc_row][vc_row][vc_column][vc_column_text]Su ubicaci\u00f3n, a los pies de los Pirineos catalanes, permite descubrir los alrededores a trav\u00e9s de rutas de senderismo que parten de los alrededores. As\u00ed, es posible disfrutar de deportes de monta\u00f1a a pocos kil\u00f3metros de Am\u00e9lie-les-Bains.[\/vc_column_text][\/vc_column][\/vc_row][vc_row][vc_column][vc_column_text]Si vienes de vacaciones a la Costa Vermeille, en direcci\u00f3n a <a href=\"https:\/\/www.irouicome.com\/blog\/pays-catalan\/lieux-a-decouvrir\/france\/banyuls\/\" target=\"_blank\" rel=\"noopener\"><strong><u>Banyuls<\/u><\/strong><\/a> o <a href=\"https:\/\/www.irouicome.com\/blog\/pays-catalan\/lieux-a-decouvrir\/france\/collioure\/\" target=\"_blank\" rel=\"noopener\"><strong><u>Collioure<\/u><\/strong><\/a>, desv\u00edate hacia el interior. All\u00ed descubrir\u00e1s una ciudad llena de encanto y rica en influencias. La experiencia te permitir\u00e1 sorprenderte por otra faceta de la cultura catalana&#8230; \u00a1 En esta parte del sur de Francia, los pueblos catalanes reservan m\u00e1s de una sorpresa para aquellos que se toman el tiempo de descubrirlos ![\/vc_column_text][\/vc_column][\/vc_row][vc_row][vc_column][vc_column_text]<\/p>\n<p style=\"text-align: center;\"><strong>\u00a1 Buena visita a todos !<\/strong><\/p>\n<p>[\/vc_column_text][\/vc_column][\/vc_row][vc_row][vc_column][vc_empty_space][\/vc_column][\/vc_row][vc_row][vc_column][vc_media_grid element_width=\u00a0\u00bb6&Prime; grid_id=\u00a0\u00bbvc_gid:1584457532039-248af6c5-ae51-10&Prime; include=\u00a0\u00bb24478,24481,24484,24487&Prime;][\/vc_column][\/vc_row]<\/p>\n","protected":false},"excerpt":{"rendered":"[vc_row][vc_column][vc_separator][\/vc_column][\/vc_row][vc_row][vc_column][vc_empty_space height=\"20\"][\/vc_column][\/vc_row][vc_row class=\"row-flex\"][vc_column width=\"5\/12\"][vc_single_image image=\"16522\" img_size=\"full\" alignment=\"center\"][\/vc_column][vc_column width=\"7\/12\"][vc_row_inner][vc_column_inner width=\"2\/3\"][vc_column_text]Nombre : Am\u00e9lie-les-Bains Palalda (Els Banys d'Arles i Palald\u00e0 en catal\u00e1n) Actividades\u00a0:&hellip;","protected":false},"author":11,"featured_media":24475,"parent":4388,"menu_order":0,"comment_status":"closed","ping_status":"closed","template":"","meta":[],"_links":{"self":[{"href":"https:\/\/www.irouicome.com\/blog\/wp-json\/wp\/v2\/pages\/13462"}],"collection":[{"href":"https:\/\/www.irouicome.com\/blog\/wp-json\/wp\/v2\/pages"}],"about":[{"href":"https:\/\/www.irouicome.com\/blog\/wp-json\/wp\/v2\/types\/page"}],"author":[{"embeddable":true,"href":"https:\/\/www.irouicome.com\/blog\/wp-json\/wp\/v2\/users\/11"}],"replies":[{"embeddable":true,"href":"https:\/\/www.irouicome.com\/blog\/wp-json\/wp\/v2\/comments?post=13462"}],"version-history":[{"count":7,"href":"https:\/\/www.irouicome.com\/blog\/wp-json\/wp\/v2\/pages\/13462\/revisions"}],"predecessor-version":[{"id":24684,"href":"https:\/\/www.irouicome.com\/blog\/wp-json\/wp\/v2\/pages\/13462\/revisions\/24684"}],"up":[{"embeddable":true,"href":"https:\/\/www.irouicome.com\/blog\/wp-json\/wp\/v2\/pages\/4388"}],"wp:featuredmedia":[{"embeddable":true,"href":"https:\/\/www.irouicome.com\/blog\/wp-json\/wp\/v2\/media\/24475"}],"wp:attachment":[{"href":"https:\/\/www.irouicome.com\/blog\/wp-json\/wp\/v2\/media?parent=13462"}],"curies":[{"name":"wp","href":"https:\/\/api.w.org\/{rel}","templated":true}]}}