{"id":1864,"date":"2018-06-01T09:54:13","date_gmt":"2018-06-01T07:54:13","guid":{"rendered":"https:\/\/www.irouicome.com\/blog\/?page_id=1864"},"modified":"2022-05-04T17:24:35","modified_gmt":"2022-05-04T15:24:35","slug":"argeles-sur-mer-2","status":"publish","type":"page","link":"https:\/\/www.irouicome.com\/blog\/pays-catalan\/lieux-a-decouvrir\/france\/argeles-sur-mer-2\/","title":{"rendered":"Argel\u00e8s-sur-mer"},"content":{"rendered":"<p>[vc_row][vc_column][vc_empty_space height=\u00a0\u00bb50&Prime;][\/vc_column][\/vc_row][vc_row][vc_column][vc_separator][\/vc_column][\/vc_row][vc_row class=\u00a0\u00bbrow-flex\u00a0\u00bb][vc_column width=\u00a0\u00bb5\/12&Prime;][vc_single_image image=\u00a0\u00bb2770&Prime; img_size=\u00a0\u00bbfull\u00a0\u00bb alignment=\u00a0\u00bbcenter\u00a0\u00bb][\/vc_column][vc_column width=\u00a0\u00bb7\/12&Prime;][vc_row_inner][vc_column_inner width=\u00a0\u00bb2\/3&Prime;][vc_column_text]<strong>Nom<\/strong>\u00a0: Argel\u00e8s-sur-Mer, Argelers de la Marenda en catalan<br \/>\n<strong>Activit\u00e9s<\/strong>\u00a0: Port de plaisance et station baln\u00e9aire<br \/>\n<strong>Sp\u00e9cialit\u00e9s<\/strong>\u00a0: Fruits du soleil et artisanat local<br \/>\n<strong>Les petits +<\/strong>\u00a0: activit\u00e9s nautiques et grandes plages de sable fin<br \/>\n<strong>Localit\u00e9<\/strong>\u00a0: D\u00e9partement des Pyr\u00e9n\u00e9es Orientales,\u00a0r\u00e9gion\u00a0Occitanie, \u00e0 proximit\u00e9 de la fronti\u00e8re espagnole (Catalogne Nord)[\/vc_column_text][\/vc_column_inner][vc_column_inner width=\u00a0\u00bb1\/3&Prime;][vc_column_text]<\/p>\n<p>[\/vc_column_text][vc_single_image image=\u00a0\u00bb2773&Prime; img_size=\u00a0\u00bbfull\u00a0\u00bb alignment=\u00a0\u00bbcenter\u00a0\u00bb][\/vc_column_inner][\/vc_row_inner][\/vc_column][\/vc_row][vc_row][vc_column][vc_separator][\/vc_column][\/vc_row][vc_row][vc_column][vc_empty_space height=\u00a0\u00bb20&Prime;][\/vc_column][\/vc_row][vc_row class=\u00a0\u00bbrow-flex\u00a0\u00bb][vc_column][vc_column_text]<\/p>\n<h2>O\u00f9 se trouve Argel\u00e8s-sur-Mer ?<\/h2>\n<p>[\/vc_column_text][\/vc_column][\/vc_row][vc_row class=\u00a0\u00bbrow-flex\u00a0\u00bb][vc_column][vc_column_text]\u00c0 l\u2019image de nombreuses communes de la c\u00f4te Vermeille et plus g\u00e9n\u00e9ralement du <a href=\"https:\/\/www.irouicome.com\/pays-catalan\/\" target=\"_blank\" rel=\"noopener\">Pays Catalan<\/a>, <strong>Argel\u00e8s-sur-mer<\/strong> est occup\u00e9 par l\u2019homme depuis des temps imm\u00e9moriaux. La pr\u00e9sence du dolmen appel\u00e9 Cava de l\u2019Alarb en atteste\u00a0!<\/p>\n<p>Situ\u00e9 dans les Pyr\u00e9n\u00e9es Orientales, Argel\u00e8s se trouve en bout de cha\u00eene des Alb\u00e8res, entre mer et montagne, l\u00e0 o\u00f9 les Pyr\u00e9n\u00e9es finissent leur course dans la mer M\u00e9diterran\u00e9e. Sur le littoral, \u00e0 une vingtaine de kilom\u00e8tres au Sud de <a href=\"https:\/\/www.irouicome.com\/blog\/pays-catalan\/lieux-a-decouvrir\/france\/perpignan\/\" target=\"_blank\" rel=\"noopener\"><strong>Perpignan<\/strong><\/a>, elle touche<strong> <a href=\"https:\/\/www.irouicome.com\/blog\/pays-catalan\/lieux-a-decouvrir\/france\/collioure\/\" target=\"_blank\" rel=\"noopener\">Collioure<\/a><\/strong>, et se trouve \u00e0 moins d&rsquo;une heure de route de <a href=\"https:\/\/www.irouicome.com\/blog\/pays-catalan\/lieux-a-decouvrir\/espagne\/figueres\/\" target=\"_blank\" rel=\"noopener\"><strong>Figueras<\/strong><\/a> (Espagne).<\/p>\n<p>Argel\u00e8s est notamment connu des vacanciers pour ses campings. Avec sa tr\u00e8s grande plage, ses restaurants, ses boutiques, ses nombreuses activit\u00e9s aquatiques, mais \u00e9galement ses ruelles ombrag\u00e9es, ses clochers et sa douceur de vivre, elle est l&rsquo;une des destinations les plus appr\u00e9ci\u00e9es des touristes. <strong>Entre farniente sur les plages<\/strong>, <strong>vieilles pierres et gastronomie catalane<\/strong>, ce petit village baln\u00e9aire a d\u00e9finitivement tout pour plaire\u00a0!<\/p>\n<p>Suivez le guide \u00e0 la d\u00e9couverte d\u2019Argel\u00e8s et de ses alentours\u2026 Plus d\u2019une surprise vous y attend\u00a0![\/vc_column_text][vc_empty_space height=\u00a0\u00bb22px\u00a0\u00bb][vc_single_image image=\u00a0\u00bb8376&Prime; img_size=\u00a0\u00bbfull\u00a0\u00bb alignment=\u00a0\u00bbcenter\u00a0\u00bb][\/vc_column][\/vc_row][vc_row][vc_column][vc_separator][\/vc_column][\/vc_row][vc_row][vc_column width=\u00a0\u00bb2\/3&Prime;][vc_gmaps link=\u00a0\u00bb#E-8_JTNDaWZyYW1lJTIwc3JjJTNEJTIyaHR0cHMlM0ElMkYlMkZ3d3cuZ29vZ2xlLmNvbSUyRm1hcHMlMkZlbWJlZCUzRnBiJTNEJTIxMW0xOCUyMTFtMTIlMjExbTMlMjExZDk0MDg1LjkyNzYxMzE1MTMyJTIxMmQyLjk1MzE0NDYzNDYzMTI3NzclMjEzZDQyLjUzMDExOTY3NDg1MjkwNSUyMTJtMyUyMTFmMCUyMTJmMCUyMTNmMCUyMTNtMiUyMTFpMTAyNCUyMTJpNzY4JTIxNGYxMy4xJTIxM20zJTIxMW0yJTIxMXMweDEyYjA3ZWQ1Njc4YWM2ZWQlMjUzQTB4YmI0YzE2ZWUwMjIxODMwJTIxMnM2NjcwMCUyQkFyZ2VsJTI1QzMlMjVBOHMtc3VyLU1lciUyMTVlMCUyMTNtMiUyMTFzZnIlMjEyc2ZyJTIxNHYxNTI2ODkzOTcwMzExJTIyJTIwd2lkdGglM0QlMjI2MDAlMjIlMjBoZWlnaHQlM0QlMjI0NTAlMjIlMjBmcmFtZWJvcmRlciUzRCUyMjAlMjIlMjBzdHlsZSUzRCUyMmJvcmRlciUzQTAlMjIlMjBhbGxvd2Z1bGxzY3JlZW4lM0UlM0MlMkZpZnJhbWUlM0U=\u00a0\u00bb size=\u00a0\u00bb300&Prime;][\/vc_column][vc_column width=\u00a0\u00bb1\/3&Prime;][vc_column_text]<div id=\"wpc-weather-id-2082\" class=\"wpc-weather-id\" data-id=\"2082\" data-post-id=\"1864\" data-map=\"\" data-detect-geolocation=\"\" data-manual-geolocation=\"\" data-wpc-lat=\"\" data-wpc-lon=\"\" data-wpc-city-id=\"\" data-wpc-city-name=\"\" data-custom-font=\"\"><\/div>[\/vc_column_text][\/vc_column][\/vc_row][vc_row][vc_column][vc_separator][\/vc_column][\/vc_row][vc_row class=\u00a0\u00bbrow-flex\u00a0\u00bb][vc_column width=\u00a0\u00bb1\/6&Prime;][vc_single_image image=\u00a0\u00bb1807&Prime; img_size=\u00a0\u00bbfull\u00a0\u00bb alignment=\u00a0\u00bbcenter\u00a0\u00bb][\/vc_column][vc_column width=\u00a0\u00bb5\/6&Prime; css=\u00a0\u00bb.vc_custom_1510053487436{border-left-width: 2px !important;padding-top: 0px !important;border-left-color: #e07e1d !important;border-left-style: solid !important;}\u00a0\u00bb][vc_column_text]<strong>Activit\u00e9s \u00e0 proximit\u00e9<\/strong><\/p>\n<ul>\n<li><strong>Aqua plage<\/strong> : Ce club de plage vous propose diff\u00e9rentes activit\u00e9s nautiques : <a href=\"https:\/\/www.irouicome.com\/experience\/activite\/engins-tractes-banane\/\" target=\"_blank\" rel=\"noopener\">engins tract\u00e9s<\/a>, <a href=\"https:\/\/www.irouicome.com\/experience\/activite\/paddle-argeles\/\" target=\"_blank\" rel=\"noopener\">paddle<\/a>, <a href=\"https:\/\/www.irouicome.com\/experience\/activite\/cours-natation\" target=\"_blank\" rel=\"noopener\">cours de natation<\/a> et <a href=\"https:\/\/www.irouicome.com\/experience\/activite\/cours-aquagym\/\" target=\"_blank\" rel=\"noopener\">cours d&rsquo;aquagym<\/a>.<\/li>\n<li><strong>Balada&rsquo;deuche<\/strong> : D\u00e9couvrez Les Pyr\u00e9n\u00e9es-Orientales autrement avec des balades comment\u00e9es atypiques \u00e0 bord d&rsquo;une 2 CV. Les circuits\u00a0<a href=\"https:\/\/www.irouicome.com\/quoi-faire\/product\/circuit-2cv-escapade\/\" target=\"_blank\" rel=\"noopener\">Escapade<\/a>, <a href=\"https:\/\/www.irouicome.com\/quoi-faire\/product\/circuit-echappee\/\" target=\"_blank\" rel=\"noopener\">Echapp\u00e9e<\/a>\u00a0et <a href=\"https:\/\/www.irouicome.com\/quoi-faire\/product\/circuit-2cv-eclipse\/\" target=\"_blank\" rel=\"noopener\">Eclipse\u00a0<\/a>au d\u00e9part d&rsquo;Argel\u00e8s-sur-mer (ou de Collioure) vous feront d\u00e9couvrir la C\u00f4te Vermeille de mani\u00e8re insolite.<\/li>\n<\/ul>\n<p>[\/vc_column_text][\/vc_column][\/vc_row][vc_row][vc_column][vc_empty_space height=\u00a0\u00bb20&Prime;][\/vc_column][\/vc_row][vc_row][vc_column][vc_column_text]<\/p>\n<h2>\u00c0 la d\u00e9couverte du patrimoine d\u2019Argel\u00e8s<\/h2>\n<p>Les premi\u00e8res mentions historiques du village remontent plus de 12 si\u00e8cles\u00a0! Comme pour beaucoup de villes et villages du coin, Argel\u00e8s a longtemps \u00e9t\u00e9 tiraill\u00e9 entre les royaumes de France, de Majorque, de Navarre et d\u2019Espagne. De ce pass\u00e9 mouvement\u00e9, le village a conserv\u00e9 des vestiges tels que des \u00e9glises et autres \u00e9difices, t\u00e9moins des p\u00e9riodes historiques successives.[\/vc_column_text][vc_empty_space height=\u00a0\u00bb20&Prime;][vc_single_image image=\u00a0\u00bb2779&Prime; img_size=\u00a0\u00bbfull\u00a0\u00bb alignment=\u00a0\u00bbcenter\u00a0\u00bb][\/vc_column][\/vc_row][vc_row][vc_column][vc_empty_space height=\u00a0\u00bb20&Prime;][\/vc_column][\/vc_row][vc_row][vc_column][vc_column_text]<\/p>\n<h3>Argel\u00e8s d\u2019hier<\/h3>\n<p>La commune poss\u00e8de une impressionnante concentration d\u2019\u00e9difices religieux. Pas moins de 7 \u00e9glises se trouvent ainsi r\u00e9parties sur ce territoire\u00a0:<\/p>\n<ul>\n<li><strong>La chapelle St J\u00e9r\u00f4me et l\u2019ermitage Notre Dame de la Vie<\/strong>: Ces deux constructions surplombent tout le Languedoc Roussillon depuis une colline situ\u00e9e \u00e0 la pointe des Alb\u00e8res. Cette \u00e9glise pr\u00e9romane du 10<sup>\u00e8me<\/sup>\u00a0 si\u00e8cle, ainsi que l\u2019ermitage du 12<sup>\u00e8me<\/sup> offrent une vue imprenable sur toute la plaine.<\/li>\n<li><strong>L\u2019\u00e9glise St Ferr\u00e9ol de la Pava\u00a0<\/strong>: Sa construction remonte \u00e9galement au 10<sup>\u00e8me<\/sup> si\u00e8cle. Situ\u00e9e dans le hameau de la Pava, elle est remarquable de par son style pr\u00e9roman et class\u00e9e sur la liste des monuments historiques depuis 1991.<\/li>\n<li><strong>L\u2019\u00e9glise Notre Dame Del Prat\u00a0<\/strong>: Elle occupe l\u2019emplacement d\u2019une \u00e9glise construite au 10<sup>\u00e8me<\/sup> si\u00e8cle. Son apparence actuelle est le fruit de travaux achev\u00e9s au 18<sup>\u00e8me<\/sup>. Cet \u00e9difice de style gothique m\u00e9ridional se situe en plein c\u0153ur d\u2019Argel\u00e8s, c\u2019est l\u2019\u00e9glise paroissiale encore aujourd\u2019hui. Elle est sur la liste des monuments historiques depuis 1927 pour une partie et 2004 pour le reste du b\u00e2timent.<\/li>\n<li><strong>Les vestiges de l\u2019\u00e9glise Ste Marie de Torreneules\u00a0<\/strong>: L\u00e9g\u00e8rement \u00e0 l\u2019\u00e9cart de la commune, elle n\u2019est aujourd\u2019hui qu\u2019un tas de d\u00e9combres. Elle peut n\u00e9anmoins \u00eatre un bon pr\u00e9texte de balade\u00a0! Elle se situe \u00e0 proximit\u00e9 du mas de <strong>Valbonne<\/strong>, abritant l\u2019ancienne <strong>abbaye<\/strong> du m\u00eame nom.<\/li>\n<li><strong>L\u2019\u00e9glise St Laurent du Mont d\u2019Argel\u00e8s-sur-mer\u00a0<\/strong>: Situ\u00e9e sur le massif de la Massane, au sud de la commune, elle surplombe la r\u00e9gion depuis pr\u00e8s de 10 si\u00e8cles\u00a0! Elle est class\u00e9e aux monuments historiques depuis 1994.<\/li>\n<li><strong>L\u2019\u00e9glise St Martin et Ste Croix\u00a0<\/strong>: Sa construction remonterait au 11<sup>\u00e8me<\/sup> si\u00e8cle. Son plan et l\u2019approche du b\u00e2timent en font une construction unique. Elle aurait servi de prototype \u00e0 bien d\u2019autres constructions qui ont suivi. Elle aussi est sur la liste des monuments historiques, depuis 1986.<\/li>\n<li><strong>L\u2019\u00e9glise Saint Pierre del Forquets\u00a0: <\/strong>L\u00e0 encore, le style architectural est pr\u00e9roman. La premi\u00e8re mention de cette \u00e9glise remonte \u00e0 plus de 12 si\u00e8cles\u00a0! Elle est malheureusement en ruines aujourd\u2019hui.<\/li>\n<\/ul>\n<p>De par la richesse de ce patrimoine religieux, on se rend bien compte de la ferveur qui a anim\u00e9 la r\u00e9gion. Au-del\u00e0 de l\u2019aspect religieux, d\u2019un point de vue architectural, toute cette r\u00e9gion est le berceau de diff\u00e9rents courants. Nombre d\u2019\u00e9difices ont \u00e9t\u00e9 consid\u00e9r\u00e9s comme novateurs en leur temps.[\/vc_column_text][\/vc_column][\/vc_row][vc_row][vc_column][vc_empty_space height=\u00a0\u00bb20&Prime;][vc_media_grid grid_id=\u00a0\u00bbvc_gid:1605536876621-4e108521-eae2-4&Prime; include=\u00a0\u00bb3772,3775,3778&Prime;][vc_separator][\/vc_column][\/vc_row][vc_row][vc_column][vc_empty_space height=\u00a0\u00bb20&Prime;][vc_separator][\/vc_column][\/vc_row][vc_row class=\u00a0\u00bbrow-flex\u00a0\u00bb][vc_column width=\u00a0\u00bb1\/6&Prime;][vc_single_image image=\u00a0\u00bb1753&Prime; img_size=\u00a0\u00bbfull\u00a0\u00bb alignment=\u00a0\u00bbcenter\u00a0\u00bb][\/vc_column][vc_column width=\u00a0\u00bb5\/6&Prime; css=\u00a0\u00bb.vc_custom_1510053487436{border-left-width: 2px !important;padding-top: 0px !important;border-left-color: #e07e1d !important;border-left-style: solid !important;}\u00a0\u00bb][vc_column_text]<strong>Le saviez-vous\u00a0? <\/strong><\/p>\n<p><em>Le r\u00e9seau de canaux et d\u2019irrigation mis en place au Moyen-\u00e2ge est encore en place. Mieux encore, il est toujours utilis\u00e9 par certaines exploitations\u00a0! Bien que vieux de pr\u00e8s de 10 si\u00e8cles, il n\u2019a pas \u00e9t\u00e9 remplac\u00e9.<\/em>[\/vc_column_text][\/vc_column][\/vc_row][vc_row][vc_column][vc_separator][\/vc_column][\/vc_row][vc_row][vc_column][vc_empty_space height=\u00a0\u00bb20&Prime;][\/vc_column][\/vc_row][vc_row][vc_column][vc_column_text]Entre autres vieilles pierres, Argel\u00e8s rec\u00e8le d\u2019autres tr\u00e9sors\u2026<\/p>\n<h3>Le ch\u00e2teau de Valmy<\/h3>\n<p>Cet \u00e9difice de style art-nouveau tr\u00f4ne sur une colline au-dessus d\u2019Argel\u00e8s, en plein c\u0153ur d\u2019un parc arbor\u00e9. Sa silhouette ne passe pas inaper\u00e7ue au milieu de toute cette verdure. Achev\u00e9e au d\u00e9but du 20<sup>\u00e8me<\/sup>, cette demeure bourgeoise poss\u00e8de des proportions extravagantes.<\/p>\n<p>Aujourd\u2019hui, le ch\u00e2teau s\u2019inscrit dans une d\u00e9marche d\u2019<strong>\u0153notourisme<\/strong>, proposant des chambres d\u2019h\u00f4tes et la d\u00e9couverte de tous les meilleurs vins du domaine associ\u00e9.[\/vc_column_text][vc_empty_space height=\u00a0\u00bb20&Prime;][vc_single_image image=\u00a0\u00bb2782&Prime; img_size=\u00a0\u00bbfull\u00a0\u00bb alignment=\u00a0\u00bbcenter\u00a0\u00bb][\/vc_column][\/vc_row][vc_row][vc_column][vc_empty_space height=\u00a0\u00bb20&Prime;][\/vc_column][\/vc_row][vc_row][vc_column][vc_column_text]<\/p>\n<h3>Le parc municipal de Valmy<\/h3>\n<p>Ce parc arbor\u00e9 de 5 hectares propose un panorama sur la r\u00e9gion \u00e0 couper le souffle\u00a0! De plus, un sentier am\u00e9nag\u00e9 permet de d\u00e9couvrir de nombreuses essences typiques de la r\u00e9gion des Alb\u00e8res. Pour un vrai moment de d\u00e9tente et de douceur, ce parc sera le refuge que vous recherchez\u00a0!<\/p>\n<p>En termes de patrimoine on peut \u00e9galement citer le <strong>ch\u00e2teau de Pujols<\/strong> inscrit aux monuments historiques depuis 1956, ainsi que la tour Massane (Torre de la Massana), qui surplombe toute la c\u00f4te Vermeille \u00e0 pr\u00e8s de 800 m\u00e8tres d\u2019altitude. De l\u00e0-haut, une vue \u00e0 couper le souffle vous attend. Cette tour faisait partie du r\u00e9seau de communication c\u00f4tier de l\u2019\u00e9poque, comme celles que l\u2019on retrouve dans les environs de <a href=\"https:\/\/www.irouicome.com\/blog\/pays-catalan\/lieux-a-decouvrir\/france\/banyuls\/\"><strong>Banyuls<\/strong><\/a> et <a href=\"https:\/\/www.irouicome.com\/blog\/pays-catalan\/lieux-a-decouvrir\/france\/collioure\/\"><strong>Collioure<\/strong> <\/a>(Tour Madeloc).<\/p>\n<p>Argel\u00e8s ne se r\u00e9sume pas \u00e0 ses vieilles pierres\u00a0![\/vc_column_text][vc_empty_space height=\u00a0\u00bb20&Prime;][vc_column_text]<\/p>\n<h3>Argel\u00e8s d\u2019aujourd\u2019hui<\/h3>\n<p>La galerie Marianne est une galerie d\u2019art municipale. Ouverte \u00e0 tous, elle met en avant des expositions de tous types d\u2019artistes. Chaque \u00e9t\u00e9, un artiste est invit\u00e9 pour y pr\u00e9senter son travail et \u00e9clairer les visiteurs. Un lieu \u00e0 d\u00e9couvrir en famille<\/p>\n<p>La casa de l\u2019Albera propose de d\u00e9couvrir une partie de la collection qu\u2019abritait anciennement le mus\u00e9e. Des outils de diff\u00e9rentes \u00e9poques y sont expos\u00e9s. De plus, ce centre culturel propose des expositions \u00e9ph\u00e9m\u00e8res.<\/p>\n<p>Au-del\u00e0 de ces richesses historiques, Argel\u00e8s poss\u00e8de des atouts naturels qui en font un espace privil\u00e9gi\u00e9.<\/p>\n<h2>Le patrimoine naturel d\u2019Argel\u00e8s<\/h2>\n<p>La commune compte deux parcs naturels ainsi qu\u2019un littoral de plages de sable fin\u00a0![\/vc_column_text][\/vc_column][\/vc_row][vc_row][vc_column width=\u00a0\u00bb1\/2&Prime;][vc_empty_space height=\u00a0\u00bb20&Prime;][vc_column_text]<\/p>\n<h3>La r\u00e9serve naturelle nationale du Mas Larrieu<\/h3>\n<p>Ces 145 ha d\u00e9di\u00e9s \u00e0 la protection de l\u2019environnement local offrent la possibilit\u00e9 de sorties aussi amusantes qu\u2019\u00e9ducatives. La faune et la flore que l\u2019on y trouve sont repr\u00e9sentatives de cette partie du territoire. C\u2019est pour cette raison que depuis 1984, cette zone a acc\u00e9d\u00e9 au statut de r\u00e9serve naturelle nationale. De magnifiques balades enrichissantes en perspective\u2026<\/p>\n<p>[\/vc_column_text][\/vc_column][vc_column width=\u00a0\u00bb1\/2&Prime;][vc_single_image image=\u00a0\u00bb8030&Prime; img_size=\u00a0\u00bbfull\u00a0\u00bb alignment=\u00a0\u00bbcenter\u00a0\u00bb][\/vc_column][\/vc_row][vc_row][vc_column][vc_column_text]<\/p>\n<h3>La r\u00e9serve naturelle nationale de la for\u00eat de la Massane<\/h3>\n<p>Depuis 1973, les 336 ha de cette zone ont \u00e9t\u00e9 d\u00e9clar\u00e9s r\u00e9serve naturelle. La for\u00eat de la Massane est le plus proche exemple de ce qu\u2019est la for\u00eat primaire pyr\u00e9n\u00e9enne. Cet espace b\u00e9n\u00e9ficie d\u2019une tr\u00e8s forte biodiversit\u00e9 et poss\u00e8de un aspect inattendu\u00a0: les essences qu\u2019on y trouve sont diff\u00e9rentes de celles environnantes. C\u2019est pr\u00e9cis\u00e9ment pour cette raison que cette zone est prot\u00e9g\u00e9e. L\u2019homme n\u2019a pas influ\u00e9 sur le biotope, laissant intacte la for\u00eat originelle.<\/p>\n<p>La balade au c\u0153ur de ce sanctuaire naturel vous permettra peut-\u00eatre d\u2019apercevoir quelque animal rare\u00a0!<\/p>\n<p>[\/vc_column_text][vc_empty_space height=\u00a0\u00bb20&Prime;][vc_single_image image=\u00a0\u00bb8033&Prime; img_size=\u00a0\u00bbfull\u00a0\u00bb alignment=\u00a0\u00bbcenter\u00a0\u00bb][\/vc_column][\/vc_row][vc_row][vc_column][vc_empty_space height=\u00a0\u00bb20&Prime;][vc_column_text]<\/p>\n<h3>Le bois des pins<\/h3>\n<p>Plus de 8000 pins sont plant\u00e9s sur le territoire de la commune. Le bois des pins en regroupe plus de 2000 \u00e0 lui seul. Ces arbres centenaires ont \u00e9t\u00e9 plant\u00e9s pour endiguer l\u2019effet de l\u2019\u00e9rosion sur la c\u00f4te il y a plus d\u2019un si\u00e8cle. Ils caract\u00e9risent parfaitement l\u2019image des alentours d\u2019Argel\u00e8s. Un camping est abrit\u00e9 au c\u0153ur de cette zone.<\/p>\n<h3>Le site du Racou<\/h3>\n<p>Ce site est g\u00e9r\u00e9 par le conservatoire du littoral et repr\u00e9sente un espace prot\u00e9g\u00e9 servant \u00e0 l\u2019observation et \u00e0 l\u2019\u00e9tude des changements climatiques. Le paysage de ce site est tr\u00e8s h\u00e9t\u00e9roclite et permet d\u2019acc\u00e9der \u00e0 la vue sur la c\u00f4te rocheuse et ses falaises.<\/p>\n<p>Le Racou, qui signifie le \u00ab\u00a0recoin\u00a0\u00bb en catalan pourrait presque faire office de village. L&rsquo;atmosph\u00e8re y est \u00e0 part, tr\u00e8s familiale.\u00a0 On y trouve des <strong>ruelles de sable<\/strong>, des <strong>maisons blanches<\/strong>, et de petites <strong>criques sauvages<\/strong> qui font tout son charme.[\/vc_column_text][vc_single_image image=\u00a0\u00bb8036&Prime; img_size=\u00a0\u00bbfull\u00a0\u00bb alignment=\u00a0\u00bbcenter\u00a0\u00bb][\/vc_column][\/vc_row][vc_row][vc_column][vc_empty_space height=\u00a0\u00bb20&Prime;][vc_separator][\/vc_column][\/vc_row][vc_row class=\u00a0\u00bbrow-flex\u00a0\u00bb][vc_column width=\u00a0\u00bb1\/6&Prime;][vc_single_image image=\u00a0\u00bb1753&Prime; img_size=\u00a0\u00bbfull\u00a0\u00bb alignment=\u00a0\u00bbcenter\u00a0\u00bb][\/vc_column][vc_column width=\u00a0\u00bb5\/6&Prime; css=\u00a0\u00bb.vc_custom_1510053487436{border-left-width: 2px !important;padding-top: 0px !important;border-left-color: #e07e1d !important;border-left-style: solid !important;}\u00a0\u00bb][vc_column_text]<strong>Le saviez-vous\u00a0? <\/strong><\/p>\n<p><em>Le blason d\u2019Argel\u00e8s, l\u2019ajonc \u00e9pineux, d\u00e9coule d\u2019une mauvaise traduction du nom catalan du village\u00a0! Argelac est le nom qui d\u00e9signe ce chardon\u2026 Bien que l\u2019erreur f\u00fbt not\u00e9e, le blason est demeur\u00e9\u00a0!<\/em>[\/vc_column_text][\/vc_column][\/vc_row][vc_row][vc_column][vc_separator][\/vc_column][\/vc_row][vc_row][vc_column][vc_empty_space height=\u00a0\u00bb20&Prime;][\/vc_column][\/vc_row][vc_row][vc_column][vc_column_text]<\/p>\n<h2>Un village o\u00f9 il fait bon profiter du temps\u00a0!<\/h2>\n<p>Outre les d\u00e9couvertes culturelles et les balades enrichissantes, le <strong>front de mer<\/strong> d\u2019Argel\u00e8s plage offre une longue bande de sable \u00e0 qui veut l\u00e9zarder sous le soleil\u00a0de la M\u00e9diterran\u00e9e!<\/p>\n<p>Plage centre, Plage des pins, Plage de Tamriguer, Criques du Porteil, ou Plage du Racou, voici quelques-uns des noms des lieux d\u00e9di\u00e9s au farniente\u00a0! Aux sports nautiques aussi\u00a0! Stand-up paddle, initiation au kyte-surf, plong\u00e9e sous-marine\u2026 Les activit\u00e9s ne manquent pas\u00a0!<\/p>\n<p>Ceux que le soleil n\u2019attire pas forc\u00e9ment, des <strong>randonn\u00e9es<\/strong> et des <strong>balades dans l\u2019arri\u00e8re-pays vous permettront de go\u00fbter aux produits locaux<\/strong>. La d\u00e9couverte des vins des environs vous ravira probablement autant que la d\u00e9gustation des fruits du pays\u00a0! Les <a href=\"https:\/\/www.irouicome.com\/pays-catalan\/savoir-faire\/specialites\/fruits\/abricot\/\" target=\"_blank\" rel=\"noopener\">abricots<\/a>, les <a href=\"https:\/\/www.irouicome.com\/pays-catalan\/savoir-faire\/specialites\/fruits\/peche\/\" target=\"_blank\" rel=\"noopener\">p\u00eaches<\/a> et les <a href=\"https:\/\/www.irouicome.com\/pays-catalan\/savoir-faire\/specialites\/fruits\/cerise\/\" target=\"_blank\" rel=\"noopener\">cerises<\/a> r\u00e9jouiront les plus gourmands\u00a0! Ils pourront \u00e9galement emprunter <strong>le sentier du littoral<\/strong> reliant les communes de la c\u00f4te entre elles, jusqu\u2019en Espagne.[\/vc_column_text][vc_empty_space height=\u00a0\u00bb22px\u00a0\u00bb][vc_single_image image=\u00a0\u00bb8039&Prime; img_size=\u00a0\u00bbfull\u00a0\u00bb alignment=\u00a0\u00bbcenter\u00a0\u00bb][\/vc_column][\/vc_row][vc_row][vc_column][vc_empty_space height=\u00a0\u00bb20&Prime;][\/vc_column][\/vc_row][vc_row][vc_column][vc_column_text]De plus, Argel\u00e8s b\u00e9n\u00e9ficie du <strong>pavillon bleu<\/strong>, <strong>le label de qualit\u00e9 environnementale exemplaire<\/strong>. En prenant grand soin de respecter la nature et la qualit\u00e9 de son environnement, la commune s\u2019engage pour un d\u00e9veloppement durable. Bien que tr\u00e8s fr\u00e9quent\u00e9 l\u2019\u00e9t\u00e9, le village n\u2019en reste pas moins exemplaire quant \u00e0 sa gestion de l\u2019entretien.<\/p>\n<p>Si vous aussi vous recherchez un coin o\u00f9 allier d\u00e9tente, d\u00e9couverte et plaisir d\u2019une nature intacte, Argel\u00e8s saura vous ravir! Bonne visite\u00a0![\/vc_column_text][vc_empty_space height=\u00a0\u00bb20&Prime;][vc_single_image image=\u00a0\u00bb2797&Prime; img_size=\u00a0\u00bbfull\u00a0\u00bb alignment=\u00a0\u00bbcenter\u00a0\u00bb][\/vc_column][\/vc_row][vc_row][vc_column][vc_empty_space height=\u00a0\u00bb50&Prime;][\/vc_column][\/vc_row]<\/p>\n","protected":false},"excerpt":{"rendered":"[vc_row][vc_column][vc_empty_space height=\"50\"][\/vc_column][\/vc_row][vc_row][vc_column][vc_separator][\/vc_column][\/vc_row][vc_row class=\"row-flex\"][vc_column width=\"5\/12\"][vc_single_image image=\"2770\" img_size=\"full\" alignment=\"center\"][\/vc_column][vc_column width=\"7\/12\"][vc_row_inner][vc_column_inner width=\"2\/3\"][vc_column_text]Nom\u00a0: Argel\u00e8s-sur-Mer, Argelers de la Marenda en catalan Activit\u00e9s\u00a0: Port de plaisance&hellip;","protected":false},"author":2,"featured_media":2779,"parent":1692,"menu_order":0,"comment_status":"closed","ping_status":"closed","template":"","meta":[],"_links":{"self":[{"href":"https:\/\/www.irouicome.com\/blog\/wp-json\/wp\/v2\/pages\/1864"}],"collection":[{"href":"https:\/\/www.irouicome.com\/blog\/wp-json\/wp\/v2\/pages"}],"about":[{"href":"https:\/\/www.irouicome.com\/blog\/wp-json\/wp\/v2\/types\/page"}],"author":[{"embeddable":true,"href":"https:\/\/www.irouicome.com\/blog\/wp-json\/wp\/v2\/users\/2"}],"replies":[{"embeddable":true,"href":"https:\/\/www.irouicome.com\/blog\/wp-json\/wp\/v2\/comments?post=1864"}],"version-history":[{"count":13,"href":"https:\/\/www.irouicome.com\/blog\/wp-json\/wp\/v2\/pages\/1864\/revisions"}],"predecessor-version":[{"id":37890,"href":"https:\/\/www.irouicome.com\/blog\/wp-json\/wp\/v2\/pages\/1864\/revisions\/37890"}],"up":[{"embeddable":true,"href":"https:\/\/www.irouicome.com\/blog\/wp-json\/wp\/v2\/pages\/1692"}],"wp:featuredmedia":[{"embeddable":true,"href":"https:\/\/www.irouicome.com\/blog\/wp-json\/wp\/v2\/media\/2779"}],"wp:attachment":[{"href":"https:\/\/www.irouicome.com\/blog\/wp-json\/wp\/v2\/media?parent=1864"}],"curies":[{"name":"wp","href":"https:\/\/api.w.org\/{rel}","templated":true}]}}