{"id":1963,"date":"2018-02-21T11:41:11","date_gmt":"2018-02-21T10:41:11","guid":{"rendered":"https:\/\/www.irouicome.com\/blog\/?page_id=1963"},"modified":"2019-05-31T11:07:24","modified_gmt":"2019-05-31T09:07:24","slug":"la-sardane","status":"publish","type":"page","link":"https:\/\/www.irouicome.com\/blog\/pays-catalan\/traditions\/la-sardane\/","title":{"rendered":"La sardane, la danse traditionnelle catalane"},"content":{"rendered":"<p>[vc_row][vc_column][vc_empty_space height=\u00a0\u00bb50px\u00a0\u00bb][\/vc_column][\/vc_row][vc_row][vc_column][vc_single_image image=\u00a0\u00bb3654&Prime; img_size=\u00a0\u00bbfull\u00a0\u00bb alignment=\u00a0\u00bbcenter\u00a0\u00bb][vc_column_text]<\/p>\n<p style=\"text-align: center;\"><em>Sardane Saint Vincent de Montalt<\/em><\/p>\n<p>[\/vc_column_text][\/vc_column][\/vc_row][vc_row][vc_column][vc_empty_space height=\u00a0\u00bb50px\u00a0\u00bb][\/vc_column][\/vc_row][vc_row][vc_column][vc_column_text]<\/p>\n<h2>Qu\u2019est-ce que la sardane\u00a0?<\/h2>\n<p><strong>La sardane<\/strong> (<strong><em>sardana<\/em><\/strong> en catalan) est un ensemble de danses et de musiques traditionnelles catalanes que l\u2019on danse partout en Catalogne au Nord comme au Sud. Effa\u00e7ant la fronti\u00e8re pyr\u00e9n\u00e9enne, elle fait partie du <strong>patrimoine immat\u00e9riel de la Catalogne<\/strong>. Les danseurs font une ronde, se tiennent par la main et dansent au rythme d\u2019une musique catalane jou\u00e9e par un ensemble d\u2019instruments qui s\u2019appelle\u00a0 \u00ab\u00a0<strong><em>La Cobla<\/em><\/strong>\u00a0\u00bb. La musique porte ce m\u00eame nom.[\/vc_column_text][\/vc_column][\/vc_row][vc_row][vc_column][vc_empty_space height=\u00a0\u00bb50px\u00a0\u00bb][\/vc_column][\/vc_row][vc_row][vc_column][vc_column_text]<\/p>\n<h2>Quelle est l\u2019origine de la sardane\u00a0?<\/h2>\n<p>Les rondes font partie des danses qui existaient d\u00e9j\u00e0 dans toute la M\u00e9diterran\u00e9e antique.<\/p>\n<p>On sait que d\u00e8s le XVI\u00e8me si\u00e8cle, les Catalans dansaient le \u00ab\u00a0<strong>contrepas<\/strong>\u00a0\u00bb, danse qui ressemble \u00e0 la sardane, avec des petits pas courts et des pas longs.<\/p>\n<p>&nbsp;<\/p>\n<p>La sardane <em>est originaire<\/em> de la r\u00e9gion de l&rsquo;Ampurdan (Empord\u00e0, au nord de la Catalogne dans la province de G\u00e9rone en Espagne). Elle a \u00e9t\u00e9 introduite en Vallespir, dans les Pyr\u00e9n\u00e9es catalanes, vers 1905. Aussi, des plaines du Roussillon et de l\u2019Empord\u00e0, jusqu\u2019au-del\u00e0 de l\u2019estuaire de l\u2019Ebre, en passant par la Costa brava, la sardane est une v\u00e9ritable invitation \u00e0 la f\u00eate. Son rythme lent la distingue du Flamenco, autre danse traditionnelle ib\u00e9rique.[\/vc_column_text][\/vc_column][\/vc_row][vc_row][vc_column][vc_empty_space height=\u00a0\u00bb30px\u00a0\u00bb][\/vc_column][\/vc_row][vc_row][vc_column width=\u00a0\u00bb1\/2&Prime; el_class=\u00a0\u00bbtext\u00a0\u00bb][vc_column_text]La sardane d\u2019aujourd\u2019hui date du XIX\u00e8me si\u00e8cle. Pep Ventura, musicien et compositeur catalan est consid\u00e9r\u00e9 comme le \u00ab\u00a0p\u00e8re de la sardane\u00a0\u00bb\u00a0: il utilisa de nouveaux instruments et ainsi r\u00e9forma la danse et la musique. Un monument lui est d\u2019ailleurs d\u00e9di\u00e9 \u00e0 Figueras (<u><a href=\"https:\/\/www.irouicome.com\/blog\/pays-catalan\/lieux-a-decouvrir\/espagne\/figueres\/\" target=\"_blank\" rel=\"noopener\"><strong>Figueres<\/strong><\/a>) <\/u>en Espagne.<\/p>\n<p>Pop up Pep Ventura\u00a0: Josep Maria Ventura i Casas, appel\u00e9 Pep Ventura (1817-1875), a \u00ab\u00a0normalis\u00e9\u00a0\u00bb la sardane avec l\u2019aide du chor\u00e9graphe Miquel Pardas. Il lui a donn\u00e9 son rythme actuel en utilisant de nouveaux instruments qui forment encore aujourd\u2019hui l\u2019ensemble instrumental\u00a0: la cobla.[\/vc_column_text][\/vc_column][vc_column width=\u00a0\u00bb1\/2&Prime;][vc_single_image image=\u00a0\u00bb3657&Prime; img_size=\u00a0\u00bbfull\u00a0\u00bb alignment=\u00a0\u00bbcenter\u00a0\u00bb][vc_column_text]<\/p>\n<p style=\"text-align: center;\"><em>Monument de\u0301die\u0301 a\u0300 Pep Ventura a\u0300 Figueras<\/em><\/p>\n<p>[\/vc_column_text][\/vc_column][\/vc_row][vc_row][vc_column][vc_empty_space height=\u00a0\u00bb50px\u00a0\u00bb][\/vc_column][\/vc_row][vc_row][vc_column width=\u00a0\u00bb1\/2&Prime; el_class=\u00a0\u00bbtext\u00a0\u00bb][vc_column_text]<\/p>\n<h2 style=\"margin-left: 0cm;\">Qu\u2019est-ce que la cobla\u00a0?<\/h2>\n<p><strong><em>Cobla<\/em><\/strong>\u00a0 vient du latin \u00ab\u00a0<em>copola<\/em>\u00a0\u00bb qui signifie \u00ab\u00a0ensemble\u00a0\u00bb ou \u00ab\u00a0union\u00a0\u00bb.<\/p>\n<p>C\u2019est un ensemble instrumental traditionnel qui invite \u00e0 danser la sardane. <strong>La cobla<\/strong> se compose aujourd\u2019hui de <strong>11 musiciens<\/strong> et <strong>12 instruments<\/strong> qui sont pour la plupart des instruments \u00e0 vent et fournissent donc une sonorit\u00e9 tr\u00e8s particuli\u00e8re.[\/vc_column_text][\/vc_column][vc_column width=\u00a0\u00bb1\/2&Prime;][vc_single_image image=\u00a0\u00bb3660&Prime; img_size=\u00a0\u00bbfull\u00a0\u00bb alignment=\u00a0\u00bbcenter\u00a0\u00bb][vc_column_text]<\/p>\n<p style=\"text-align: center;\"><em>Cobla Francesc Angle\u0300s Garcia in l&rsquo;Escala<\/em><\/p>\n<p>[\/vc_column_text][\/vc_column][\/vc_row][vc_row][vc_column][vc_empty_space height=\u00a0\u00bb30px\u00a0\u00bb][\/vc_column][\/vc_row][vc_row][vc_column width=\u00a0\u00bb1\/2&Prime;][vc_single_image image=\u00a0\u00bb3663&Prime; img_size=\u00a0\u00bbfull\u00a0\u00bb alignment=\u00a0\u00bbcenter\u00a0\u00bb][vc_column_text]<\/p>\n<p style=\"text-align: center;\"><em>Mus\u00e9e de la M\u00e9diterran\u00e9e\u00a0\u00e0 Torroella de Montgri (G\u00e9rone)<\/em><\/p>\n<p>[\/vc_column_text][\/vc_column][vc_column width=\u00a0\u00bb1\/2&Prime;][vc_column_text]<strong>Les 12 instruments de la Cobla\u00a0:<\/strong><\/p>\n<ul>\n<li><strong>1 Flabiol et 1 Tambori<\/strong><\/li>\n<li><strong>2 Tibles<\/strong><\/li>\n<li><strong>2 Tenoras<\/strong><\/li>\n<li><strong>2 Trompettes<\/strong><\/li>\n<li><strong>1 Trombone \u00e0 pistons<\/strong><\/li>\n<li><strong>2 Fiscorns<\/strong><\/li>\n<li><strong>1 Contrebasse \u00e0 3 cordes<\/strong><\/li>\n<\/ul>\n<p>[\/vc_column_text][\/vc_column][\/vc_row][vc_row][vc_column][vc_empty_space height=\u00a0\u00bb30px\u00a0\u00bb][\/vc_column][\/vc_row][vc_row][vc_column width=\u00a0\u00bb1\/2&Prime;][vc_column_text]<strong>La Cobla <\/strong>est toujours associ\u00e9e \u00e0 la sardane. Elle rythme le pas de danse. Mais elle peut aussi donner des concerts dans des styles diff\u00e9rents ou accompagner d\u2019autres danses, folkloriques ou pas.<\/p>\n<p>A <a href=\"https:\/\/www.irouicome.com\/blog\/pays-catalan\/lieux-a-decouvrir\/france\/ceret\/\" target=\"_blank\" rel=\"noopener\"><u>C\u00e9ret<\/u><\/a>, par exemple, la Cobla est tr\u00e8s pr\u00e9sente lors de la f\u00e9ria C\u00e9ret de Toros, elle joue l\u2019hymne catalan dans l\u2019ar\u00e8ne, accompagne le matador et encha\u00eene des valses, paso dobles et bien entendu joue la sardane de fin.[\/vc_column_text][\/vc_column][vc_column width=\u00a0\u00bb1\/2&Prime;][vc_single_image image=\u00a0\u00bb3666&Prime; img_size=\u00a0\u00bbfull\u00a0\u00bb alignment=\u00a0\u00bbcenter\u00a0\u00bb][vc_column_text]<\/p>\n<p style=\"text-align: center;\"><em>Cobla Els Casanoves<\/em><\/p>\n<p>[\/vc_column_text][vc_single_image image=\u00a0\u00bb3669&Prime; img_size=\u00a0\u00bbfull\u00a0\u00bb alignment=\u00a0\u00bbcenter\u00a0\u00bb][vc_column_text]<\/p>\n<p style=\"text-align: center;\"><em>Cobla de Llobregat<\/em><\/p>\n<p>[\/vc_column_text][\/vc_column][\/vc_row][vc_row][vc_column][vc_empty_space height=\u00a0\u00bb30px\u00a0\u00bb][\/vc_column][\/vc_row][vc_row][vc_column][vc_column_text]<\/p>\n<h3>Quelques explications :<\/h3>\n<p>Flabiol\u00a0: Petite fl\u00fbte \u00e0 bec qui ressemble au flaviol du Moyen \u00e2ge, ancienne fl\u00fbte \u00e0 7 ou 8 trous dont seuls 5 trous sont utilis\u00e9s par le flabiolaire (trois au-dessus, et 2 en dessous).<\/p>\n<p>Tambori\u00a0: Petit tambour long catalan, unique instrument \u00e0 percussion de la Cobla. Jou\u00e9 avec une baguette appel\u00e9e \u00ab\u00a0broqueta\u00a0\u00bb.<\/p>\n<p>Tible\u00a0: Hautbois catalan plus petit que la Tenora. Le son est aigu.<\/p>\n<p>Tenora\u00a0: Hautbois, c\u2019est la grande s\u0153ur du Tible. Son pavillon est en m\u00e9tal. Le son est puissant.<\/p>\n<p>Fiscorn\u00a0: Fait partie de la famille des cuivres. Il est \u00e9quip\u00e9 de pistons.[\/vc_column_text][\/vc_column][\/vc_row][vc_row][vc_column][vc_empty_space height=\u00a0\u00bb50px\u00a0\u00bb][\/vc_column][\/vc_row][vc_row][vc_column width=\u00a0\u00bb1\/2&Prime;][vc_column_text]<\/p>\n<h2>Comment se danse la sardane\u00a0?<\/h2>\n<p>C\u2019est une danse structur\u00e9e dont les r\u00e8gles pr\u00e9cises\u00a0s\u2019appliquent de la C\u00f4te vermeille \u00e0 la c\u00f4te espagnole en passant par les plaines et montagnes catalanes.<\/p>\n<p>Dans un premier temps, il y a une introduction d\u2019appel \u00e0 la sardane. Ces premi\u00e8res mesures sont jou\u00e9es par le <strong>flabiolaire<\/strong>, le musicien qui joue deux instruments\u00a0: du <strong>flabiol<\/strong> de sa main gauche et bat du <strong>tambori<\/strong> avec sa baguette \u00ab\u00a0broqueta\u00a0\u00bb de la main droite. Ces notes donnent le rythme de la sardane. C\u2019est <strong>l\u2019invitation \u00e0 entrer dans la danse<\/strong>.[\/vc_column_text][\/vc_column][vc_column width=\u00a0\u00bb1\/2&Prime;][vc_single_image image=\u00a0\u00bb3672&Prime; img_size=\u00a0\u00bbfull\u00a0\u00bb alignment=\u00a0\u00bbcenter\u00a0\u00bb][vc_column_text]<\/p>\n<p style=\"text-align: center;\"><em>Flabiolaire (Cobla La Principal d&rsquo;Olot)<\/em><\/p>\n<p>[\/vc_column_text][\/vc_column][\/vc_row][vc_row][vc_column][vc_empty_space height=\u00a0\u00bb30px\u00a0\u00bb][\/vc_column][\/vc_row][vc_row][vc_column width=\u00a0\u00bb1\/2&Prime;][vc_column_text]La sardane comprend <strong>deux th\u00e8mes m\u00e9lodiques<\/strong> diff\u00e9rents. Sur la premi\u00e8re m\u00e9lodie, les danseurs effectuent des petits <strong>pas courts<\/strong>, et sur la deuxi\u00e8me des <strong>pas longs<\/strong>. Ces th\u00e8mes se r\u00e9p\u00e8tent plusieurs fois dans un ordre pr\u00e9cis. Ils sont li\u00e9s par des pas interm\u00e9diaires qui marquent les transitions.[\/vc_column_text][\/vc_column][vc_column width=\u00a0\u00bb1\/2&Prime;][vc_single_image image=\u00a0\u00bb3675&Prime; img_size=\u00a0\u00bbfull\u00a0\u00bb alignment=\u00a0\u00bbcenter\u00a0\u00bb][vc_column_text]<\/p>\n<p style=\"text-align: center;\"><em>Sardane \u00e0 <u>C\u00e9ret <\/u><\/em><\/p>\n<p>[\/vc_column_text][\/vc_column][\/vc_row][vc_row][vc_column][vc_empty_space height=\u00a0\u00bb30px\u00a0\u00bb][\/vc_column][\/vc_row][vc_row][vc_column width=\u00a0\u00bb1\/2&Prime;][vc_single_image image=\u00a0\u00bb3678&Prime; img_size=\u00a0\u00bbfull\u00a0\u00bb alignment=\u00a0\u00bbcenter\u00a0\u00bb][vc_column_text]<\/p>\n<p style=\"text-align: center;\"><em>Aplec de Calella-F\u00e0brica Llobet<\/em><\/p>\n<p>[\/vc_column_text][\/vc_column][vc_column width=\u00a0\u00bb1\/2&Prime;][vc_column_text]D\u00e8s les premi\u00e8res notes, <strong>les danseurs se prennent la main et font une ronde, ils l\u00e8vent les bras<\/strong>. Il est imp\u00e9ratif de commencer par le pied gauche. Cette ronde lente se danse en cercle, et il y a toujours un des danseurs qui m\u00e8ne la danse.[\/vc_column_text][\/vc_column][\/vc_row][vc_row][vc_column][vc_empty_space height=\u00a0\u00bb30px\u00a0\u00bb][\/vc_column][\/vc_row][vc_row][vc_column width=\u00a0\u00bb1\/2&Prime;][vc_single_image image=\u00a0\u00bb3681&Prime; img_size=\u00a0\u00bbfull\u00a0\u00bb alignment=\u00a0\u00bbcenter\u00a0\u00bb][vc_column_text]<\/p>\n<p style=\"text-align: center;\"><em>Sardane F\u00e9ria de Millas<\/em><\/p>\n<p>[\/vc_column_text][\/vc_column][vc_column width=\u00a0\u00bb1\/2&Prime;][vc_column_text]La sardane est conviviale, et lorsque le cercle rejoint par d\u2019autres danseurs devient trop grand, il se coupe pour former d\u2019autres cercles. Parfois ils deviennent concentriques (jusqu\u2019\u00e0 3 cercles les uns dans les autres).<\/p>\n<p>On reconnait un cercle form\u00e9 de danseurs professionnels de groupes de danse (appel\u00e9s \u00ab\u00a0<em>colles<\/em>\u00a0\u00bb) \u00e0 leurs costumes traditionnels.[\/vc_column_text][\/vc_column][\/vc_row][vc_row][vc_column][vc_empty_space height=\u00a0\u00bb50&Prime;][\/vc_column][\/vc_row][vc_row][vc_column][vc_separator][\/vc_column][\/vc_row][vc_row class=\u00a0\u00bbrow-flex\u00a0\u00bb][vc_column width=\u00a0\u00bb1\/6&Prime;][vc_single_image image=\u00a0\u00bb1753&Prime; img_size=\u00a0\u00bbfull\u00a0\u00bb alignment=\u00a0\u00bbcenter\u00a0\u00bb][\/vc_column][vc_column width=\u00a0\u00bb5\/6&Prime; css=\u00a0\u00bb.vc_custom_1510053487436{border-left-width: 2px !important;padding-top: 0px !important;border-left-color: #e07e1d !important;border-left-style: solid !important;}\u00a0\u00bb][vc_column_text]<strong>Le saviez-vous\u00a0?<\/strong><\/p>\n<p><em>Chacun peut entrer dans un cercle de sardane, mais attention\u00a0! Il est mal vu de rompre un cercle de couple si vous \u00eates seul. Il existe des rondes de couples, et d\u2019autres de c\u00e9libataires. Voil\u00e0 qui est dit\u00a0!<\/em>[\/vc_column_text][\/vc_column][\/vc_row][vc_row][vc_column][vc_separator][\/vc_column][\/vc_row][vc_row][vc_column][vc_empty_space height=\u00a0\u00bb50&Prime;][\/vc_column][\/vc_row][vc_row][vc_column width=\u00a0\u00bb1\/2&Prime;][vc_single_image image=\u00a0\u00bb3684&Prime; img_size=\u00a0\u00bbfull\u00a0\u00bb alignment=\u00a0\u00bbcenter\u00a0\u00bb][vc_column_text]<\/p>\n<p style=\"text-align: center;\"><em>Costume catalan homme<\/em><\/p>\n<p>[\/vc_column_text][vc_single_image image=\u00a0\u00bb3687&Prime; img_size=\u00a0\u00bbfull\u00a0\u00bb alignment=\u00a0\u00bbcenter\u00a0\u00bb][vc_column_text]<\/p>\n<p style=\"text-align: center;\"><em>Costume catalan femme<\/em><\/p>\n<p>[\/vc_column_text][\/vc_column][vc_column width=\u00a0\u00bb1\/2&Prime;][vc_column_text]<\/p>\n<h2 style=\"margin-left: 0cm;\">Un costume traditionnel pour les danseurs de sardane<\/h2>\n<p>Traditionnellement, les danseurs de sardane professionnels rev\u00eatent le costume folklorique catalan.<\/p>\n<p>L\u2019homme porte\u00a0:<\/p>\n<ul>\n<li>la \u00ab\u00a0barretina\u00a0\u00bb (couvre-chef)<\/li>\n<li>la \u00ab\u00a0faixe\u00a0\u00bb (ceinture, en flanelle rouge)<\/li>\n<li>les \u00ab\u00a0vigatanes\u00a0\u00bb (espadrilles)<\/li>\n<\/ul>\n<p>&nbsp;<\/p>\n<p>La femme porte\u00a0:<\/p>\n<ul>\n<li>la \u00ab\u00a0coiffecatalane\u00a0\u00bb (petit bonnet en dentelle)<\/li>\n<li>la \u00ab\u00a0mantille\u00a0\u00bb (ch\u00e2le)<\/li>\n<\/ul>\n<p>les \u00ab\u00a0vigatanes\u00a0\u00bb (espadrilles)[\/vc_column_text][\/vc_column][\/vc_row][vc_row][vc_column][vc_empty_space height=\u00a0\u00bb30px\u00a0\u00bb][\/vc_column][\/vc_row][vc_row][vc_column][vc_column_text]Aujourd\u2019hui, <strong>la sardane se danse partout, en habits de tous les jours, \u00e0 la moindre occasion festive<\/strong>. D\u00e8s l\u2019invitation \u00e0 entrer en danse, les gens posent sacs et autres affaires par terre au centre de la ronde et se mettent en place pour danser. Les costumes folkloriques sont rev\u00eatus pour des exhibitions plus traditionnelles notamment lors de la <strong>Festa Major<\/strong>.[\/vc_column_text][\/vc_column][\/vc_row][vc_row][vc_column][vc_empty_space height=\u00a0\u00bb50px\u00a0\u00bb][\/vc_column][\/vc_row][vc_row][vc_column width=\u00a0\u00bb1\/2&Prime;][vc_column_text]<\/p>\n<h2 style=\"margin-left: 0cm;\">La sardane, une danse qui exprime l\u2019\u00e2me catalane<\/h2>\n<p><strong>La sardane repr\u00e9sente le c\u0153ur et le caract\u00e8re des catalans\u00a0:<\/strong> fiers, passionn\u00e9s, solidaires, fougueux, t\u00eate haute et mains lev\u00e9es, ils expriment leur unit\u00e9 et leur identit\u00e9 \u00e0 travers cette danse, symbole de leur art de vivre et de leur fiert\u00e9 d\u2019\u00eatre catalans.<\/p>\n<p><strong>On la danse \u00e0 tout \u00e2ge, \u00e0 toute occasion, sur toutes les places de la Catalogne<\/strong> du nord au sud, ensemble, quelle que soit l\u2019origine, en laissant toutes les diff\u00e9rences de c\u00f4t\u00e9. La sardane se transmet de g\u00e9n\u00e9ration en g\u00e9n\u00e9ration.[\/vc_column_text][\/vc_column][vc_column width=\u00a0\u00bb1\/2&Prime;][vc_single_image image=\u00a0\u00bb3690&Prime; img_size=\u00a0\u00bbfull\u00a0\u00bb alignment=\u00a0\u00bbcenter\u00a0\u00bb][vc_column_text]<\/p>\n<p style=\"text-align: center;\"><em>Peinture murale par Guinovart a\u0300 Mundet<\/em><\/p>\n<p>[\/vc_column_text][\/vc_column][\/vc_row][vc_row][vc_column][vc_empty_space height=\u00a0\u00bb30px\u00a0\u00bb][\/vc_column][\/vc_row][vc_row][vc_column width=\u00a0\u00bb1\/2&Prime;][vc_column_text]M\u00eame <strong>interdite en Espagne par Franco sous le franquisme<\/strong> (1939-1975), les catalans ont continu\u00e9 de la danser, jusque sur le parvis de la cath\u00e9drale \u00e0 <a href=\"https:\/\/www.irouicome.com\/blog\/pays-catalan\/lieux-a-decouvrir\/espagne\/barcelone-traditionnelle\/\" target=\"_blank\" rel=\"noopener\"><u>Barcelone<\/u><\/a>, affirmant ainsi fi\u00e8rement\u00a0 leur identit\u00e9.<\/p>\n<p>La sardane fut aussi dessin\u00e9e par Picasso qui, lors d\u2019un de ses passages \u00e0 <a href=\"https:\/\/www.irouicome.com\/blog\/pays-catalan\/lieux-a-decouvrir\/france\/ceret\/\" target=\"_blank\" rel=\"noopener\"><u>C\u00e9ret<\/u><\/a>, dessina \u00ab\u00a0La Sardane de la paix\u00a0\u00bb, tout un symbole. Vous pouvez d\u2019ailleurs d\u00e9couvrir cette \u0153uvre r\u00e9alis\u00e9e au fusain au <u>Mus\u00e9e d\u2019Art Moderne de C\u00e9ret<\/u>.[\/vc_column_text][\/vc_column][vc_column width=\u00a0\u00bb1\/2&Prime;][vc_single_image image=\u00a0\u00bb3693&Prime; img_size=\u00a0\u00bbfull\u00a0\u00bb alignment=\u00a0\u00bbcenter\u00a0\u00bb][vc_column_text]<\/p>\n<p style=\"text-align: center;\"><em>La Sardane de la paix-Picasso<\/em><\/p>\n<p>[\/vc_column_text][\/vc_column][\/vc_row][vc_row][vc_column][vc_empty_space height=\u00a0\u00bb30px\u00a0\u00bb][\/vc_column][\/vc_row][vc_row][vc_column][vc_column_text]On ne compte plus le nombre de villes et de villages catalans, en bord de la mer M\u00e9diterran\u00e9e ou\u00a0dans les plaines et montagnes des Pyr\u00e9n\u00e9es Orientales, qui poss\u00e8dent une <strong>statue repr\u00e9sentant la sardane\u00a0!<\/strong> Nous ne citerons que Barcelone, <a href=\"https:\/\/www.irouicome.com\/blog\/pays-catalan\/lieux-a-decouvrir\/france\/banyuls\/\" target=\"_blank\" rel=\"noopener\"><strong>Banyuls sur Mer<\/strong><\/a>, l\u2019Escala, Fontaine de la Sardane \u00e0 Le Boulou, Malgrat de Mar, Prats-de-Mollo, Figueres, <a href=\"https:\/\/www.irouicome.com\/blog\/pays-catalan\/lieux-a-decouvrir\/espagne\/tarragone\/\" target=\"_blank\" rel=\"noopener\">Tarragone<\/a>\u2026<\/p>\n<p>Nul doute que, lors d\u2019un s\u00e9jour en Pays catalan, en \u00e9t\u00e9 comme en hiver, vous aussi vous entendrez cet appel, et peut-\u00eatre serez-vous tent\u00e9 d\u2019entrer dans la danse apr\u00e8s avoir longuement compt\u00e9 et retenu les pas complexes et\u00a0 rythm\u00e9s de la sardane.<\/p>\n<p>Vous pouvez aussi souhaiter participer \u00e0 des cours de danse, voire un stage de danse au cours de vos vacances en Espagne ou en France. Renseignez-vous aupr\u00e8s des Offices de tourisme, de nombreux ateliers existent.<\/p>\n<p>Et m\u00eame si vous d\u00e9cidez de rester simple spectateur, sur cette place o\u00f9 le cercle se forme, vous ne pourrez \u00e9chapper \u00e0 envo\u00fbtement de cette musique bien particuli\u00e8re qui vous fera vibrer \u00e0 l\u2019heure de faire la f\u00eate. La sardane se danse durant toutes les grandes f\u00eates catalanes, comme par exemple lors de la <a href=\"https:\/\/www.irouicome.com\/blog\/pays-catalan\/traditions\/saint-jean-catalogne\/\" target=\"_blank\" rel=\"noopener\">Sant Joan<\/a> ou de la <a href=\"https:\/\/www.irouicome.com\/blog\/pays-catalan\/traditions\/la-fete-de-la-merce\/\" target=\"_blank\" rel=\"noopener\">Merc\u00e9<\/a>.<\/p>\n<p>Si votre avez l\u2019occasion de s\u00e9journer en Occitanie ou au nord-est de l\u2019Espagne, ne ratez pas ce rendez-vous\u00a0avec le <strong>folklore traditionnel<\/strong> ![\/vc_column_text][\/vc_column][\/vc_row][vc_row][vc_column][vc_empty_space height=\u00a0\u00bb50px\u00a0\u00bb][\/vc_column][\/vc_row][vc_row][vc_column][vc_separator][\/vc_column][\/vc_row][vc_row class=\u00a0\u00bbrow-flex\u00a0\u00bb][vc_column width=\u00a0\u00bb1\/6&Prime;][vc_single_image image=\u00a0\u00bb1753&Prime; img_size=\u00a0\u00bbfull\u00a0\u00bb alignment=\u00a0\u00bbcenter\u00a0\u00bb][\/vc_column][vc_column width=\u00a0\u00bb5\/6&Prime; css=\u00a0\u00bb.vc_custom_1510053487436{border-left-width: 2px !important;padding-top: 0px !important;border-left-color: #e07e1d !important;border-left-style: solid !important;}\u00a0\u00bb][vc_column_text]<strong>Le saviez-vous\u00a0?<\/strong><\/p>\n<p><em>Chaque ann\u00e9e, une ville est d\u00e9sign\u00e9e Capitale de la Sardane, ce qui donne lieu \u00e0 de nombreuses festivit\u00e9s. En 2017 ce fut Figueres, en 2018, c\u2019est Montblanc et en 2019, ce sera Perpignan. Qu\u2019on se le dise\u00a0!<\/em><\/p>\n<p><strong>\u00a0<\/strong>[\/vc_column_text][\/vc_column][\/vc_row][vc_row][vc_column][vc_separator][\/vc_column][\/vc_row][vc_row][vc_column][vc_empty_space height=\u00a0\u00bb50px\u00a0\u00bb][\/vc_column][\/vc_row]<\/p>\n","protected":false},"excerpt":{"rendered":"[vc_row][vc_column][vc_empty_space height=\"50px\"][\/vc_column][\/vc_row][vc_row][vc_column][vc_single_image image=\"3654\" img_size=\"full\" alignment=\"center\"][vc_column_text] Sardane Saint Vincent de Montalt [\/vc_column_text][\/vc_column][\/vc_row][vc_row][vc_column][vc_empty_space height=\"50px\"][\/vc_column][\/vc_row][vc_row][vc_column][vc_column_text] Qu\u2019est-ce que la sardane\u00a0? La sardane (sardana en&hellip;","protected":false},"author":2,"featured_media":9838,"parent":1688,"menu_order":0,"comment_status":"closed","ping_status":"closed","template":"","meta":[],"_links":{"self":[{"href":"https:\/\/www.irouicome.com\/blog\/wp-json\/wp\/v2\/pages\/1963"}],"collection":[{"href":"https:\/\/www.irouicome.com\/blog\/wp-json\/wp\/v2\/pages"}],"about":[{"href":"https:\/\/www.irouicome.com\/blog\/wp-json\/wp\/v2\/types\/page"}],"author":[{"embeddable":true,"href":"https:\/\/www.irouicome.com\/blog\/wp-json\/wp\/v2\/users\/2"}],"replies":[{"embeddable":true,"href":"https:\/\/www.irouicome.com\/blog\/wp-json\/wp\/v2\/comments?post=1963"}],"version-history":[{"count":6,"href":"https:\/\/www.irouicome.com\/blog\/wp-json\/wp\/v2\/pages\/1963\/revisions"}],"predecessor-version":[{"id":12195,"href":"https:\/\/www.irouicome.com\/blog\/wp-json\/wp\/v2\/pages\/1963\/revisions\/12195"}],"up":[{"embeddable":true,"href":"https:\/\/www.irouicome.com\/blog\/wp-json\/wp\/v2\/pages\/1688"}],"wp:featuredmedia":[{"embeddable":true,"href":"https:\/\/www.irouicome.com\/blog\/wp-json\/wp\/v2\/media\/9838"}],"wp:attachment":[{"href":"https:\/\/www.irouicome.com\/blog\/wp-json\/wp\/v2\/media?parent=1963"}],"curies":[{"name":"wp","href":"https:\/\/api.w.org\/{rel}","templated":true}]}}