{"id":2045,"date":"2018-03-27T13:29:41","date_gmt":"2018-03-27T11:29:41","guid":{"rendered":"https:\/\/www.irouicome.com\/blog\/?page_id=2045"},"modified":"2018-08-10T11:42:55","modified_gmt":"2018-08-10T09:42:55","slug":"la-sanch","status":"publish","type":"page","link":"https:\/\/www.irouicome.com\/blog\/pays-catalan\/traditions\/la-sanch\/","title":{"rendered":"La Sanch"},"content":{"rendered":"<p>[vc_row][vc_column][vc_empty_space height=\u00a0\u00bb50px\u00a0\u00bb][\/vc_column][\/vc_row][vc_row][vc_column][vc_column_text]Avant P\u00e2ques, chaque Vendredi saint \u00e0 15h \u00e0 Perpignan la Catalane, une \u00e9trange procession r\u00e9unit une foule h\u00e9t\u00e9roclite de fervents croyants et de simples touristes qui se rassemblent tout au long de son parcours. Et vous voil\u00e0, m\u00eame si vous \u00eates sceptique, plong\u00e9 dans une atmosph\u00e8re d\u2019un autre temps, \u00e0 la fois myst\u00e9rieuse et mystique. C\u2019est la procession de la Sanch.<\/p>\n<p>Une certaine ferveur se d\u00e9gage de cette c\u00e9l\u00e9bration religieuse de la Semaine sainte, et un sentiment \u00e9trange et tr\u00e8s personnel flotte dans cette ambiance lourde face \u00e0 ce d\u00e9fil\u00e9 d\u2019hommes cagoul\u00e9s, en tenue longue, noire pour les hommes -rouge pour certains- et noire avec une mantille sur la t\u00eate pour les femmes.[\/vc_column_text][\/vc_column][\/vc_row][vc_row][vc_column][vc_empty_space height=\u00a0\u00bb30px\u00a0\u00bb][\/vc_column][\/vc_row][vc_row][vc_column][vc_column_text]<\/p>\n<h2>Une tradition vieille de six si\u00e8cles\u00a0!<\/h2>\n<p>Cette <strong>manifestation rare en France<\/strong> (on ne la trouve que dans quelques endroits du Roussillon), et souvent trait\u00e9e diff\u00e9remment en Catalogne espagnole, trouve ses racines \u00e0 la fin du Moyen-\u00e2ge. En 1416 la \u00ab\u00a0<strong>Confr\u00e9rie de la Preciosissima Sanch de Nostre Senyor Jesus Christ<\/strong>\u00a0\u00bb fut cr\u00e9\u00e9e par Saint Vincent Ferrier (un pr\u00eacheur originaire de Valence en Espagne) lors de son passage \u00e0 Perpignan, en l\u2019\u00e9glise Saint Jacques.[\/vc_column_text][\/vc_column][\/vc_row][vc_row][vc_column][vc_empty_space height=\u00a0\u00bb30px\u00a0\u00bb][\/vc_column][\/vc_row][vc_row][vc_column][vc_single_image image=\u00a0\u00bb3646&Prime; img_size=\u00a0\u00bbfull\u00a0\u00bb alignment=\u00a0\u00bbcenter\u00a0\u00bb][\/vc_column][\/vc_row][vc_row][vc_column][vc_empty_space height=\u00a0\u00bb30&Prime;][\/vc_column][\/vc_row][vc_row][vc_column el_class=\u00a0\u00bbtext\u00a0\u00bb][vc_column_text]Sanch (il faut prononcer sank) signifie \u00ab\u00a0sang\u00a0\u00bb. Sant Vicent Ferrer qui appartenait \u00e0 l\u2019ordre des Dominicains attribua trois missions \u00e0 la Confr\u00e9rie\u00a0:<\/p>\n<p>&#8211; soutenir et accompagner physiquement et spirituellement les prisonniers et les condamn\u00e9s \u00e0 mort jusqu\u2019au lieu de leur ex\u00e9cution et leur donner une s\u00e9pulture chr\u00e9tienne<\/p>\n<p>&#8211; aviver et perfectionner la foi des confr\u00e8res et cons\u0153urs<\/p>\n<p>&#8211; organiser chaque ann\u00e9e une procession en comm\u00e9moration de la Passion du Christ<\/p>\n<p><strong>A l\u2019\u00e9poque<\/strong>, les membres de la Confr\u00e9rie de la Sanch se joignaient aux prisonniers et rev\u00eataient le m\u00eame costume noir avec une cagoule pointue pour que personne ne puisse identifier les condamn\u00e9s ni les lyncher avant leur arriv\u00e9e sur le lieu d\u2019ex\u00e9cution.[\/vc_column_text][\/vc_column][\/vc_row][vc_row][vc_column][vc_empty_space height=\u00a0\u00bb30px\u00a0\u00bb][\/vc_column][\/vc_row][vc_row][vc_column el_class=\u00a0\u00bbtext\u00a0\u00bb][vc_column_text]<\/p>\n<h2>Une procession impressionnante \u00e0 Perpignan !<\/h2>\n<p><strong>Aujourd\u2019hui<\/strong>, la Confr\u00e9rie de la Sanch perp\u00e9tue cette tradition, symbole de la culture et de l\u2019identit\u00e9 catalane, et organise la procession dans les rues de la capitale du Roussillon. Sur 1 km et pendant 3 heures durant, le cort\u00e8ge avance \u00e0 un rythme lent. Il est ponctu\u00e9 par les tintements de cloche, des roulements de tambours et des pauses.[\/vc_column_text][\/vc_column][\/vc_row][vc_row][vc_column][vc_empty_space height=\u00a0\u00bb30px\u00a0\u00bb][\/vc_column][\/vc_row][vc_row][vc_column][vc_separator][\/vc_column][\/vc_row][vc_row class=\u00a0\u00bbrow-flex\u00a0\u00bb][vc_column width=\u00a0\u00bb1\/6&Prime;][vc_single_image image=\u00a0\u00bb1753&Prime; img_size=\u00a0\u00bbfull\u00a0\u00bb alignment=\u00a0\u00bbcenter\u00a0\u00bb][\/vc_column][vc_column width=\u00a0\u00bb5\/6&Prime; css=\u00a0\u00bb.vc_custom_1510053487436{border-left-width: 2px !important;padding-top: 0px !important;border-left-color: #e07e1d !important;border-left-style: solid !important;}\u00a0\u00bb][vc_column_text]<strong>Le saviez-vous\u00a0?<\/strong><\/p>\n<p><em>Aujourd\u2019hui, les membres de la Confr\u00e9rie continuent de s\u2019engager solennellement \u00e0 participer \u00e0 des actions de charit\u00e9, ils visitent aussi les prisonniers et ils accompagnent les familles dans leur deuil. <\/em>[\/vc_column_text][\/vc_column][\/vc_row][vc_row][vc_column][vc_separator][\/vc_column][\/vc_row][vc_row][vc_column][vc_empty_space height=\u00a0\u00bb30&Prime;][\/vc_column][\/vc_row][vc_row][vc_column el_class=\u00a0\u00bbtext\u00a0\u00bb][vc_column_text]Le d\u00e9fil\u00e9 est men\u00e9 par le \u00ab\u00a0<strong>regidor<\/strong>\u00a0\u00bb (meneur), il ouvre la marche. C\u2019est un \u00ab\u00a0<strong>caparutxa<\/strong>\u00a0\u00bb, c\u2019est-\u00e0-dire un p\u00e9nitent. Tout de rouge v\u00eatu (robe et cagoule conique), il porte une cloche qu\u2019il agite pour impulser le tempo de la procession.<\/p>\n<p>Juste derri\u00e8re, <strong>les tambours<\/strong> prennent le relais et produisent des roulements tr\u00e8s sourds, tr\u00e8s profonds, rendant l\u2019ambiance pesante, dramatique. Ces tambours sont habill\u00e9s de cr\u00eape noir.<\/p>\n<p>Suivent ensuite <strong>les diff\u00e9rentes confr\u00e9ries des paroisses catalanes et leurs banni\u00e8res<\/strong>. Les \u00ab\u00a0<strong>caparutxes\u00a0\u00bb<\/strong> (p\u00e9nitents) portent sur leurs \u00e9paules les \u00ab\u00a0<strong>Misteris<\/strong>\u00a0\u00bb (repr\u00e9sentations \u00e0 taille r\u00e9elle, en bois ou en cire des diff\u00e9rentes sc\u00e8nes de la Passion du Christ), orn\u00e9s de fleurs. Les p\u00e9nitents, v\u00eatus de noir et cagoul\u00e9s pour les hommes et en mantille noire pour les femmes, parfois pieds nus, se relaient au roulement de tambour pour porter les Misteris qui p\u00e8sent jusqu\u2019\u00e0 30, voire 50 kg. Ils sont suivis en silence par de nombreux p\u00e8lerins de tout \u00e2ge qui participent au chemin de croix.<\/p>\n<p>Ce d\u00e9fil\u00e9 majestueux et solennel, ponctu\u00e9 par des \u00ab\u00a0<strong>goigs<\/strong>\u00a0\u00bb (cantiques) se d\u00e9roule dans le recueillement et rassemble une foule silencieuse mass\u00e9e le long du parcours dans les rues du c\u0153ur historique de l\u2019ancienne capitale des rois de Majorque.<\/p>\n<p>Attention toutefois, si vos tout-petits sont tr\u00e8s sensibles, sachez qu\u2019ils peuvent \u00eatre impressionn\u00e9s.[\/vc_column_text][\/vc_column][\/vc_row][vc_row][vc_column][vc_empty_space height=\u00a0\u00bb30&Prime;][\/vc_column][\/vc_row][vc_row][vc_column][vc_separator][\/vc_column][\/vc_row][vc_row class=\u00a0\u00bbrow-flex\u00a0\u00bb][vc_column width=\u00a0\u00bb1\/6&Prime;][vc_single_image image=\u00a0\u00bb1753&Prime; img_size=\u00a0\u00bbfull\u00a0\u00bb alignment=\u00a0\u00bbcenter\u00a0\u00bb][\/vc_column][vc_column width=\u00a0\u00bb5\/6&Prime; css=\u00a0\u00bb.vc_custom_1510053487436{border-left-width: 2px !important;padding-top: 0px !important;border-left-color: #e07e1d !important;border-left-style: solid !important;}\u00a0\u00bb][vc_column_text]<strong>Le saviez-vous\u00a0?<\/strong><\/p>\n<p><em>La Sanch fait partie du patrimoine culturel et religieux immat\u00e9riel<\/em>. <em>La procession de la Sanch \u00e0 Perpignan rassemble\u00a0 environ 700 p\u00e9nitents et une foule de fid\u00e8les et touristes curieux venant du monde entier.<\/em>[\/vc_column_text][\/vc_column][\/vc_row][vc_row][vc_column][vc_separator][\/vc_column][\/vc_row][vc_row][vc_column][vc_empty_space height=\u00a0\u00bb30&Prime;][\/vc_column][\/vc_row][vc_row][vc_column][vc_column_text]<\/p>\n<h2>Les autres c\u00e9l\u00e9brations de la semaine sainte en Pays Catalan<\/h2>\n<p><strong>Dans les communes des Pyr\u00e9n\u00e9es orientales,<\/strong> les manifestations de la semaine sainte font partie des sp\u00e9cificit\u00e9s du <strong>Pays Catalan et de leur culture traditionnelle.<\/strong><\/p>\n<p>Ce sont les processions de l\u2019archiconfr\u00e9rie de la Sanch qui, d\u00e8s le Jeudi Saint, marquent les moments forts pr\u00e9c\u00e9dant les festivit\u00e9s de P\u00e2ques.<\/p>\n<p><strong>Le jeudi soir \u00e0<\/strong> <strong>Bouletern\u00e8re<\/strong>, au pied des premiers contreforts des Aspres, les p\u00e9nitents se retrouvent pour <strong>la procession nocturne de la confr\u00e9rie des \u00ab\u00a0pagesos\u00a0\u00bb<\/strong> (paysans). Ils d\u00e9filent en civil, sans les costumes de la Sanch, cette tradition date du Moyen-\u00e2ge.<\/p>\n<p><strong>Le vendredi saint<\/strong>, apr\u00e8s Perpignan \u00e0 15 h, la procession de la Sanch vous donne rendez-vous <strong>la nuit \u00e0 21 heures \u00e0 Collioure <\/strong>en bord de M\u00e9diterran\u00e9e. L\u2019ambiance est magnifi\u00e9e par la nuit qui rend la procession encore plus myst\u00e9rieuse sous la lueur des flambeaux. Pendant 1h30, le cort\u00e8ge arpente les ruelles de la vieille ville o\u00f9 les habitations et les reposoirs sont d\u00e9cor\u00e9s tout au long du parcours.<\/p>\n<p><strong>\u00c0 Arles-sur-Tech, dans le Vallespir, au Sud Canigou<\/strong>, la procession se d\u00e9roule aussi la nuit de 21h \u00e0 23h dans les rues \u00e9troites de cette petite cit\u00e9 romane, la ville s\u2019enveloppant alors d\u2019un silence respectueux qui n\u2019est rompu que par les sons de la cloche et les roulements de tambours.<\/p>\n<p><strong>Le jour de P\u00e2ques, les rues de C\u00e9ret sont en f\u00eate avec la Procession du Ressuscit\u00e9<\/strong>. Les cloches sonnent cette bonne nouvelle le dimanche matin et annoncent une journ\u00e9e pleine de ferveur religieuse et de traditions catalanes\u00a0!<\/p>\n<p>C\u2019est aussi le dimanche de P\u00e2ques qu\u2019<strong>Ille-sur-T\u00eat<\/strong> <strong>offre une c\u00e9l\u00e9bration unique<\/strong> pour f\u00eater la r\u00e9surrection du Christ\u00a0: A 8h, la statue du Ressuscit\u00e9 et la statue de la Vierge se saluent 3 fois, et c\u2019est\u00a0le c<strong>oup d\u2019envoi des R\u00e9gina<\/strong> (celle de Coll puis celle de Colomer), \u0153uvres musicales uniques qui sont interpr\u00e9t\u00e9es par 130 choristes accompagn\u00e9s par un orchestre de 40 musiciens. C\u2019est un moment magique et fascinant par tant de conviction\u00a0![\/vc_column_text][\/vc_column][\/vc_row][vc_row][vc_column][vc_empty_space height=\u00a0\u00bb30&Prime;][\/vc_column][\/vc_row][vc_row][vc_column][vc_single_image image=\u00a0\u00bb3649&Prime; img_size=\u00a0\u00bbfull\u00a0\u00bb alignment=\u00a0\u00bbcenter\u00a0\u00bb][\/vc_column][\/vc_row][vc_row][vc_column][vc_empty_space height=\u00a0\u00bb30&Prime;][\/vc_column][\/vc_row][vc_row][vc_column][vc_column_text]<\/p>\n<h2>La Catalogne Sud n\u2019est pas en reste<\/h2>\n<p>En Catalogne Sud, la ferveur est moindre que dans le reste de l\u2019Espagne pendant la Semaine sainte. Mais des processions ont lieu un peu partout. Les plus spectaculaires et connues diff\u00e8rent de la Sanch, mais sont tout aussi impressionnantes.<\/p>\n<p><strong>A Verges, la nuit du jeudi saint<\/strong>, vous pourrez assister \u00e0 la tr\u00e8s c\u00e9l\u00e8bre \u00ab\u00a0<strong>Danse de la mort<\/strong>\u00a0\u00bb. Dans le cadre m\u00e9di\u00e9val de ce petit village de l\u2019Empord\u00e0, cette procession macabre met en sc\u00e8ne 5 squelettes \u00e9clair\u00e9s par des torches qui dansent au son de tambours accompagn\u00e9s de personnages v\u00eatus de robes noires. Cette manifestation spectaculaire et unique est class\u00e9e par l\u2019UNESCO au patrimoine immat\u00e9riel de l\u2019humanit\u00e9.<\/p>\n<p><strong>Changement d\u2019ambiance \u00e0 Badalona<\/strong> sur la Costa Brava, pr\u00e8s de Barcelone. Ici, le silence est roi en ce jour du jeudi saint\u00a0! Une foule totalement silencieuse d\u00e9ambule dans les rues m\u00e9di\u00e9vales et, cierge \u00e0 la main, \u00e9clairent la nuit noire pour cette <strong>Procession du silence<\/strong>. Le silence total est pesant, oppressant, vous n\u2019oserez \u00e9mettre aucun son, mais n\u2019oubliez pas de lever les yeux pour vous \u00e9merveiller de la vision de toutes ces lumi\u00e8res qui \u00e9clairent chaque fen\u00eatre de la ville.<\/p>\n<p><strong>A Sant Hilari Sacalm<\/strong>, petit village de montagne, dans la province de G\u00e9rone, la Passion du Christ se traduit par <strong>un Chemin de croix vivant et nocturne<\/strong> et mis en sc\u00e8ne jusqu\u2019\u00e0 la crucifixion qui se d\u00e9roule sur une colline o\u00f9 toute la mise en sc\u00e8ne b\u00e9n\u00e9ficie d\u2019une mise en lumi\u00e8re spectaculaire. Le cort\u00e8ge mobilise 300 personnages. Pendant la semaine sainte, vous pourrez m\u00eame visiter un camp romain reconstitu\u00e9.<\/p>\n<p>Enfin, <strong>G\u00e9rone <\/strong>organise entre autre la <strong>procession du Saint Enterrement<\/strong>, procession nocturne qui part de la Cath\u00e9drale. Le d\u00e9fil\u00e9 se compose de soldats romains, les \u00ab\u00a0<strong>Manaies de Girone<\/strong>\u00a0\u00bb qui avancent en frappant le sol avec leurs lances rythmant la marche et donnant une ambiance sombre, ils sont accompagn\u00e9s de\u00a0 chars des confr\u00e9ries, r\u00e9f\u00e9rences au chemin de croix de J\u00e9sus.<\/p>\n<p>Que vous soyez en France ou en Espagne pour le week-end de P\u00e2ques, la Catalogne saura vous offrir des spectacles uniques, myst\u00e9rieux et poignants. Vous pourrez vibrer avant de festoyer le dimanche car la gastronomie vient \u00e0 point apr\u00e8s une p\u00e9riode de car\u00eame pour les religieux.[\/vc_column_text][\/vc_column][\/vc_row][vc_row][vc_column][vc_empty_space][\/vc_column][\/vc_row][vc_row][vc_column][vc_empty_space height=\u00a0\u00bb50px\u00a0\u00bb][\/vc_column][\/vc_row]<\/p>\n","protected":false},"excerpt":{"rendered":"[vc_row][vc_column][vc_empty_space height=\"50px\"][\/vc_column][\/vc_row][vc_row][vc_column][vc_column_text]Avant P\u00e2ques, chaque Vendredi saint \u00e0 15h \u00e0 Perpignan la Catalane, une \u00e9trange procession r\u00e9unit une foule h\u00e9t\u00e9roclite de&hellip;","protected":false},"author":2,"featured_media":3646,"parent":1688,"menu_order":0,"comment_status":"closed","ping_status":"closed","template":"","meta":[],"_links":{"self":[{"href":"https:\/\/www.irouicome.com\/blog\/wp-json\/wp\/v2\/pages\/2045"}],"collection":[{"href":"https:\/\/www.irouicome.com\/blog\/wp-json\/wp\/v2\/pages"}],"about":[{"href":"https:\/\/www.irouicome.com\/blog\/wp-json\/wp\/v2\/types\/page"}],"author":[{"embeddable":true,"href":"https:\/\/www.irouicome.com\/blog\/wp-json\/wp\/v2\/users\/2"}],"replies":[{"embeddable":true,"href":"https:\/\/www.irouicome.com\/blog\/wp-json\/wp\/v2\/comments?post=2045"}],"version-history":[{"count":4,"href":"https:\/\/www.irouicome.com\/blog\/wp-json\/wp\/v2\/pages\/2045\/revisions"}],"predecessor-version":[{"id":3859,"href":"https:\/\/www.irouicome.com\/blog\/wp-json\/wp\/v2\/pages\/2045\/revisions\/3859"}],"up":[{"embeddable":true,"href":"https:\/\/www.irouicome.com\/blog\/wp-json\/wp\/v2\/pages\/1688"}],"wp:featuredmedia":[{"embeddable":true,"href":"https:\/\/www.irouicome.com\/blog\/wp-json\/wp\/v2\/media\/3646"}],"wp:attachment":[{"href":"https:\/\/www.irouicome.com\/blog\/wp-json\/wp\/v2\/media?parent=2045"}],"curies":[{"name":"wp","href":"https:\/\/api.w.org\/{rel}","templated":true}]}}