{"id":4388,"date":"2018-09-06T20:15:44","date_gmt":"2018-09-06T18:15:44","guid":{"rendered":"https:\/\/www.irouicome.com\/blog\/?page_id=4388"},"modified":"2020-11-23T18:43:02","modified_gmt":"2020-11-23T17:43:02","slug":"francia","status":"publish","type":"page","link":"https:\/\/www.irouicome.com\/blog\/es\/pais-catalan\/los-lugares-a-descubrir-cataluna\/francia\/","title":{"rendered":"Francia"},"content":{"rendered":"<p>[vc_row][vc_column][vc_column_text]<\/p>\n<h2>Lugares para descubrir en Catalu\u00f1a Norte<\/h2>\n<p>[\/vc_column_text][vc_empty_space height=\u00a0\u00bb40px\u00a0\u00bb][\/vc_column][\/vc_row][vc_row][vc_column][vc_separator][\/vc_column][\/vc_row][vc_row][vc_column][vc_empty_space height=\u00a0\u00bb25px\u00a0\u00bb][\/vc_column][\/vc_row][vc_row class=\u00a0\u00bbrow-flex\u00a0\u00bb][vc_column width=\u00a0\u00bb1\/6&Prime;][vc_single_image image=\u00a0\u00bb1755&Prime; img_size=\u00a0\u00bbfull\u00a0\u00bb alignment=\u00a0\u00bbcenter\u00a0\u00bb][\/vc_column][vc_column width=\u00a0\u00bb5\/6&Prime; css=\u00a0\u00bb.vc_custom_1510053487436{border-left-width: 2px !important;padding-top: 0px !important;border-left-color: #e07e1d !important;border-left-style: solid !important;}\u00a0\u00bb][vc_column_text]<strong>\u00bfSab\u00edas qu\u00e9?<\/strong><\/p>\n<p><em>El norte del \u201cPa\u00eds Catal\u00e1n\u201d comprende varias zonas.\u00a0En el lado franc\u00e9s; Capcir, Conflent\u00a0, Alb\u00e8res, Cerdagne, Aspre,\u00a0Vallespir\u00a0y Fenouill\u00e8des\u00a0lo componen.\u00a0Claramente, se refiere a una gran\u00a0parte de Rosell\u00f3n.<\/em><em>.<\/em>[\/vc_column_text][\/vc_column][\/vc_row][vc_row][vc_column][vc_empty_space height=\u00a0\u00bb25px\u00a0\u00bb][\/vc_column][\/vc_row][vc_row][vc_column][vc_separator][\/vc_column][\/vc_row][vc_row][vc_column][vc_empty_space height=\u00a0\u00bb40px\u00a0\u00bb][\/vc_column][\/vc_row][vc_row][vc_column][vc_column_text]La parte francesa del pa\u00eds catal\u00e1n tiene una gran cantidad de sitios para descubrir.\u00a0Aqu\u00ed hay una lista no exhaustiva que pronto ir\u00e1 creciendo:<\/p>\n<ul>\n<li><a href=\"https:\/\/www.irouicome.com\/blog\/es\/pais-catalan\/los-lugares-a-descubrir-cataluna\/francia\/amelie-les-bains-2\/\" target=\"_blank\" rel=\"noopener\"><strong>Am\u00e9lie-les-bains Palalda<\/strong><\/a>: Muy cerca de la frontera espa\u00f1ola, el rico patrimonio hist\u00f3rico de esta ciudad ha representado durante mucho tiempo un inter\u00e9s territorial, tanto para Francia como para Espa\u00f1a. Muchos van en b\u00fasqueda de un tratamiento de spa saludable (reumatolog\u00eda y cuidado respiratorio) que Am\u00e9lie-les-bains ha hecho de s\u00ed una especialidad.<\/li>\n<li><a href=\"https:\/\/www.irouicome.com\/blog\/pays-catalan\/lieux-a-decouvrir\/france\/stations-ski-pyrenees-orientales\/angles\/\"><strong>Angles (les)<\/strong><\/a>\u00a0: En el coraz\u00f3n de los Pirineos, este pueblo es famoso por su \u00e1rea de esqu\u00ed ultra moderna.\u00a0Sin embargo, los alrededores merecen ser explorados.\u00a0Entre los lagos salvajes y los centros de ocio, Les Angles es el refugio ideal para una excursi\u00f3n familiar.<\/li>\n<li><a href=\"https:\/\/www.irouicome.com\/blog\/pays-catalan\/lieux-a-decouvrir\/france\/argeles-sur-mer-2\/\"><strong>Argel\u00e8s-sur-mer<\/strong><\/a> : Entre la ociosidad en las playas, las piedras antiguas y la gastronom\u00eda catalana, este peque\u00f1o pueblo costero definitivamente tiene todo para complacer.<\/li>\n<li><a href=\"https:\/\/www.irouicome.com\/blog\/pays-catalan\/lieux-a-decouvrir\/france\/banyuls\/\"><strong>Banyuls<\/strong><\/a> : Banyuls es un peque\u00f1o pueblo hermoso en la costa de Vermeille. Situado en el extremo de la cordillera de los Pirineos, donde la monta\u00f1a desemboca finalmente en el mar Mediterr\u00e1neo, Banyuls ofrece un ambiente \u00fanico y dulzura de la vida!<\/li>\n<li><strong><a href=\"https:\/\/www.irouicome.com\/blog\/es\/pais-catalan\/los-lugares-a-descubrir-cataluna\/francia\/le-barcares\/\" target=\"_blank\" rel=\"noopener\">Barcar\u00e8s (le)<\/a><\/strong>: Conocida por sus hermosas playas de arena, la limpieza de sus aguas, sus numerosas instalaciones dedicadas a las vacaciones familiares, su mercado navide\u00f1o y el Festival Electrobeach, \u00a1he aqu\u00ed una ciudad multifac\u00e9tica!<\/li>\n<li><a href=\"https:\/\/www.irouicome.com\/blog\/es\/pais-catalan\/los-lugares-a-descubrir-cataluna\/francia\/canet-en-rousillon-2\/\" target=\"_blank\" rel=\"noopener\"><strong>Canet<\/strong><\/a>: Conocida por su playa y sus lugares de salida imperdibles (la colina de los ocios y la famosa \u00ab\u00a0Calle de la sed\u00a0\u00bb), Canet es el segundo balneario de los Pirineos Orientales m\u00e1s frecuentado, \u00a1con un patrimonio arquitect\u00f3nico muy rico y variado!<\/li>\n<li><a href=\"https:\/\/www.irouicome.com\/blog\/pays-catalan\/lieux-a-decouvrir\/france\/le-canigou\/\"><strong>Canigou<\/strong><\/a>: El Pico del Canig\u00f3 es el m\u00e1s alto, el Pa\u00eds Catal\u00e1n y Catalu\u00f1a combinados. De pie a m\u00e1s de 3000 m, esta cumbre es el escenario de un magn\u00edfico espect\u00e1culo, cuando llega el San Juan. Al mismo tiempo temido y respetado, este macizo catal\u00e1n siempre ha tenido un lugar privilegiado en el coraz\u00f3n de los cuentos y leyendas de la regi\u00f3n. \u00a1Amantes de la naturaleza, prepara tus botas de monta\u00f1a, excelentes rutas de senderismo te esperan!<\/li>\n<li><a href=\"https:\/\/www.irouicome.com\/blog\/es\/pais-catalan\/los-lugares-a-descubrir-cataluna\/francia\/casteil-2\/\" target=\"_blank\" rel=\"noopener\"><strong>Casteil<\/strong><\/a>: este pueblo hist\u00f3rico rodeado de naturaleza ofrece una magn\u00edfica vista panor\u00e1mica de los picos de las monta\u00f1as que lo rodean. Adem\u00e1s, est\u00e1 lleno de actividades y eventos para ofrecerte una combinaci\u00f3n de deporte, calma y relajaci\u00f3n con barranquismo, escalada o el famoso parque de animales donde se alojan los leones blancos.<\/li>\n<li><a href=\"https:\/\/www.irouicome.com\/blog\/pays-catalan\/lieux-a-decouvrir\/france\/castelnou\/\"><strong>Castelnou<\/strong><\/a>\u00a0: Son m\u00e1s de 10 siglos de historia y arquitecturas antiguas las que contemplar\u00e1s mientras paseas por este pueblo.\u00a0Con su fortaleza medieval en la lista de los principales lugares de Francia, el pueblo se encuentra en un hermoso entorno natural.<\/li>\n<li><a href=\"https:\/\/www.irouicome.com\/blog\/pays-catalan\/lieux-a-decouvrir\/france\/ceret\/\"><strong>C\u00e9ret<\/strong><\/a> : pueblo del Vallespir, Ceret est\u00e1 a pocos kil\u00f3metros de la costa Vermeille (Bermeja).\u00a0Hermosas construcciones del siglo XIII son evidencia del pasado de la ciudad.\u00a0Adorado por grandes pintores por su luz, C\u00e9ret le da un lugar de honor a las artes.<\/li>\n<li><a href=\"https:\/\/www.irouicome.com\/blog\/pays-catalan\/lieux-a-decouvrir\/france\/collioure\/\"><strong>Collioure<\/strong><\/a>\u00a0: Famoso por su puerto y sus anchoas, este antiguo pueblo de pescadores ha conservado su car\u00e1cter.\u00a0Hablamos de la \u00ab\u00a0joya de la costa de Vermeille\u00a0\u00bb. Tambi\u00e9n apreciado por los pintores, Colliure ofrece una mezcla singular entre el suelo y el Mediterr\u00e1neo.<\/li>\n<li><a href=\"https:\/\/www.irouicome.com\/blog\/pays-catalan\/lieux-a-decouvrir\/france\/eus\/\"><strong>Eus<\/strong><\/a> : A pocos kil\u00f3metros del pico Canigo y de Perpi\u00f1\u00e1n, en el camino hacia Prades, se encuentra Eus.\u00a0Esta magn\u00edfica ciudad medieval rodeada de huertos ha existido por m\u00e1s de 10 siglos.<\/li>\n<li><a href=\"https:\/\/www.irouicome.com\/blog\/es\/pais-catalan\/los-lugares-a-descubrir-cataluna\/francia\/evol-2\/\" target=\"_blank\" rel=\"noopener\"><strong>Evol<\/strong><\/a>: Ubicado en el Conflent, a la entrada de los Pirineos catalanes, Evol es un peque\u00f1o pueblo pintoresco cuyos trazos caracter\u00edsticos son encantadores. Puedes visitar el museo de artes y tradiciones populares y el gabinete literario del escritor Ludovic Mass\u00e9. Consejo de amigo: \u00a1prepara buenos zapatos para caminar por sus calles!<\/li>\n<li><a href=\"https:\/\/www.irouicome.com\/blog\/pays-catalan\/lieux-a-decouvrir\/france\/stations-ski-pyrenees-orientales\/font-romeu\/\"><strong>Font Romeu<\/strong><\/a> : Famoso por sus pistas de esqu\u00ed, Font-Romeu se encuentra en el coraz\u00f3n del Pirineo Catal\u00e1n. Los amantes de la naturaleza del campo podr\u00e1n visitar las playas de Venecia y visitar las laderas nevadas en invierno. \u00a1Un peque\u00f1o viaje en tren amarillo el regalo descubrir la regi\u00f3n de manera diferente!<\/li>\n<li><a href=\"https:\/\/www.irouicome.com\/blog\/es\/pais-catalan\/los-lugares-a-descubrir-cataluna\/francia\/stations-ski-pyrenees\/formigueres\/\" target=\"_blank\" rel=\"noopener\"><strong>Formigu\u00e8res<\/strong> <\/a>: Situado en los Pirineos Orientales, en el coraz\u00f3n del Parque Natural Regional de los Pirineos catalanes, el peque\u00f1o pueblo tradicional de monta\u00f1a Formigu\u00e8res se encuentra a 1500m de altitud. Capital hist\u00f3rica de la meseta de Capcir, fue residencia de verano de los reyes de Mallorca y a\u00fan conserva los restos de esa \u00e9poca.<\/li>\n<li><strong><a href=\"https:\/\/www.irouicome.com\/blog\/es\/pais-catalan\/los-lugares-a-descubrir-cataluna\/francia\/illes-sur-tet-2\/\" target=\"_blank\" rel=\"noopener\">Ille-sur-t\u00eat<\/a>\u00a0<\/strong>: a medio camino entre el macizo del Canig\u00f3 y Perpi\u00f1\u00e1n, Ille sur T\u00eat se encuentra en el coraz\u00f3n del Riberal. Un \u00e1rea salpicada de huertos, canales, arroyos. Su formidable patrimonio arquitect\u00f3nico te ofrece ver sus numerosos monumentos religiosos, pero tambi\u00e9n y especialmente los \u00f3rganos de Ille, que son el resultado de la erosi\u00f3n natural, \u00a1un espect\u00e1culo que no debe perderse!<\/li>\n<li><a href=\"https:\/\/www.irouicome.com\/blog\/es\/pais-catalan\/los-lugares-a-descubrir-cataluna\/francia\/maury-2\/\" target=\"_blank\" rel=\"noopener\"><strong>Maury<\/strong><\/a>: \u00a1En el coraz\u00f3n de Corbi\u00e8res, Maury es un pueblo conocido sobre todo por su terru\u00f1o de vinos cuya bodega cooperativa data de 1910! Hay senderos trampantojo, hermosos paseos y la oportunidad de descubrir los castillos c\u00e1taros. Este peque\u00f1o pueblo catal\u00e1n es m\u00e1s rico de lo que parece a primera vista.<\/li>\n<li><a href=\"https:\/\/www.irouicome.com\/blog\/pays-catalan\/lieux-a-decouvrir\/france\/parc-naturel-regional-pyrenees-catalanes\/\"><strong>Parque Natural R\u00e9gional de los Pirineos Catalanes<\/strong><\/a>: Santuario de vegetaci\u00f3n en el coraz\u00f3n de los Pirineos, este parque cubre casi 137,000 hect\u00e1reas. Lleno de rutas de senderismo y pintorescos pasos, es particularmente apreciado por la riqueza de su naturaleza. Nataci\u00f3n, paseos, deportes de monta\u00f1a est\u00e1n disponibles en todas sus formas. \u00a1El mejor destino familiar!<\/li>\n<li><a href=\"https:\/\/www.irouicome.com\/blog\/pays-catalan\/lieux-a-decouvrir\/france\/perpignan\/\"><strong>Perpi\u00f1\u00e1n<\/strong><\/a>: \u00a1La capital del <em>\u00ab\u00a0Pays catal\u00e1n\u00a0\u00bb<\/em>! En la frontera entre Francia y Espa\u00f1a, Perpignan ha sido escenario y testigo de muchos episodios hist\u00f3ricos tormentosos. Entre mar y monta\u00f1a, Perpignan se encuentra en una zona tranquila de la llanura del Rosell\u00f3n. Ba\u00f1ado por la luz del sol, Perpi\u00f1\u00e1n combina el terroir de la tierra con la del mar. No olvidemos que el gran Salvador Dal\u00ed ten\u00eda mucho cari\u00f1o por esta ciudad&#8230;<\/li>\n<li><strong><a href=\"https:\/\/www.irouicome.com\/blog\/es\/pais-catalan\/los-lugares-a-descubrir-cataluna\/francia\/stations-ski-pyrenees\/porte-puymorens\/\" target=\"_blank\" rel=\"noopener\">Port\u00e9-Puymorens<\/a>\u00a0<\/strong>: situado en el coraz\u00f3n de los Pirineos, a la entrada del Parque Regional de los Pirineos catalanes, el peque\u00f1o pueblo de Port\u00e9-Puymorens esconde muchos tesoros. Encontrar\u00e1s en esta estaci\u00f3n 4 estaciones, siempre algo que hacer. \u00a1Invierno o verano, Port\u00e9-Puymorens lo deleitar\u00e1!<\/li>\n<li><a href=\"https:\/\/www.irouicome.com\/blog\/pays-catalan\/lieux-a-decouvrir\/france\/port-vendres\/\"><strong>Port Vendres<\/strong><\/a> : A solo un tiro de piedra de Espa\u00f1a, Port Vendres se encuentra en la frontera entre los 2 pa\u00edses. Tan conocido por su puerto como por los huertos del interior del Rosell\u00f3n, Port Vendres posee al mismo tiempo el encanto de la costa mediterr\u00e1nea, y el encanto de la monta\u00f1a y la masiva Alb\u00e8res. Una regi\u00f3n que encantar\u00e1 a los golosos.<\/li>\n<li><a href=\"https:\/\/www.irouicome.com\/blog\/es\/pais-catalan\/los-lugares-a-descubrir-cataluna\/francia\/prats-de-mollo\/\" target=\"_blank\" rel=\"noopener\"><strong>Prats-de-Mollo-la-Preste\u00a0<\/strong><\/a>: Esta gran ciudad hist\u00f3rica, guardiana de la frontera franco-espa\u00f1ola, perpet\u00faa los valores y tradiciones catalanas. Situado en un magn\u00edfico entorno verde del Vallespir te da la impresi\u00f3n de estar en el fin de la tierra. La tranquilidad que lo rodea est\u00e1 reforzada por el Fuerte Lagarde que lo vigila. Un simple desv\u00edo no ser\u00e1 suficiente para descubrir toda la riqueza de Prats y sus alrededores.<\/li>\n<li><a href=\"https:\/\/www.irouicome.com\/blog\/es\/pais-catalan\/los-lugares-a-descubrir-cataluna\/francia\/stations-ski-pyrenees\/puyvalador\/\" target=\"_blank\" rel=\"noopener\"><strong>Puyvalador\u00a0<\/strong><\/a>: ubicado a 1.700 m de altitud, Puyvalador es un peque\u00f1o complejo familiar que ha conservado su aspecto salvaje y que sin duda ser\u00e1 la delicia de los amantes de la naturaleza en busca de un entorno respetado, espacios abiertos y aire limpio.<\/li>\n<li><strong><a href=\"https:\/\/www.irouicome.com\/blog\/es\/pais-catalan\/los-lugares-a-descubrir-cataluna\/francia\/rivesaltes-2\/\" target=\"_blank\" rel=\"noopener\">Rivesaltes<\/a>\u00a0<\/strong>:\u00a0comuna catalana conocida m\u00e1s all\u00e1 de las fronteras del hex\u00e1gono por sus dulces vinos naturales (VDN) y su campamento militar que data de la Segunda Guerra Mundial. Actualmente, hay un monumento y hermosas vi\u00f1as, \u00a1pero no solo eso! De hecho, Rivesaltes se ha modernizado y posee el reloj de sol m\u00e1s grande de Europa y una industria de alta tecnolog\u00eda con su estaci\u00f3n de energ\u00eda de protecci\u00f3n solar.<\/li>\n<li><strong><a href=\"https:\/\/www.irouicome.com\/blog\/es\/pais-catalan\/los-lugares-a-descubrir-cataluna\/francia\/san-cipriano\/\" target=\"_blank\" rel=\"noopener\">San-Cipri\u00e1n<\/a>\u00a0<\/strong>: ciudad piloto del proyecto europeo Odyssea, Saint-Cyprien combina tierra y mar, la garant\u00eda de una experiencia \u00fanica. Aqu\u00ed, la costa y el terru\u00f1o se destacan para que los turistas puedan descubrir \u00a1la riqueza del Pa\u00eds Catal\u00e1n! Hablamos de un destino de excelencia, lo tiene todo para pasar unas vacaciones familiares perfectas.<\/li>\n<li><a href=\"https:\/\/www.irouicome.com\/blog\/pays-catalan\/lieux-a-decouvrir\/france\/salses\/\"><strong>Salses-le-Ch\u00e2teau<\/strong><\/a> : Situado al final de las Corbi\u00e8res mar\u00edtimas, Salses y su estanque forman parte de las lagunas de Languedoc. Territorio habitado por el hombre desde hace siglos, este peque\u00f1o pueblo ha sido escenario de muchos episodios hist\u00f3ricos.<\/li>\n<li><a href=\"https:\/\/www.irouicome.com\/blog\/es\/pais-catalan\/los-lugares-a-descubrir-cataluna\/francia\/argeles-sur-mer-2\/\" target=\"_blank\" rel=\"noopener\"><strong>Tautavel\u00a0<\/strong><\/a>: Conocido por sus vinos, Tautavel es sobre todo un sitio arqueol\u00f3gico sin precedentes que representa la cuna de la humanidad. Se ha descubierto un dep\u00f3sito de f\u00f3siles humanos, incluidos los huesos del m\u00e1s antiguo europeo conocido hoy: \u00a1hace m\u00e1s de 600 000 a\u00f1os! Sus restos est\u00e1n inscritos en el registro de monumentos hist\u00f3ricos: el castillo, la torre de Far, el muro de Moretti, las gargantas de Gouleyrous, el fresco sobre la universalidad del Hombre, etc.<\/li>\n<li><a href=\"https:\/\/www.irouicome.com\/blog\/es\/pais-catalan\/los-lugares-a-descubrir-cataluna\/francia\/torreilles\/\" target=\"_blank\" rel=\"noopener\"><strong>Torreilles<\/strong><\/a> : Situado en un entorno verde con una playa de 4 km de largo sin edificios de hormig\u00f3n a lo largo de ella, Torreilles es uno de esos raros pueblos costeros en el Pa\u00eds Catal\u00e1n para preservar su tipicidad y su generosa naturaleza. La playa est\u00e1 unida al pueblo por campos de albaricoques y olivos, cultivos y vi\u00f1edos. En resumen, mar, campo y viejo pueblo de car\u00e1cter, este es el encantador escenario de Torreilles.<\/li>\n<li><a href=\"https:\/\/www.irouicome.com\/blog\/pays-catalan\/lieux-a-decouvrir\/france\/villefranche-de-conflent\/\"><strong>Villefranche-de-Conflent<\/strong><\/a> : A solo unos kil\u00f3metros de Prades, enclavado pac\u00edficamente en el coraz\u00f3n de su valle, \u00a1Villefranche es una m\u00e1quina del tiempo al aire libre!<\/li>\n<li><a href=\"https:\/\/www.irouicome.com\/blog\/es\/pais-catalan\/los-lugares-a-descubrir-cataluna\/francia\/villeneuve-de-la-raho-2\/\" target=\"_blank\" rel=\"noopener\"><strong>Villeneuve-de-la-Raho<\/strong><\/a>: Ubicado a pocos kil\u00f3metros de Perpi\u00f1\u00e1n, este peque\u00f1o pueblo en el pa\u00eds catal\u00e1n es un lugar donde la gente de Perpi\u00f1\u00e1n viene a refrescarse voluntariamente en los hermosos d\u00edas que llegaron. Con sus tres embalses, este pueblo presenta el inter\u00e9s por poder sumergirse en el sol, sin tener que ir a la costa mediterr\u00e1nea.<\/li>\n<\/ul>\n<p>[\/vc_column_text][\/vc_column][\/vc_row]<\/p>\n","protected":false},"excerpt":{"rendered":"[vc_row][vc_column][vc_column_text] Lugares para descubrir en Catalu\u00f1a Norte [\/vc_column_text][vc_empty_space height=\"40px\"][\/vc_column][\/vc_row][vc_row][vc_column][vc_separator][\/vc_column][\/vc_row][vc_row][vc_column][vc_empty_space height=\"25px\"][\/vc_column][\/vc_row][vc_row class=\"row-flex\"][vc_column width=\"1\/6\"][vc_single_image image=\"1755\" img_size=\"full\" alignment=\"center\"][\/vc_column][vc_column width=\"5\/6\" css=\".vc_custom_1510053487436{border-left-width: 2px !important;padding-top: 0px&hellip;","protected":false},"author":4,"featured_media":0,"parent":4382,"menu_order":0,"comment_status":"closed","ping_status":"closed","template":"page-sidebar.php","meta":[],"_links":{"self":[{"href":"https:\/\/www.irouicome.com\/blog\/wp-json\/wp\/v2\/pages\/4388"}],"collection":[{"href":"https:\/\/www.irouicome.com\/blog\/wp-json\/wp\/v2\/pages"}],"about":[{"href":"https:\/\/www.irouicome.com\/blog\/wp-json\/wp\/v2\/types\/page"}],"author":[{"embeddable":true,"href":"https:\/\/www.irouicome.com\/blog\/wp-json\/wp\/v2\/users\/4"}],"replies":[{"embeddable":true,"href":"https:\/\/www.irouicome.com\/blog\/wp-json\/wp\/v2\/comments?post=4388"}],"version-history":[{"count":8,"href":"https:\/\/www.irouicome.com\/blog\/wp-json\/wp\/v2\/pages\/4388\/revisions"}],"predecessor-version":[{"id":29989,"href":"https:\/\/www.irouicome.com\/blog\/wp-json\/wp\/v2\/pages\/4388\/revisions\/29989"}],"up":[{"embeddable":true,"href":"https:\/\/www.irouicome.com\/blog\/wp-json\/wp\/v2\/pages\/4382"}],"wp:attachment":[{"href":"https:\/\/www.irouicome.com\/blog\/wp-json\/wp\/v2\/media?parent=4388"}],"curies":[{"name":"wp","href":"https:\/\/api.w.org\/{rel}","templated":true}]}}