{"id":5010,"date":"2018-02-23T09:09:18","date_gmt":"2018-02-23T08:09:18","guid":{"rendered":"https:\/\/www.irouicome.com\/blog\/pais-catalan\/los-lugares-a-descubrir-en-cataluna\/espana\/barcelone-la-traditionnelle\/"},"modified":"2019-01-30T16:47:55","modified_gmt":"2019-01-30T15:47:55","slug":"barcelona-tradicional","status":"publish","type":"page","link":"https:\/\/www.irouicome.com\/blog\/es\/pais-catalan\/los-lugares-a-descubrir-cataluna\/espana\/barcelona-tradicional\/","title":{"rendered":"Barcelona. Lo m\u00e1s Tradicional"},"content":{"rendered":"<p>[vc_row][vc_column][vc_empty_space height=\u00a0\u00bb50&Prime;][\/vc_column][\/vc_row][vc_row class=\u00a0\u00bbrow-flex\u00a0\u00bb][vc_column width=\u00a0\u00bb5\/12&Prime;][vc_single_image image=\u00a0\u00bb2312&Prime; img_size=\u00a0\u00bbfull\u00a0\u00bb alignment=\u00a0\u00bbcenter\u00a0\u00bb][\/vc_column][vc_column width=\u00a0\u00bb7\/12&Prime;][vc_row_inner][vc_column_inner width=\u00a0\u00bb2\/3&Prime;][vc_column_text]<b>Nombre<\/b>: Barcelona<br \/>\n<strong>Actividad<\/strong>: Turismo, Descubrimiento y actividades culturales<br \/>\n<strong>Especialidad<\/strong>: Gastronom\u00eda Catalana y Eventos culturales<br \/>\n<strong>Poco m\u00e1s<\/strong>: Actividades familiares y eventos durante todo el a\u00f1o<br \/>\n<strong>Localidad<\/strong>: Capital econ\u00f3mica y administrativa de Catalu\u00f1a, Catalu\u00f1a Sur (Espa\u00f1a)[\/vc_column_text][\/vc_column_inner][vc_column_inner width=\u00a0\u00bb1\/3&Prime;][vc_single_image image=\u00a0\u00bb2308&Prime; img_size=\u00a0\u00bbfull\u00a0\u00bb alignment=\u00a0\u00bbcenter\u00a0\u00bb][\/vc_column_inner][\/vc_row_inner][\/vc_column][\/vc_row][vc_row][vc_column][vc_empty_space height=\u00a0\u00bb50&Prime;][\/vc_column][\/vc_row][vc_row][vc_column][vc_separator][\/vc_column][\/vc_row][vc_row][vc_column][vc_empty_space height=\u00a0\u00bb50&Prime;][\/vc_column][\/vc_row][vc_row class=\u00a0\u00bbrow-flex\u00a0\u00bb][vc_column][vc_column_text]Cosmopolita, la ciudad de Barcelona tiene m\u00e1s de 4000 a\u00f1os de historia.\u00a0Sin embargo, es s\u00f3lo despu\u00e9s de la creaci\u00f3n de <strong>Barcino<\/strong>, un pueblo mercante romano escasamente poblado, que Barcelona experimentar\u00e1 un magn\u00edfico aumento en su historia. Con m\u00e1s de 5 millones de habitantes, el \u00e1rea metropolitana de Barcelona lleg\u00f3 a ser la und\u00e9cima ciudad en t\u00e9rminos de poblaci\u00f3n europea y la segunda en Espa\u00f1a despu\u00e9s\u00a0Madrid.<\/p>\n<p>Adem\u00e1s de las atracciones que pueden presumir de tener una gran ciudad, Barcelona tiene un encanto \u00fanico, sin duda debido a su privilegiada posici\u00f3n geogr\u00e1fica.\u00a0Su paseo mar\u00edtimo, la <strong>naturaleza<\/strong> y su <strong>vegetaci\u00f3n ubicua<\/strong>, la vida nocturna, as\u00ed como su esp\u00edritu modernista hacen que la hermosa ciudad catalana se distinga a nivel mundial&#8230; Situado entre el mar y las monta\u00f1as, las playas de <strong>Barcelona<\/strong>, \u200b\u200ben el interior, la misma cultura y el mismo amor de la tierra unen al pueblo catal\u00e1n.<\/p>\n<p>\u00a1Con un enfoque en la cultura y las artes,\u00a0Barcelona tiene un patrimonio arquitect\u00f3nico y cultural \u00fanico!\u00a0Desde la playa de la\u00a0Barceloneta, pasando por el centro de Barcelona, \u200b\u200bintentaremos hacerte descubrir los tesoros que esconde la capital catalana.[\/vc_column_text][\/vc_column][\/vc_row][vc_row][vc_column][vc_empty_space height=\u00a0\u00bb50&Prime;][\/vc_column][\/vc_row][vc_row][vc_column width=\u00a0\u00bb2\/3&Prime;][vc_gmaps link=\u00a0\u00bb#E-8_JTNDaWZyYW1lJTIwc3JjJTNEJTIyaHR0cHMlM0ElMkYlMkZ3d3cuZ29vZ2xlLmNvbSUyRm1hcHMlMkZlbWJlZCUzRnBiJTNEJTIxMW0xOCUyMTFtMTIlMjExbTMlMjExZDk1Nzc3LjMzOTA2MjQwNTcyJTIxMmQyLjA3ODcyNzQ0NDM5NzYxMSUyMTNkNDEuMzk0ODk3NTk0MjI3Nzg1JTIxMm0zJTIxMWYwJTIxMmYwJTIxM2YwJTIxM20yJTIxMWkxMDI0JTIxMmk3NjglMjE0ZjEzLjElMjEzbTMlMjExbTIlMjExczB4MTJhNDk4MTY3MThlMzBlNSUyNTNBMHg0NGIwZmIzZDRmNDc2NjBhJTIxMnNCYXJjZWxvbmUlMjUyQyUyQkVzcGFnbmUlMjE1ZTAlMjEzbTIlMjExc2ZyJTIxMnNmciUyMTR2MTUxOTM3NzMwMzk4NCUyMiUyMHdpZHRoJTNEJTIyNjAwJTIyJTIwaGVpZ2h0JTNEJTIyNDUwJTIyJTIwZnJhbWVib3JkZXIlM0QlMjIwJTIyJTIwc3R5bGUlM0QlMjJib3JkZXIlM0EwJTIyJTIwYWxsb3dmdWxsc2NyZWVuJTNFJTNDJTJGaWZyYW1lJTNF\u00a0\u00bb size=\u00a0\u00bb300&Prime;][\/vc_column][vc_column width=\u00a0\u00bb1\/3&Prime;][vc_column_text]<div id=\"wpc-weather-id-2102\" class=\"wpc-weather-id\" data-id=\"2102\" data-post-id=\"5010\" data-map=\"\" data-detect-geolocation=\"\" data-manual-geolocation=\"\" data-wpc-lat=\"\" data-wpc-lon=\"\" data-wpc-city-id=\"\" data-wpc-city-name=\"\" data-custom-font=\"\"><\/div>[\/vc_column_text][\/vc_column][\/vc_row][vc_row][vc_column][vc_empty_space height=\u00a0\u00bb50&Prime;][\/vc_column][\/vc_row][vc_row][vc_column][vc_column_text]<\/p>\n<h2>Barcelona y su historia<\/h2>\n<p>En Barcelona, aunque existieron asentamientos iberos, que se remontan a finales del Neol\u00edtico. Su historia como ciudad\u00a0es de hace 2.000 a\u00f1os, donde el Imperio Romano crea una colonia, llamaba entonces\u00a0Barcino, no m\u00e1s que una colonia romana con bajo nivel de poblaci\u00f3n.<\/p>\n<p>Sin embargo, su ubicaci\u00f3n geogr\u00e1fica r\u00e1pidamente la convirti\u00f3 en una ciudad importante.\u00a0El<strong> puerto de Barcelona<\/strong> es probablemente uno de los elementos que lo hicieron interesante.\u00a0Con una puerta al Mar Mediterr\u00e1neo, la ciudad pudo comerciar con el mundo &#8230; Y eso es lo que sucedi\u00f3.\u00a0El aspecto cosmopolita de la ciudad es un legado de esta \u00e9poca, durante el cual los comerciantes y navegantes extranjeros pisan tierra en esta regi\u00f3n catalana.\u00a0Debido a esto, se cre\u00f3 un \u00e1rea de intercambio cultural que le dio a la ciudad una importante mezcla cultural.<\/p>\n<p>Invadidos por los vikingos, \u00e1rabes, carolingios y los franceses,\u00a0Barcelona se aliment\u00f3 de estas incursiones y las utiliz\u00f3 para crear una identidad cultural propia.<\/p>\n<p>Debido a este pasado tumultuoso y rico, el centro de la ciudad ha conservado monumentos de aquellos tiempos tan lejanos.\u00a0Un laberinto de calles antiguas, el arte g\u00f3tico y otras piedras antiguas, Barcelona tiene una infinidad de sitios que merecen la pena visitar.\u00a0De\u00a0Barcino\u00a0a Barcelona, \u200b\u200baqu\u00ed est\u00e1n algunas de las pruebas arquitect\u00f3nicas m\u00e1s importantes de la ciudad.[\/vc_column_text][\/vc_column][\/vc_row][vc_row][vc_column][vc_empty_space height=\u00a0\u00bb50&Prime;][\/vc_column][\/vc_row][vc_row][vc_column][vc_column_text]<\/p>\n<h2>En el camino para descubrir Barcelona.<\/h2>\n<p>\u00a1La capital catalana te hace estar muy ocupado y no faltar\u00e1n atracciones tur\u00edsticas!<\/p>\n<p>Sin embargo, pasear por los barrios de Barcelona ya es una atracci\u00f3n en s\u00ed misma. Distrito hist\u00f3rico o distrito emblem\u00e1tico de la modernizaci\u00f3n de la ciudad, cada rinc\u00f3n tiene su particularidad.\u00a0E incluso si la\u00a0Sagrada\u00a0Familia es el monumento m\u00e1s popular de Barcelona, \u200b\u200bhay muchos m\u00e1s sitios y lugares de inter\u00e9s.<\/p>\n<p>Tomemos una peque\u00f1a descripci\u00f3n de los elementos imprescindibles de la ciudad.[\/vc_column_text][\/vc_column][\/vc_row][vc_row][vc_column][vc_empty_space height=\u00a0\u00bb30&Prime;][\/vc_column][\/vc_row][vc_row][vc_column][vc_column_text]<\/p>\n<h3>Les Ramblas (Les Rambles)<\/h3>\n<p>Il s\u2019agit d\u2019une des promenades principales de Barcelone. Cette rue est symbolique de l\u2019esprit de la ville. La vie y pullule \u00e0 toute heure de la journ\u00e9e et de la nuit. Elle rejoint la Place de Catalogne (Pla\u00e7a de Catalunya) d\u2019un c\u00f4t\u00e9, et le vieux port de l\u2019autre. A son extr\u00e9mit\u00e9 maritime, la colonne d\u00e9di\u00e9e \u00e0 Christophe Colomb regarde vers la mer.<\/p>\n<p>A noter qu\u2019il existe plusieurs Ramblas \u00e0 Barcelone, compte tenu du fait que ce nom signifie \u00ab\u00a0promenades\u00a0\u00bb ou \u00ab\u00a0all\u00e9es\u00a0\u00bb en fran\u00e7ais. Ainsi on trouve la Rambla Catalunya, la Rambla del Raval, la Rambla de Poblenou\u2026 M\u00eame si l\u2019art\u00e8re principale de Barcelone est l\u2019Avenida Diagonal, ou Ronda de Litoral, les Ramblas du centre de la ville restent un passage embl\u00e9matique de tout s\u00e9jour dans la capitale Catalane\u00a0!<\/p>\n<p>Au centre des Ramblas, se trouve le march\u00e9 couvert de la Boqueria. Ce march\u00e9 est une ode \u00e0 la cuisine catalane et \u00e0 ses produits gorg\u00e9s de soleil\u00a0! Les plus gourmands fondront de plaisir devant les \u00e9talages de sp\u00e9cialit\u00e9s\u2026 A vos fourchettes\u00a0!<\/p>\n<p>Impossible de visiter la ville sans passer par Les Ramblas\u00a0![\/vc_column_text][\/vc_column][\/vc_row][vc_row][vc_column][vc_empty_space height=\u00a0\u00bb30&Prime;][\/vc_column][\/vc_row][vc_row][vc_column width=\u00a0\u00bb1\/2&Prime;][vc_column_text]<\/p>\n<h3>El barrio g\u00f3tico (El Barri\u00a0Gotic)<\/h3>\n<p>Concentra casi todos los monumentos m\u00e1s antiguos de la ciudad.\u00a0Los amantes de la historia disfrutar\u00e1n de un paseo en medio de estas viejas piedras.<\/p>\n<p>Restos de los muros de la ciudad vieja, a trav\u00e9s de las columnas del templo de Augusto o el Palau de la\u00a0Generalitat\u00a0de\u00a0Catalu\u00f1a, tomar\u00e1 unas horas hacer una visita digna de ese nombre.\u00a0Este distrito alberga importantes monumentos de la historia de la ciudad.<\/p>\n<p>La catedral Sant Eulalie (Santa\u00a0Eulalia), la Pla\u00e7a\u00a0del\u00a0Pi, la Pla\u00e7a San Felipe de\u00a0Neri\u00a0y sus estigmas de la guerra,\u00a0son evidencia hist\u00f3rica y arquitect\u00f3nica que no puedes perderte.[\/vc_column_text][\/vc_column][vc_column width=\u00a0\u00bb1\/2&Prime;][vc_single_image image=\u00a0\u00bb8566&Prime; img_size=\u00a0\u00bbfull\u00a0\u00bb alignment=\u00a0\u00bbcenter\u00a0\u00bb][\/vc_column][\/vc_row][vc_row][vc_column][vc_empty_space height=\u00a0\u00bb30&Prime;][\/vc_column][\/vc_row][vc_row][vc_column][vc_column_text]<\/p>\n<h3>El\u00a0Eixample<\/h3>\n<p>Este distrito solo simboliza la renovaci\u00f3n de Barcelona.\u00a0A mediados\u00a0del\u00a0siglo XIX,\u00a0bajo la direcci\u00f3n del arquitecto\u00a0Ildefons\u00a0Cerd\u00e0, quien planific\u00f3 la ampliaci\u00f3n de la ciudad.\u00a0Se dise\u00f1\u00f3 no menos de 9km\u00b2 de extensi\u00f3n. Es en este distrito donde est\u00e1 la famosa Bas\u00edlica\u00a0de La\u00a0Sagrada\u00a0Familia, obra\u00a0del arquitecto\u00a0Gaud\u00ed.[\/vc_column_text][\/vc_column][\/vc_row][vc_row][vc_column][vc_empty_space height=\u00a0\u00bb50&Prime;][\/vc_column][\/vc_row][vc_row][vc_column][vc_separator][\/vc_column][\/vc_row][vc_row class=\u00a0\u00bbrow-flex\u00a0\u00bb][vc_column width=\u00a0\u00bb1\/6&Prime;][vc_single_image image=\u00a0\u00bb1753&Prime; img_size=\u00a0\u00bbfull\u00a0\u00bb alignment=\u00a0\u00bbcenter\u00a0\u00bb][\/vc_column][vc_column width=\u00a0\u00bb5\/6&Prime; css=\u00a0\u00bb.vc_custom_1510053487436{border-left-width: 2px !important;padding-top: 0px !important;border-left-color: #e07e1d !important;border-left-style: solid !important;}\u00a0\u00bb][vc_column_text]<strong>\u00bfSab\u00edas qu\u00e9?<\/strong><\/p>\n<p><em>Eixamplar<\/em>\u00a0<em>en catal\u00e1n, significa agrandar<\/em>. <em>La corriente modernista de la \u00e9poca no quiso dar nombre hist\u00f3rico a este distrito, y aqu\u00ed en nombre del Eixample.<\/em><\/p>\n<p><em>\u00a0<\/em>[\/vc_column_text][\/vc_column][\/vc_row][vc_row][vc_column][vc_separator][\/vc_column][\/vc_row][vc_row][vc_column][vc_empty_space height=\u00a0\u00bb50&Prime;][\/vc_column][\/vc_row][vc_row][vc_column][vc_column_text]Al mirar un mapa de Barcelona, \u200b\u200bel aspecto geom\u00e9trico del barrio salta a los ojos.\u00a0\u00a1Todo fue dise\u00f1ado geom\u00e9tricamente!\u00a0Con\u00a0la excepci\u00f3n de 3 avenidas,\u00a0todo lo que hay son calles paralelas y perpendiculares.\u00a0De hecho, la avenida de Meridiana y la\u00a0Avenida\u00a0Diagonal contrastan con esta cuadr\u00edcula perfecta.<\/p>\n<p>El Modernismo, estilo arquitect\u00f3nico del\u00a0siglo XIX, est\u00e1 muy extendida en la zona.\u00a0Sin embargo, es en otro distrito donde encuentras las evidencias de este estilo.[\/vc_column_text][\/vc_column][\/vc_row][vc_row][vc_column][vc_empty_space height=\u00a0\u00bb30&Prime;][\/vc_column][\/vc_row][vc_row][vc_column][vc_column_text]<\/p>\n<h3>El barrio de\u00a0Gr\u00e0cia<\/h3>\n<p>Gracia es uno de los m\u00e1s pintorescos y boh\u00e9micos barrios de la ciudad, caminar por sus peque\u00f1as calles con diferentes estilos de bares, museos, y tiendas artesanales es toda una experiencia. Es aqu\u00ed donde podemos comienza la avenida\u00a0Passeig\u00a0de\u00a0Gracia. Esta avenida puedes encontrar las obras modernistas m\u00e1s bellas.\u00a0Al menos 23 edificios en esta avenida se clasifican como Patrimonios Nacionales o de la Humanidad por la Unesco.<\/p>\n<p>Casa\u00a0Amatller, Casa\u00a0Batll\u00f3\u00a0y Leo\u00a0Morera\u00a0son ejemplos perfectos.\u00a0Los amantes de la arquitectura apreciar\u00e1n este paseo. Adem\u00e1s, conseguir\u00e1s variedad en tiendas y muchos museos.<\/p>\n<p>Este pasaje es un cruce simb\u00f3lico entre el paseo mar\u00edtimo y el lado monta\u00f1oso de la ciudad.\u00a0Barcelona es recordada por sus playas, pero el interior catal\u00e1n merece una visita garantizada.[\/vc_column_text][\/vc_column][\/vc_row][vc_row][vc_column][vc_empty_space height=\u00a0\u00bb30&Prime;][\/vc_column][\/vc_row][vc_row][vc_column width=\u00a0\u00bb1\/2&Prime;][vc_column_text]<\/p>\n<h3>La Sagrada Familia<\/h3>\n<p>\u00a1Esta bas\u00edlica en s\u00ed merece un art\u00edculo para hablar de su magnificencia!<\/p>\n<p>Esta obra del artista Antoni Gaud\u00ed se ha estado construyendo desde 1882.\u00a0El artista no ver\u00e1 su sue\u00f1o termiando.<\/p>\n<p>Todo lo construido durante la vida de Gaud\u00ed, est\u00e1 clasificado como Patrimonio Cultural de la Unesco.\u00a0Para visitar el sitio debes comprar tu ticket, aseg\u00farate de ir temprano.\u00a0De hecho, normal conseguir una cola interminable en frente del edificio.\u00a0Sin embargo, tener el privilegio y el placer de admirar la realizaci\u00f3n de un dulce so\u00f1ador como\u00a0Gaud\u00ed, vale la pena el tiempo.<\/p>\n<p>Es una imagen emblem\u00e1tica de la ciudad, esta bas\u00edlica es una de las visitas obligadas de la ciudad.[\/vc_column_text][\/vc_column][vc_column width=\u00a0\u00bb1\/2&Prime;][vc_single_image image=\u00a0\u00bb8559&Prime; img_size=\u00a0\u00bbfull\u00a0\u00bb alignment=\u00a0\u00bbcenter\u00a0\u00bb][\/vc_column][\/vc_row][vc_row][vc_column][vc_empty_space height=\u00a0\u00bb30&Prime;][\/vc_column][\/vc_row][vc_row][vc_column width=\u00a0\u00bb1\/2&Prime;][vc_single_image image=\u00a0\u00bb8573&Prime; img_size=\u00a0\u00bbfull\u00a0\u00bb alignment=\u00a0\u00bbcenter\u00a0\u00bb][\/vc_column][vc_column width=\u00a0\u00bb1\/2&Prime;][vc_column_text]<\/p>\n<h3>Barceloneta\u00a0y el puerto viejo (Porto\u00a0vell)<\/h3>\n<p>Este distrito de Barceloneta est\u00e1 frente al mar, antiguo barrio de pescadores, su renovaci\u00f3n fue realizada en 1992, para los Juegos Ol\u00edmpicos de Barcelona.<\/p>\n<p>Adem\u00e1s del paseo mar\u00edtimo, alberga el Museo de Historia de Catalu\u00f1a (Museo\u00a0de Historia de\u00a0Catalu\u00f1a) en los antiguos almacenes del puerto.\u00a0Toda la historia de la regi\u00f3n est\u00e1 all\u00ed.\u00a0Tambi\u00e9n est\u00e1 el Acuario de Barcelona, \u200b\u200bel m\u00e1s grande del mundo, en esta zona del mediterraneo.<\/p>\n<p>Tambi\u00e9n hay casinos, palacios y otros centros comerciales.\u00a0Lejos del distrito de pesca que era,\u00a0Barceloneta\u00a0ahora est\u00e1 a la vista.[\/vc_column_text][\/vc_column][\/vc_row][vc_row][vc_column][vc_empty_space height=\u00a0\u00bb50&Prime;][\/vc_column][\/vc_row][vc_row][vc_column][vc_column_text]<\/p>\n<h2>La ciudad de las mil riquezas<\/h2>\n<p>La lista exhaustiva de todos los sitios notables de la ciudad ser\u00eda muy dif\u00edcil de escribir.\u00a0Sin embargo, hay lugares y edificios que no se pueden ignorar:<\/p>\n<ul>\n<li><strong>Park\u00a0<\/strong><strong>G\u00fcell<\/strong>: El trabajo del arquitecto Gaudi, este parque combina visiones de ensue\u00f1o y naturaleza.\u00a017 hect\u00e1reas de jardines, fuentes y construcciones extra\u00f1as, todo cubierto de\u00a0mosaicos, han sido imaginadas por el arquitecto.\u00a0Este parque es un lugar de visita obligada durante su viaje a Barcelona.\u00a0\u00a1Un escenario verde y tranquilo, en una ciudad hiperactiva!<\/li>\n<li><strong>El parque de La\u00a0<\/strong><strong>Ciutadella<\/strong>:\u00a0Aqu\u00ed es donde tuvo lugar la Exposici\u00f3n Universal de 1888.\u00a0Incluye el Zoo de Barcelona, \u200b\u200bel Parlamento de Catalu\u00f1a y un hermoso museo de arte moderno.\u00a0La inmersi\u00f3n en este parque lo llevar\u00e1 lejos del bullicio de la ciudad &#8230;<\/li>\n<li><strong>Montjuic<\/strong>:Este cerro que domina la ciudad acoge el castillo de\u00a0\u00a0Esta fortaleza contiene un museo militar desde el final de la guerra civil.\u00a0Desde aqu\u00ed, veremos la ciudad con otro punto de vista. Tambi\u00e9n est\u00e1 Palau\u00a0Nacional, sede del famoso Museo Nacional de Arte Contempor\u00e1neo.<\/li>\n<\/ul>\n<p>Tambi\u00e9n podr\u00edamos hablar del Camp\u00a0Nou\u00a0y el j\u00fabilo que lo anima, o del telef\u00e9rico\u00a0a\u00a0Montjuic, dos de las particularidades de Barcelona.[\/vc_column_text][\/vc_column][\/vc_row][vc_row][vc_column][vc_empty_space height=\u00a0\u00bb50&Prime;][\/vc_column][\/vc_row][vc_row][vc_column][vc_column_text]<\/p>\n<h2>Barcelona: un destino que tiene mucho que ofrecer<\/h2>\n<p>De nuevo, es dif\u00edcil recorrer todo lo que Barcelona tiene para ofrecer.\u00a0Desde el punto de vista arquitect\u00f3nico y cultural, la ciudad est\u00e1 llena de historias centenarias que le han dado forma.\u00a0Emblema de Catalu\u00f1a, esta ciudad combina la tradici\u00f3n y la modernidad en la vida cotidiana. Profundamente unida a sus ra\u00edces, pero resueltamente moderna, Barcelona tiene todos los activos de una cosmopolita europea y del mundo.<\/p>\n<p>Si te gusta el mar o las monta\u00f1as, la fiesta o la calma, la ociosidad o las visitas culturales, Barcelona sabr\u00e1 c\u00f3mo llenarte a ti y a tus acompa\u00f1antes.\u00a0Un consejo: \u00a1Aprovechar al m\u00e1ximo![\/vc_column_text][\/vc_column][\/vc_row][vc_row][vc_column][vc_empty_space height=\u00a0\u00bb50&Prime;][\/vc_column][\/vc_row][vc_row][vc_column][vc_column_text]Para obtener m\u00e1s informaci\u00f3n sobre Barcelona, en el lado natural (parques y playas)<a href=\"https:\/\/www.irouicome.com\/blog\/es\/pais-catalan\/los-lugares-a-descubrir-cataluna\/espana\/barcelona-naturaleza-y-gastronomia\/\"> siga la gu\u00eda<\/a>![\/vc_column_text][\/vc_column][\/vc_row]<\/p>\n","protected":false},"excerpt":{"rendered":"[vc_row][vc_column][vc_empty_space height=\"50\"][\/vc_column][\/vc_row][vc_row class=\"row-flex\"][vc_column width=\"5\/12\"][vc_single_image image=\"2312\" img_size=\"full\" alignment=\"center\"][\/vc_column][vc_column width=\"7\/12\"][vc_row_inner][vc_column_inner width=\"2\/3\"][vc_column_text]Nombre: Barcelona Actividad: Turismo, Descubrimiento y actividades culturales Especialidad: Gastronom\u00eda Catalana y&hellip;","protected":false},"author":2,"featured_media":8559,"parent":4384,"menu_order":0,"comment_status":"closed","ping_status":"closed","template":"","meta":[],"_links":{"self":[{"href":"https:\/\/www.irouicome.com\/blog\/wp-json\/wp\/v2\/pages\/5010"}],"collection":[{"href":"https:\/\/www.irouicome.com\/blog\/wp-json\/wp\/v2\/pages"}],"about":[{"href":"https:\/\/www.irouicome.com\/blog\/wp-json\/wp\/v2\/types\/page"}],"author":[{"embeddable":true,"href":"https:\/\/www.irouicome.com\/blog\/wp-json\/wp\/v2\/users\/2"}],"replies":[{"embeddable":true,"href":"https:\/\/www.irouicome.com\/blog\/wp-json\/wp\/v2\/comments?post=5010"}],"version-history":[{"count":5,"href":"https:\/\/www.irouicome.com\/blog\/wp-json\/wp\/v2\/pages\/5010\/revisions"}],"predecessor-version":[{"id":8579,"href":"https:\/\/www.irouicome.com\/blog\/wp-json\/wp\/v2\/pages\/5010\/revisions\/8579"}],"up":[{"embeddable":true,"href":"https:\/\/www.irouicome.com\/blog\/wp-json\/wp\/v2\/pages\/4384"}],"wp:featuredmedia":[{"embeddable":true,"href":"https:\/\/www.irouicome.com\/blog\/wp-json\/wp\/v2\/media\/8559"}],"wp:attachment":[{"href":"https:\/\/www.irouicome.com\/blog\/wp-json\/wp\/v2\/media?parent=5010"}],"curies":[{"name":"wp","href":"https:\/\/api.w.org\/{rel}","templated":true}]}}