{"id":6504,"date":"2018-10-05T12:16:21","date_gmt":"2018-10-05T10:16:21","guid":{"rendered":"https:\/\/www.irouicome.com\/blog\/?page_id=6504"},"modified":"2019-01-30T14:41:37","modified_gmt":"2019-01-30T13:41:37","slug":"la-cabalgata-de-los-reyes-magos-parade-des-rois-mages","status":"publish","type":"page","link":"https:\/\/www.irouicome.com\/blog\/es\/pais-catalan\/tradiciones-catalanas\/la-cabalgata-de-los-reyes-magos-parade-des-rois-mages\/","title":{"rendered":"La cabalgata de los reyes magos (parade des rois mages)"},"content":{"rendered":"<p>[vc_row][vc_column][vc_empty_space height=\u00a0\u00bb70px\u00a0\u00bb][\/vc_column][\/vc_row][vc_row][vc_column][vc_column_text]<\/p>\n<p>Y s\u00ed, en Espa\u00f1a como en todas las regiones hispanas del mundo, los regalos no son tra\u00eddos por Santa, \u00a1sino por los Reyes Magos! Los ni\u00f1os esperan el 6 de enero para abrir sus regalos. \u00a1Pero no eso! De hecho, desde el 5 de enero, el festival comienza en Catalu\u00f1a, con los Reyes Magos durante la \u00ab\u00a0Cabalgata de los Reyes Magos\u00a0\u00bb.<\/p>\n<p>\u00a1En la tarde del 5 de enero, llegan a todas las ciudades y pueblos espa\u00f1oles para conocer a los ni\u00f1os y sus listas de deseos! Un gran desfile se organiza en cada ciudad, presentando a los Reyes Magos y su suite &#8230; Una procesi\u00f3n completa de p\u00e1ginas, cantantes y bailarines acompa\u00f1an el desfile.<\/p>\n<p>Los reyes generalmente se instalan en carrozas y lucen hermosos trajes coloridos y brillantes que le dan un toque m\u00e1gico al conjunto. En algunos lugares, los reyes extienden escaleras para llegar a los balcones y se invitan a la gente por un segundo, para el deleite de los m\u00e1s peque\u00f1os.<\/p>\n<p>La secuela de los reyes tambi\u00e9n es una misa colorida, compuesta por una multitud de coloridos disfraces, todo en una atm\u00f3sfera de alegr\u00eda y euforia infantil incomparable. Los tanques est\u00e1n decorados y llenos de dulces. Durante el desfile, se arrojan caramelos a los ni\u00f1os que vienen a ver el espect\u00e1culo y las calles se llenan r\u00e1pidamente de dulces. M\u00e1s que dulces, los peque\u00f1os vienen a buscar la magia de este desfile y sus ojos brillan a medida que aparecen los protagonistas.<\/p>\n<p>\u00a1Esta procesi\u00f3n termina al comienzo de la tarde, en el momento en que los m\u00e1s peque\u00f1os se acuestan para esperar hasta el amanecer m\u00e1s ansioso del a\u00f1o! Preparan sus zapatos para recibir todos los obsequios que han ordenado y es costumbre dejar algo de comida para los Reyes Magos y un sello de agua o heno para sus corceles (\u00a1tradicionalmente camellos!).<\/p>\n<p>\u00a1Y la ma\u00f1ana del 6 de enero, como por arte de magia, los regalos est\u00e1n en la cita y las golosinas dejadas para los Reyes han desaparecido![\/vc_column_text][\/vc_column][\/vc_row][vc_row][vc_column][vc_single_image image=\u00a0\u00bb8370&Prime; img_size=\u00a0\u00bbfull\u00a0\u00bb alignment=\u00a0\u00bbcenter\u00a0\u00bb][\/vc_column][\/vc_row][vc_row][vc_column el_class=\u00a0\u00bbtext\u00a0\u00bb][vc_empty_space height=\u00a0\u00bb20px\u00a0\u00bb][vc_column_text]<\/p>\n<h2>Una tradici\u00f3n profundamente arraigada, inspirada por el fervor cristiano<\/h2>\n<p>Si se eligi\u00f3 la fecha del 6 de enero, en lugar de la fecha del 25 de diciembre, debe seguir siendo la m\u00e1s fiel a la tradici\u00f3n cristiana.<\/p>\n<p>En lugar de celebrar el nacimiento de Jes\u00fas, es la llegada de los Reyes Magos y la Epifan\u00eda los que se celebran. Es este d\u00eda que el ni\u00f1o Jes\u00fas fue reconocido como el hijo de Dios.<\/p>\n<p>Aunque esta pr\u00e1ctica ha estado presente durante mucho tiempo en la tradici\u00f3n espa\u00f1ola, es solo desde finales del siglo XIX que se celebra de la manera que la conocemos. Interrumpido durante los per\u00edodos m\u00e1s oscuros de la historia ib\u00e9rica, no ha desaparecido, \u00a1al contrario!<\/p>\n<p>En algunas ciudades es tradicional que el alcalde mismo d\u00e9 la bienvenida a los Reyes Magos para que les conf\u00ede las llaves de la ciudad. \u00a1Por una noche, tienen el \u00ab\u00a0pase\u00a0\u00bb para ingresar a todos los hogares! \u00a1Todo un s\u00edmbolo!<\/p>\n<p>Si la ocasi\u00f3n lo invita a asistir, tendr\u00e1 derecho a uno de los momentos m\u00e1s m\u00e1gicos de la tradici\u00f3n espa\u00f1ola y catalana. Y si por casualidad sus hijos pueden ser parte de la fiesta, \u00a1ver\u00e1n en sus ojos toda la magia que esta tradici\u00f3n puede brindarles![\/vc_column_text][\/vc_column][\/vc_row][vc_row][vc_column][vc_empty_space height=\u00a0\u00bb50&Prime;][\/vc_column][\/vc_row]<\/p>\n","protected":false},"excerpt":{"rendered":"[vc_row][vc_column][vc_empty_space height=\"70px\"][\/vc_column][\/vc_row][vc_row][vc_column][vc_column_text] Y s\u00ed, en Espa\u00f1a como en todas las regiones hispanas del mundo, los regalos no son tra\u00eddos por&hellip;","protected":false},"author":4,"featured_media":8370,"parent":4390,"menu_order":0,"comment_status":"closed","ping_status":"closed","template":"","meta":[],"_links":{"self":[{"href":"https:\/\/www.irouicome.com\/blog\/wp-json\/wp\/v2\/pages\/6504"}],"collection":[{"href":"https:\/\/www.irouicome.com\/blog\/wp-json\/wp\/v2\/pages"}],"about":[{"href":"https:\/\/www.irouicome.com\/blog\/wp-json\/wp\/v2\/types\/page"}],"author":[{"embeddable":true,"href":"https:\/\/www.irouicome.com\/blog\/wp-json\/wp\/v2\/users\/4"}],"replies":[{"embeddable":true,"href":"https:\/\/www.irouicome.com\/blog\/wp-json\/wp\/v2\/comments?post=6504"}],"version-history":[{"count":3,"href":"https:\/\/www.irouicome.com\/blog\/wp-json\/wp\/v2\/pages\/6504\/revisions"}],"predecessor-version":[{"id":8375,"href":"https:\/\/www.irouicome.com\/blog\/wp-json\/wp\/v2\/pages\/6504\/revisions\/8375"}],"up":[{"embeddable":true,"href":"https:\/\/www.irouicome.com\/blog\/wp-json\/wp\/v2\/pages\/4390"}],"wp:featuredmedia":[{"embeddable":true,"href":"https:\/\/www.irouicome.com\/blog\/wp-json\/wp\/v2\/media\/8370"}],"wp:attachment":[{"href":"https:\/\/www.irouicome.com\/blog\/wp-json\/wp\/v2\/media?parent=6504"}],"curies":[{"name":"wp","href":"https:\/\/api.w.org\/{rel}","templated":true}]}}