{"id":6506,"date":"2018-10-05T12:07:32","date_gmt":"2018-10-05T10:07:32","guid":{"rendered":"https:\/\/www.irouicome.com\/blog\/?page_id=6506"},"modified":"2019-02-19T13:27:21","modified_gmt":"2019-02-19T12:27:21","slug":"la-fiesta-de-la-merce","status":"publish","type":"page","link":"https:\/\/www.irouicome.com\/blog\/es\/pais-catalan\/tradiciones-catalanas\/la-fiesta-de-la-merce\/","title":{"rendered":"La Fiesta de la Merc\u00e8"},"content":{"rendered":"<p>[vc_row][vc_column][vc_empty_space height=\u00a0\u00bb50px\u00a0\u00bb][\/vc_column][\/vc_row][vc_row][vc_column][vc_column_text]Cada 24 de septiembre, la ciudad de <a href=\"https:\/\/www.irouicome.com\/blog\/es\/pais-catalan\/los-lugares-a-descubrir-cataluna\/espana\/barcelona-naturaleza-y-gastronomia\/\"><strong>Barcelona<\/strong> <\/a>organiza la mayor fiesta de Catalu\u00f1a, rindiendo homenaje a<strong> La Mare de D\u00e9u de la Merc\u00e8<\/strong> <em>(Nuestra Se\u00f1ora de la Gracia)<\/em>. \u00a1La expresi\u00f3n \u00ab\u00a0Festa major\u00a0\u00bb no es exagerada!<\/p>\n<p>\u00a1Durante cuatro d\u00edas, la bella catalana est\u00e1 llena de vida y espect\u00e1culos! Al igual que Sant Joan, las celebraciones de La Merc\u00e8 marcan el cambio de estaci\u00f3n, con el abandono del verano y la llegada del oto\u00f1o. La oportunidad para los habitantes de Barcelona de encontrar su ciudad tan querida, vac\u00eda de la avalancha de turistas de verano.<\/p>\n<p><strong>No menos de 2 millones de personas<\/strong> participan en estas celebraciones para celebrar en diferentes partes de la ciudad y asistir a una multitud de espect\u00e1culos callejeros, desfiles y otros espect\u00e1culos de luces y pirotecnia.<\/p>\n<p>\u00a1Ven a descubrir Barcelona como nunca antes lo hab\u00edas visto![\/vc_column_text][\/vc_column][\/vc_row][vc_row][vc_column][vc_empty_space height=\u00a0\u00bb50px\u00a0\u00bb][\/vc_column][\/vc_row][vc_row][vc_column][vc_separator][\/vc_column][\/vc_row][vc_row class=\u00a0\u00bbrow-flex\u00a0\u00bb][vc_column width=\u00a0\u00bb1\/6&Prime;][vc_single_image image=\u00a0\u00bb1753&Prime; img_size=\u00a0\u00bbfull\u00a0\u00bb alignment=\u00a0\u00bbcenter\u00a0\u00bb][\/vc_column][vc_column width=\u00a0\u00bb5\/6&Prime; css=\u00a0\u00bb.vc_custom_1510053487436{border-left-width: 2px !important;padding-top: 0px !important;border-left-color: #e07e1d !important;border-left-style: solid !important;}\u00a0\u00bb][vc_column_text]<\/p>\n<p><strong>\u00bfSab\u00edas que?<\/strong><\/p>\n<p><em>Como prueba de que esta festividad es un evento cultural, el 24 de septiembre, la mayor\u00eda de los museos de la ciudad abren sus puertas de forma gratuita a todos. \u00a1Esta es la oportunidad de descubrir los incre\u00edbles tesoros que contienen!<\/em>[\/vc_column_text][\/vc_column][\/vc_row][vc_row][vc_column][vc_separator][\/vc_column][\/vc_row][vc_row][vc_column][vc_empty_space height=\u00a0\u00bb50&Prime;][\/vc_column][\/vc_row][vc_row][vc_column][vc_column_text]<\/p>\n<h2>\u00a1Una oda a la cultura catalana!<\/h2>\n<p>Como suele ocurrir en Catalu\u00f1a, como en el resto de la Pen\u00ednsula Ib\u00e9rica, es una celebraci\u00f3n religiosa que est\u00e1 en el origen de estas fiestas. El 24 de septiembre es el d\u00eda de la<strong> fiesta de la patrona de Barcelona<\/strong>.<\/p>\n<p>En esta ocasi\u00f3n, la quintaesencia de la identidad catalana se expresa a trav\u00e9s de eventos que punt\u00faan las celebraciones. Las arterias de Barcelona est\u00e1n llenas de multitudes, alrededor de los <a href=\"https:\/\/www.irouicome.com\/blog\/es\/pais-catalan\/tradiciones-catalanas\/los-gigantes-catalanes-els-gegants\/\"><strong>Gegants<\/strong><\/a>, <a href=\"https:\/\/www.irouicome.com\/blog\/es\/pais-catalan\/tradiciones-catalanas\/les-correfocs\/\"><strong>Correfocs<\/strong> <\/a>y otros <a href=\"https:\/\/www.irouicome.com\/blog\/es\/pais-catalan\/tradiciones-catalanas\/castells-y-castellers-las-torres-humanas-de-cataluna\/\"><strong>castells<\/strong><\/a>, tan t\u00edpicos del alma de la ciudad, la regi\u00f3n y su gente.[\/vc_column_text][\/vc_column][\/vc_row][vc_row][vc_column][vc_empty_space height=\u00a0\u00bb30&Prime;][\/vc_column][\/vc_row][vc_row][vc_column el_class=\u00a0\u00bbtext\u00a0\u00bb][vc_column_text]<\/p>\n<h3>El desfile de Gigantes<\/h3>\n<p>En la plaza de Sant Jaume, en el Barrio G\u00f3tico, los <strong>Gigantes<\/strong> y su \u00ab\u00a0<em>cola<\/em>\u00a0\u00bb (orquesta catalana) desfilan al son de panderetas y <strong>sardanas<\/strong>. Estas imponentes figuras est\u00e1n acompa\u00f1adas por el bestiario (<strong>bestiari<\/strong>) de la ciudad (halc\u00f3n, le\u00f3n, etc.).<\/p>\n<p>Durante su paso, los Gegants giran lentamente sobre s\u00ed mismos para ser vistos por todos. Capgrossos y Gegantets tambi\u00e9n los acompa\u00f1an. Este es un espect\u00e1culo para asistir con su familia![\/vc_column_text][\/vc_column][\/vc_row][vc_row][vc_column][vc_empty_space height=\u00a0\u00bb30&Prime;][\/vc_column][\/vc_row][vc_row][vc_column][vc_empty_space height=\u00a0\u00bb30&Prime;][\/vc_column][\/vc_row][vc_row][vc_column el_class=\u00a0\u00bbtext\u00a0\u00bb][vc_column_text]<\/p>\n<h3><a href=\"https:\/\/www.irouicome.com\/blog\/es\/pais-catalan\/tradiciones-catalanas\/les-correfocs\/\">Les Correfocs<\/a><\/h3>\n<p>Estas bandas de demonios equipados con sus fuegos artificiales, circulan en bandas por las calles de Barcelona. \u00a1Al anochecer, Via Laietana ve desfiles de <strong>demonios rojos<\/strong> sobreexcitados!<\/p>\n<p>2 desfiles est\u00e1n organizadas:<\/p>\n<ul>\n<li>El primero est\u00e1 dedicado a los ni\u00f1os. Las chispas son menos intensas y menos peligrosas. Comienza a las 18:30 para que los ni\u00f1os peque\u00f1os puedan asistir.<\/li>\n<li>El segundo desfile comienza m\u00e1s tarde, alrededor de las 22:30. Las hordas de demonios rojos invaden las calles acompa\u00f1adas de dragones que escupen fuego.<\/li>\n<\/ul>\n<p>\u00a1Planifique protegerse si planea asistir! Nuevamente, este es un espect\u00e1culo que no debe perderse. \u00a1El fervor y la energ\u00eda de la tradici\u00f3n catalana te devolver\u00e1n a la infancia![\/vc_column_text][\/vc_column][\/vc_row][vc_row][vc_column][\/vc_column][vc_empty_space height=\u00a0\u00bb50&Prime;][vc_row][\/vc_row][\/vc_row][vc_column][\/vc_column][vc_single_image image=\u00a0\u00bb8532&Prime; img_size=\u00a0\u00bbfull\u00a0\u00bb alignment=\u00a0\u00bbcenter\u00a0\u00bb][vc_row][vc_column][vc_separator][\/vc_column][\/vc_row][vc_row class=\u00a0\u00bbrow-flex\u00a0\u00bb][vc_column width=\u00a0\u00bb1\/6&Prime;][vc_single_image image=\u00a0\u00bb1753&Prime; img_size=\u00a0\u00bbfull\u00a0\u00bb alignment=\u00a0\u00bbcenter\u00a0\u00bb][\/vc_column][vc_column width=\u00a0\u00bb5\/6&Prime; css=\u00a0\u00bb.vc_custom_1510053487436{border-left-width: 2px !important;padding-top: 0px !important;border-left-color: #e07e1d !important;border-left-style: solid !important;}\u00a0\u00bb][vc_column_text]<\/p>\n<p><strong>\u00bfSab\u00edas que?<\/strong><\/p>\n<p><em>El 24 de septiembre es a menudo un d\u00eda lluvioso. \u00a1Los catalanes piensan que esta lluvia es causada por las l\u00e1grimas de tristeza de <strong>Santa Eulalia<\/strong>, la otra patrona de la ciudad!<\/em>[\/vc_column_text][\/vc_column][\/vc_row][vc_row][vc_column][vc_separator][\/vc_column][\/vc_row][vc_row][vc_column][vc_empty_space height=\u00a0\u00bb50&Prime;][\/vc_column][\/vc_row][vc_row][vc_column el_class=\u00a0\u00bbtext\u00a0\u00bb][vc_column_text]<\/p>\n<h3><a href=\"https:\/\/www.irouicome.com\/blog\/es\/pais-catalan\/tradiciones-catalanas\/castells-y-castellers-las-torres-humanas-de-cataluna\/\">Los castells<\/a><\/h3>\n<p>Estas son torres humanas que quiz\u00e1s ya hayas visto en im\u00e1genes o en la televisi\u00f3n &#8230; Profundamente arraigadas en la cultura catalana, estas torres humanas permiten que los equipos de castellers compitan con habilidad y audacia.<\/p>\n<p><strong>Pla\u00e7a Sant Jaume<\/strong>, el domingo por la ma\u00f1ana, las \u00ab\u00a0<em>collas castelleras<\/em>\u00a0\u00bb se encuentran cara a cara. \u00a1Algunos grupos logran elevar su construcci\u00f3n a 9 pisos! \u00a1Incre\u00edble, cuando sabes que un ni\u00f1o est\u00e1 en el \u00faltimo piso!<\/p>\n<p>\u00a1Un espect\u00e1culo que te dejar\u00e1 sin aliento con su intensidad y la pasi\u00f3n que anima el lugar![\/vc_column_text][\/vc_column][\/vc_row][vc_row][vc_column][vc_single_image image=\u00a0\u00bb3545&Prime; img_size=\u00a0\u00bbfull\u00a0\u00bb alignment=\u00a0\u00bbcenter\u00a0\u00bb][\/vc_column][\/vc_row][vc_row][vc_column][vc_empty_space height=\u00a0\u00bb30&Prime;][\/vc_column][\/vc_row][vc_row][vc_column][vc_column_text]<\/p>\n<h3>La m\u00fasica en el punto de mira<\/h3>\n<p>En toda la ciudad, se organizan conciertos gratuitos. Muestran la nueva escena musical, nacional e internacional, y ofrecen a todos una forma de disfrutar de su estilo musical favorito. Electro, pero tambi\u00e9n rock y pop te har\u00e1n vibrar durante los pocos d\u00edas del festival.<\/p>\n<p>El festival BAM (Barcelona Accio Musical) ofrece la oportunidad de asistir a conciertos en lugares inusuales. Por ejemplo, la Pla\u00e7a Reial, la Pla\u00e7a de Catalunya, el Parc del Forum y muchos otros lugares est\u00e1n llenos de escenas musicales y albergan una multitud de artistas. Una delicia![\/vc_column_text][\/vc_column][\/vc_row][vc_row][vc_column][vc_empty_space height=\u00a0\u00bb30&Prime;][\/vc_column][\/vc_row][vc_row][vc_column][vc_single_image image=\u00a0\u00bb8522&Prime; img_size=\u00a0\u00bbfull\u00a0\u00bb alignment=\u00a0\u00bbcenter\u00a0\u00bb][\/vc_column][\/vc_row][vc_row][vc_column][vc_empty_space height=\u00a0\u00bb50&Prime;][\/vc_column][\/vc_row][vc_row][vc_column][vc_column_text]<\/p>\n<h3>Artes en la calle<\/h3>\n<p>El <strong>parque de la Ciutadella,<\/strong> al igual que muchos lugares, alberga espect\u00e1culos callejeros durante todo el d\u00eda. Artes como el teatro, la danza, la m\u00fasica, pero tambi\u00e9n el circo son honrados.<\/p>\n<p>Cuando cae la noche, \u00a1es la luz lo que entra en juego! Los espect\u00e1culos basados en proyecciones de luz se llevan a cabo en el parque. La fachada del ayuntamiento tambi\u00e9n sirve como soporte para un hermoso mapeo, jugando con la arquitectura y la luz.<\/p>\n<p>En esta ocasi\u00f3n, las <strong>fuentes m\u00e1gicas de Montjuic<\/strong> es un espect\u00e1culo majestuoso que mezcla m\u00fasica y luz. El <strong>Museo de Arte Catal\u00e1n<\/strong> en el fondo le da un aspecto majestuoso a este espect\u00e1culo. Si su viaje a Barcelona le permite asistir, \u00a1no se pierda nada! Este es un espect\u00e1culo \u00fanico!<\/p>\n<p>[\/vc_column_text][\/vc_column][\/vc_row][vc_row][vc_column][\/vc_column][vc_empty_space height=\u00a0\u00bb50&Prime;][vc_row][\/vc_row][\/vc_row][vc_column][\/vc_column][vc_single_image image=\u00a0\u00bb8518&Prime; img_size=\u00a0\u00bbfull\u00a0\u00bb alignment=\u00a0\u00bbcenter\u00a0\u00bb][vc_row][vc_column][vc_column_text]<\/p>\n<p>Soy un bloque de texto. Haz clic en el bot\u00f3n Editar para cambiar este texto. Lorem ipsum dolor sit amet, consectetur adipiscing elit. Ut elit tellus, luctus nec ullamcorper mattis, pulvinar dapibus leo.<\/p>\n<p>[\/vc_column_text][\/vc_column][\/vc_row][vc_row][vc_column][vc_column_text]<\/p>\n<h3>4 d\u00edas de fiesta total!<\/h3>\n<p>La<strong> Fiesta de la Merc\u00e8<\/strong> es una oportunidad para descubrir esta cultura tan querida por los habitantes de la regi\u00f3n. \u00a1Durante este per\u00edodo, la vida nocturna es tan intensa como la del d\u00eda!<\/p>\n<p>Los e<strong>spect\u00e1culos pirot\u00e9cnicos<\/strong> cierran las celebraciones. Hay fuegos artificiales en todas partes en la ciudad. Sin embargo, hacia el paseo mar\u00edtimo, en la playa de la <strong>Barceloneta<\/strong>, se escuchan magn\u00edficos fuegos artificiales con m\u00fasica. \u00a1Esta es la oportunidad de terminar el d\u00eda o comenzar la noche! \u00a1Para cada uno su propio ritmo!<\/p>\n<p>Si su viaje a Espa\u00f1a o Catalu\u00f1a puede permitirle participar en estas <strong>festividades<\/strong>, \u00a1no lo dude! Esta es una oportunidad para apreciar mejor la cultura de la regi\u00f3n, as\u00ed como su patrimonio cultural. Tenga cuidado, la gente de Barcelona invierte mucha energ\u00eda en estas celebraciones, \u00a1que se toman muy en serio! \u00a1Sorpr\u00e9ndete con la riqueza de este patrimonio y la intensidad de la fiesta! Divi\u00e9rtete<\/p>\n<p>[\/vc_column_text][\/vc_column][\/vc_row][vc_row][vc_column][vc_empty_space height=\u00a0\u00bb50&Prime;][\/vc_column][\/vc_row]<\/p>\n","protected":false},"excerpt":{"rendered":"<p>[\/vc_row][\/vc_row]<\/p>\n","protected":false},"author":4,"featured_media":8531,"parent":4390,"menu_order":0,"comment_status":"closed","ping_status":"closed","template":"","meta":[],"_links":{"self":[{"href":"https:\/\/www.irouicome.com\/blog\/wp-json\/wp\/v2\/pages\/6506"}],"collection":[{"href":"https:\/\/www.irouicome.com\/blog\/wp-json\/wp\/v2\/pages"}],"about":[{"href":"https:\/\/www.irouicome.com\/blog\/wp-json\/wp\/v2\/types\/page"}],"author":[{"embeddable":true,"href":"https:\/\/www.irouicome.com\/blog\/wp-json\/wp\/v2\/users\/4"}],"replies":[{"embeddable":true,"href":"https:\/\/www.irouicome.com\/blog\/wp-json\/wp\/v2\/comments?post=6506"}],"version-history":[{"count":6,"href":"https:\/\/www.irouicome.com\/blog\/wp-json\/wp\/v2\/pages\/6506\/revisions"}],"predecessor-version":[{"id":9213,"href":"https:\/\/www.irouicome.com\/blog\/wp-json\/wp\/v2\/pages\/6506\/revisions\/9213"}],"up":[{"embeddable":true,"href":"https:\/\/www.irouicome.com\/blog\/wp-json\/wp\/v2\/pages\/4390"}],"wp:featuredmedia":[{"embeddable":true,"href":"https:\/\/www.irouicome.com\/blog\/wp-json\/wp\/v2\/media\/8531"}],"wp:attachment":[{"href":"https:\/\/www.irouicome.com\/blog\/wp-json\/wp\/v2\/media?parent=6506"}],"curies":[{"name":"wp","href":"https:\/\/api.w.org\/{rel}","templated":true}]}}